{"id":62323,"date":"2025-02-17T13:21:26","date_gmt":"2025-02-17T13:21:26","guid":{"rendered":"https:\/\/mexpo.pl?post_type=product&#038;p=62323"},"modified":"2025-05-20T12:57:02","modified_gmt":"2025-05-20T12:57:02","slug":"sistema-tourguide-para-guias-turisticos-e-interpretacion-okayo-wavetalk-s-1111c","status":"publish","type":"product","link":"https:\/\/mexpo.eu\/es\/produkt\/sistema-tourguide-para-guias-turisticos-e-interpretacion-okayo-wavetalk-s-1111c\/","title":{"rendered":"Sistema tourguide para gu\u00edas tur\u00edsticos e interpretaci\u00f3n Okayo WaveTalk | S+ (11+1+1)+C"},"content":{"rendered":"<p>Este sistema tourguide para gu\u00edas tur\u00edsticos o interpretes es peque\u00f1o y ultraligero. El sistema tourguide Okayo Wavetalk puede utilizarse tanto para visitas guiadas como para interpretaci\u00f3n simult\u00e1nea o audiodescripci\u00f3n.<\/p>\n<p><strong>Contenido del conjunto:<\/strong><br \/>\n&#8211; 11 receptores Okayo WaveTalk<br \/>\n&#8211; 1 transmisor Okayo WaveTalk y<br \/>\n&#8211; 1 transmisor en el micr\u00f3fono de mano Okayo TK-501H<br \/>\n&#8211; 1 cargador C-12<br \/>\n&#8211; 1 bolsa TB-TK-12<br \/>\n&#8211; 1 micr\u00f3fono LM<br \/>\n&#8211; 11 auriculares SH-2<br \/>\n&#8211; 50 cordones higi\u00e9nicos<br \/>\n&#8211; 15 clips para correas de cuello<\/p>\n<p><em>\u00a1Atenci\u00f3n! Las fotos presentadas son solo para ilustraci\u00f3n y no reflejan el contenido completo (cantidad) del conjunto vendido.<\/em><\/p>\n","protected":false},"excerpt":{"rendered":"<p>Este sistema tourguide para gu\u00edas tur\u00edsticos o interpretes es peque\u00f1o y ultraligero. El sistema tourguide Okayo Wavetalk puede utilizarse tanto para visitas guiadas como para interpretaci\u00f3n simult\u00e1nea o audiodescripci\u00f3n.<\/p>\n","protected":false},"featured_media":65431,"template":"","meta":{"_acf_changed":false},"product_brand":[],"product_cat":[5237],"product_tag":[],"class_list":{"0":"post-62323","1":"product","2":"type-product","3":"status-publish","4":"has-post-thumbnail","6":"product_cat-conjuntos-de-radioguias","8":"first","9":"instock","10":"taxable","11":"shipping-taxable","12":"purchasable","13":"product-type-simple"},"acf":[],"_links":{"self":[{"href":"https:\/\/mexpo.eu\/es\/wp-json\/wp\/v2\/product\/62323","targetHints":{"allow":["GET"]}}],"collection":[{"href":"https:\/\/mexpo.eu\/es\/wp-json\/wp\/v2\/product"}],"about":[{"href":"https:\/\/mexpo.eu\/es\/wp-json\/wp\/v2\/types\/product"}],"wp:featuredmedia":[{"embeddable":true,"href":"https:\/\/mexpo.eu\/es\/wp-json\/wp\/v2\/media\/65431"}],"wp:attachment":[{"href":"https:\/\/mexpo.eu\/es\/wp-json\/wp\/v2\/media?parent=62323"}],"wp:term":[{"taxonomy":"product_brand","embeddable":true,"href":"https:\/\/mexpo.eu\/es\/wp-json\/wp\/v2\/product_brand?post=62323"},{"taxonomy":"product_cat","embeddable":true,"href":"https:\/\/mexpo.eu\/es\/wp-json\/wp\/v2\/product_cat?post=62323"},{"taxonomy":"product_tag","embeddable":true,"href":"https:\/\/mexpo.eu\/es\/wp-json\/wp\/v2\/product_tag?post=62323"}],"curies":[{"name":"wp","href":"https:\/\/api.w.org\/{rel}","templated":true}]}}