{"id":62309,"date":"2025-02-17T13:21:08","date_gmt":"2025-02-17T13:21:08","guid":{"rendered":"https:\/\/mexpo.pl?post_type=product&#038;p=62309"},"modified":"2025-05-26T08:37:48","modified_gmt":"2025-05-26T08:37:48","slug":"sistema-tourguide-para-guias-turisticos-okayo-otg-102-mguide-us-ready-s-102c","status":"publish","type":"product","link":"https:\/\/mexpo.eu\/es\/produkt\/sistema-tourguide-para-guias-turisticos-okayo-otg-102-mguide-us-ready-s-102c\/","title":{"rendered":"Sistema tourguide para gu\u00edas tur\u00edsticos Okayo OTG-102 mGuide US Ready | S+ (10+2)+C"},"content":{"rendered":"<p>Sistema tourguide para grupos peque\u00f1os con un gu\u00eda tur\u00edstico basado en el modelo Okayo OTG-102 mGuide US Ready. El sistema OTG-102 es un moderno tourguide digital que ofrece al gu\u00eda tur\u00edstico funciones adicionales para la gesti\u00f3n de grupos tur\u00edsticos.<\/p>\n<p>Contenido del conjunto:<br \/>\n&#8211; 10 receptores Okayo OTG-102R<br \/>\n&#8211; 2 transmisores Okayo OTG-102T<br \/>\n&#8211; 3 cargadores: 2xC5, 1xC2<br \/>\n&#8211; 2 micr\u00f3fonos LM<br \/>\n&#8211; 10 auriculares SH-2<br \/>\n&#8211; 50 cordones higi\u00e9nicos<br \/>\n&#8211; 15 clips para correas de cuello<br \/>\n&#8211; bolso TBX-2 con compartimientos de espuma<br \/>\n&#8211; 24 bater\u00edas AA\/R6<\/p>\n","protected":false},"excerpt":{"rendered":"<p>Sistema tourguide para grupos peque\u00f1os con un gu\u00eda tur\u00edstico basado en el modelo Okayo OTG-102 mGuide US Ready. El sistema OTG-102 es un moderno tourguide digital que ofrece al gu\u00eda tur\u00edstico funciones adicionales para la gesti\u00f3n de grupos tur\u00edsticos.<\/p>\n<p><span style=\"color: #ff0000;\">Las bolsas verdes no est\u00e1n disponibles actualmente. Estamos incluyendo temporalmente otro color de bolso seleccionado al azar que se encuentra actualmente disponible.<\/span><\/p>\n<p><a href=\"https:\/\/mguide.eu\/wp-content\/uploads\/2024\/08\/ES-Baner.png\"><img loading=\"lazy\" decoding=\"async\" class=\"alignnone size-full wp-image-45218\" src=\"https:\/\/mguide.eu\/wp-content\/uploads\/2024\/08\/ES-Baner.png\" alt=\"\" width=\"630\" height=\"120\" \/><\/a><\/p>\n","protected":false},"featured_media":65445,"template":"","meta":{"_acf_changed":false},"product_brand":[],"product_cat":[5237],"product_tag":[],"class_list":{"0":"post-62309","1":"product","2":"type-product","3":"status-publish","4":"has-post-thumbnail","6":"product_cat-conjuntos-de-radioguias","8":"first","9":"instock","10":"taxable","11":"shipping-taxable","12":"purchasable","13":"product-type-simple"},"acf":[],"_links":{"self":[{"href":"https:\/\/mexpo.eu\/es\/wp-json\/wp\/v2\/product\/62309","targetHints":{"allow":["GET"]}}],"collection":[{"href":"https:\/\/mexpo.eu\/es\/wp-json\/wp\/v2\/product"}],"about":[{"href":"https:\/\/mexpo.eu\/es\/wp-json\/wp\/v2\/types\/product"}],"wp:featuredmedia":[{"embeddable":true,"href":"https:\/\/mexpo.eu\/es\/wp-json\/wp\/v2\/media\/65445"}],"wp:attachment":[{"href":"https:\/\/mexpo.eu\/es\/wp-json\/wp\/v2\/media?parent=62309"}],"wp:term":[{"taxonomy":"product_brand","embeddable":true,"href":"https:\/\/mexpo.eu\/es\/wp-json\/wp\/v2\/product_brand?post=62309"},{"taxonomy":"product_cat","embeddable":true,"href":"https:\/\/mexpo.eu\/es\/wp-json\/wp\/v2\/product_cat?post=62309"},{"taxonomy":"product_tag","embeddable":true,"href":"https:\/\/mexpo.eu\/es\/wp-json\/wp\/v2\/product_tag?post=62309"}],"curies":[{"name":"wp","href":"https:\/\/api.w.org\/{rel}","templated":true}]}}