{"id":62302,"date":"2025-02-17T13:21:07","date_gmt":"2025-02-17T13:21:07","guid":{"rendered":"https:\/\/mexpo.pl?post_type=product&#038;p=62302"},"modified":"2025-05-26T08:35:29","modified_gmt":"2025-05-26T08:35:29","slug":"sistema-tourguide-para-guias-turisticos-okayo-otg-102-mguide-us-ready-s-102","status":"publish","type":"product","link":"https:\/\/mexpo.eu\/es\/produkt\/sistema-tourguide-para-guias-turisticos-okayo-otg-102-mguide-us-ready-s-102\/","title":{"rendered":"Sistema tourguide para gu\u00edas tur\u00edsticos Okayo OTG-102 mGuide US Ready | S (10+2)"},"content":{"rendered":"<p>Sistema tourguide para gu\u00edas tur\u00edsticos y peque\u00f1os grupos de turistas basado sobre el sistema tourguide digital OTG-102, el ultimo modelo ultramoderno. Este modelo puede funcionar tanto en Europa como en Estados Unidos.<\/p>\n<p>Contenido del conjunto:<br \/>\n&#8211; 10 receptores Okayo OTG-102R<br \/>\n&#8211; 2 transmisores Okayo OTG-102T<br \/>\n&#8211; 2 micr\u00f3fonos LM<br \/>\n&#8211; 10 auriculares SH-2<br \/>\n&#8211; 50 cordones higi\u00e9nicos<br \/>\n&#8211; 15 clips para correas de cuello bolso TBX-2 con compartimientos de espuma<\/p>\n<p>El sistema NO CONTIENE:<br \/>\n&#8211; pilas<br \/>\n&#8211; bater\u00edas cargador<\/p>\n<p>El receptor \/ transmisor necesita para su funcionamiento: 1 o 2 pilas alcalinas AA\/R6 o 2 bater\u00edas NiMG AA\/R6.<\/p>\n","protected":false},"excerpt":{"rendered":"<p>Sistema tourguide para gu\u00edas tur\u00edsticos y peque\u00f1os grupos de turistas basado sobre el sistema tourguide digital OTG-102, el ultimo modelo ultramoderno. Este modelo puede funcionar tanto en Europa como en Estados Unidos.<\/p>\n<p><span style=\"color: #ff0000;\">Las bolsas verdes no est\u00e1n disponibles actualmente. Estamos incluyendo temporalmente otro color de bolso seleccionado al azar que se encuentra actualmente disponible.<\/span><\/p>\n<p><a href=\"https:\/\/mguide.eu\/wp-content\/uploads\/2024\/08\/ES-Baner.png\"><img loading=\"lazy\" decoding=\"async\" class=\"alignnone size-full wp-image-45218\" src=\"https:\/\/mguide.eu\/wp-content\/uploads\/2024\/08\/ES-Baner.png\" alt=\"\" width=\"630\" height=\"120\" \/><\/a><\/p>\n","protected":false},"featured_media":65452,"template":"","meta":{"_acf_changed":false},"product_brand":[],"product_cat":[5237],"product_tag":[],"class_list":{"0":"post-62302","1":"product","2":"type-product","3":"status-publish","4":"has-post-thumbnail","6":"product_cat-conjuntos-de-radioguias","8":"first","9":"instock","10":"taxable","11":"shipping-taxable","12":"purchasable","13":"product-type-simple"},"acf":[],"_links":{"self":[{"href":"https:\/\/mexpo.eu\/es\/wp-json\/wp\/v2\/product\/62302","targetHints":{"allow":["GET"]}}],"collection":[{"href":"https:\/\/mexpo.eu\/es\/wp-json\/wp\/v2\/product"}],"about":[{"href":"https:\/\/mexpo.eu\/es\/wp-json\/wp\/v2\/types\/product"}],"wp:featuredmedia":[{"embeddable":true,"href":"https:\/\/mexpo.eu\/es\/wp-json\/wp\/v2\/media\/65452"}],"wp:attachment":[{"href":"https:\/\/mexpo.eu\/es\/wp-json\/wp\/v2\/media?parent=62302"}],"wp:term":[{"taxonomy":"product_brand","embeddable":true,"href":"https:\/\/mexpo.eu\/es\/wp-json\/wp\/v2\/product_brand?post=62302"},{"taxonomy":"product_cat","embeddable":true,"href":"https:\/\/mexpo.eu\/es\/wp-json\/wp\/v2\/product_cat?post=62302"},{"taxonomy":"product_tag","embeddable":true,"href":"https:\/\/mexpo.eu\/es\/wp-json\/wp\/v2\/product_tag?post=62302"}],"curies":[{"name":"wp","href":"https:\/\/api.w.org\/{rel}","templated":true}]}}