{"id":62261,"date":"2025-02-17T13:20:29","date_gmt":"2025-02-17T13:20:29","guid":{"rendered":"https:\/\/mexpo.pl?post_type=product&#038;p=62261"},"modified":"2025-02-17T14:56:13","modified_gmt":"2025-02-17T14:56:13","slug":"cargador-axiwi-cr-001","status":"publish","type":"product","link":"https:\/\/mexpo.eu\/es\/produkt\/cargador-axiwi-cr-001\/","title":{"rendered":"Cargador Axiwi CR-001"},"content":{"rendered":"<p>La estaci\u00f3n de carga para 10 unidades AT-320 se entrega con una fuente de alimentaci\u00f3n dedicada y un cable de red. Coloca r\u00e1pida y f\u00e1cilmente los dispositivos AXIWI en la estaci\u00f3n, y si el cable de red est\u00e1 enchufado, comienza la carga.<\/p>\n","protected":false},"excerpt":{"rendered":"<p>La estaci\u00f3n de carga para 10 unidades AT-320 se entrega con una fuente de alimentaci\u00f3n dedicada y un cable de red. Coloca r\u00e1pida y f\u00e1cilmente los dispositivos AXIWI en la estaci\u00f3n, y si el cable de red est\u00e1 enchufado, comienza la carga.<\/p>\n","protected":false},"featured_media":49676,"template":"","meta":{"_acf_changed":false},"product_brand":[],"product_cat":[5324],"product_tag":[],"class_list":{"0":"post-62261","1":"product","2":"type-product","3":"status-publish","4":"has-post-thumbnail","6":"product_cat-cargadores-para-sistemas-de-intercomunicacion","8":"first","9":"instock","10":"taxable","11":"shipping-taxable","12":"purchasable","13":"product-type-simple"},"acf":[],"_links":{"self":[{"href":"https:\/\/mexpo.eu\/es\/wp-json\/wp\/v2\/product\/62261","targetHints":{"allow":["GET"]}}],"collection":[{"href":"https:\/\/mexpo.eu\/es\/wp-json\/wp\/v2\/product"}],"about":[{"href":"https:\/\/mexpo.eu\/es\/wp-json\/wp\/v2\/types\/product"}],"wp:featuredmedia":[{"embeddable":true,"href":"https:\/\/mexpo.eu\/es\/wp-json\/wp\/v2\/media\/49676"}],"wp:attachment":[{"href":"https:\/\/mexpo.eu\/es\/wp-json\/wp\/v2\/media?parent=62261"}],"wp:term":[{"taxonomy":"product_brand","embeddable":true,"href":"https:\/\/mexpo.eu\/es\/wp-json\/wp\/v2\/product_brand?post=62261"},{"taxonomy":"product_cat","embeddable":true,"href":"https:\/\/mexpo.eu\/es\/wp-json\/wp\/v2\/product_cat?post=62261"},{"taxonomy":"product_tag","embeddable":true,"href":"https:\/\/mexpo.eu\/es\/wp-json\/wp\/v2\/product_tag?post=62261"}],"curies":[{"name":"wp","href":"https:\/\/api.w.org\/{rel}","templated":true}]}}