{"id":62238,"date":"2025-02-17T13:20:06","date_gmt":"2025-02-17T13:20:06","guid":{"rendered":"https:\/\/mexpo.pl?post_type=product&#038;p=62238"},"modified":"2025-02-17T14:55:50","modified_gmt":"2025-02-17T14:55:50","slug":"okayo-otg-102","status":"publish","type":"product","link":"https:\/\/mexpo.eu\/es\/produkt\/okayo-otg-102\/","title":{"rendered":"Okayo OTG-102"},"content":{"rendered":"<p><strong>Okayo OTG-102 mGuide\u24c7 (US ready), estrenado en 2022, es definitivamente el sistema para visitas guiadas digital m\u00e1s moderno de Okayo Electronics y probablemente el sistema tourguide m\u00e1s moderno entre los modelos tur\u00edsticos en general. El modelo vendido por Mexpo cuenta con funciones adicionales preparadas especialmente para nuestros clientes.<\/strong><\/p>\n<p><strong>1 juego para 2 continentes<\/strong><\/p>\n<p>Los receptores OTG-102 pueden operar legalmente tanto en Europa como en los Estados Unidos. Solo falta comprar un transmisor adicional en la banda estadounidense y cambiar el rango en los receptores. Eso es todo. No es necesario comprar juegos especialmente para viajes a Estados Unidos.<\/p>\n<p><strong>Sistema simple con posibilidades asombrosas<\/strong><\/p>\n<p>Adem\u00e1s, el sistema tourguide Okayo OTG-102 cuenta con las siguientes funciones:<\/p>\n<ul>\n<li>transmisi\u00f3n desde dos transmisores simult\u00e1neamente en el mismo canal (hasta 1 grupo). Gracias a esta funci\u00f3n, un gu\u00eda y un acompa\u00f1ante tur\u00edstico pueden comunicarse con el grupo al mismo tiempo.<\/li>\n<li>conteo de grupo: verificaci\u00f3n de n\u00famero de receptores dentro del rango de transmisi\u00f3n del transmisor: el gu\u00eda ya no necesita ver a todas las personas para contar el grupo y comprobar si nadie se ha perdido.<\/li>\n<li>activaci\u00f3n remota de una alarma (sonido y vibraci\u00f3n) para, por ejemplo, llamar la atenci\u00f3n del grupo o anunciar el final de una pausa durante una visita.<\/li>\n<li>alarma de rango: el receptor informar\u00e1 al usuario cuando comience a salir del rango del transmisor.<\/li>\n<\/ul>\n<p><strong>\u00bfUn descanso en la transmisi\u00f3n? \u00a1Encienda la m\u00fasica!<\/strong><\/p>\n<p>El transmisor cuenta con una toma aux-in jack TRS de 3,5 mm adicional para conectar una fuente de sonido adicional, por ejemplo, un smartphone o un reproductor de mp3. Gracias a esta funci\u00f3n, podemos emitir m\u00fasica o reproducir un programa audiogu\u00eda previamente grabado en el momento de un descanso.<\/p>\n<p><strong>Las visitas guiadas con tourguide nunca han sido tan eficientes energ\u00e9ticamente&#8230;<\/strong><\/p>\n<p>Los receptores del modelo OTG-102 se caracterizan por el mayor tiempo de funcionamiento de su clase con una fuente de alimentaci\u00f3n (m\u00e1s de 40 horas) y la capacidad de funcionar tanto con dos como con una sola bater\u00eda o bater\u00eda recargable AA.<\/p>\n<p><strong>Dise\u00f1o universal<\/strong><\/p>\n<p>El sistema OTG-102 ha sido dise\u00f1ado teniendo en cuenta a las personas con discapacidad. La pantalla OLED de alto contraste en el transmisor garantiza una mejor legibilidad para las personas con discapacidad visual. Gracias a la toma de auriculares con opci\u00f3n HAC (Hearing-Aid-Compatible) en los receptores, el auricular conectado es compatible con aud\u00edfonos para personas con discapacidades auditivas. Los botones dedicados permiten un uso simple e intuitivo de los dispositivos.<\/p>\n<p>Junto con el sistema OTG-102, ofrecemos una amplia gama de accesorios como micr\u00f3fonos, auriculares, cargadores, as\u00ed como bolsos y estuches de transporte.<\/p>\n<p><strong>Usos:<\/strong><\/p>\n<ul>\n<li>visitas guiadas de grupos tur\u00edsticos organizados<\/li>\n<li>comunicaci\u00f3n con el grupo en un entorno ruidoso<\/li>\n<li>formaci\u00f3n<\/li>\n<li>traducciones simultaneas<\/li>\n<li>conferencias y charlas<\/li>\n<li>entrenamientos deportivos<\/li>\n<\/ul>\n<p><strong>Caracter\u00edsticas de Okayo OTG-102 mGuide\u24c7:<\/strong><\/p>\n<ul>\n<li>Modulaci\u00f3n de transmisi\u00f3n digital 4GFSK con tecnolog\u00eda de reducci\u00f3n de ruido<\/li>\n<li>Active Dynamic Noise Reduction y su ajuste por parte del usuario<\/li>\n<li>42 canales en las bandas de frecuencia de 823 MHz ~ 832 MHz y 865 MHz ~ 863 MHz m\u00e1s la banda de EE. UU.<\/li>\n<li>transmisi\u00f3n desde dos transmisores simult\u00e1neamente en el mismo canal<\/li>\n<li>alcance en la l\u00ednea de visi\u00f3n 100 metros<\/li>\n<li>m\u00e1s de 40 horas de funcionamiento del receptor con una sola fuente de alimentaci\u00f3n: 2x AA alcalinas de 1,5 V \/ 2x AA Ni-MH de 1,2 V<\/li>\n<li>funcionamiento del transmisor y del receptor solo con una bater\u00eda o una bater\u00eda AA recargable<\/li>\n<li>sincronizaci\u00f3n autom\u00e1tica y emparejamiento de los receptores al transmisor, funci\u00f3n de b\u00fasqueda de un canal sin interferencias<\/li>\n<li>selecci\u00f3n \u00fanicamente de canales simult\u00e1neos: una opci\u00f3n para int\u00e9rpretes y varios grupos en la misma \u00e1rea<\/li>\n<li>3 modos de gesti\u00f3n de grupos: Alarm, Roll-Call, Out-of-Range Alarm<\/li>\n<li>posibilidad de apagar r\u00e1pidamente los receptores: apagar el transmisor apagar\u00e1 inmediatamente los receptores emparejados<\/li>\n<li>aux-in jack est\u00e9reo de 3,5 mm en el transmisor con la opci\u00f3n Audio Priority<\/li>\n<li>facilidades para personas con discapacidad: pantalla OLED en el transmisor y HAC en los receptores<\/li>\n<\/ul>\n","protected":false},"excerpt":{"rendered":"<p>Okayo OTG-102 mGuide\u24c7 (US ready), estrenado en 2022, es definitivamente el sistema para visitas guiadas digital m\u00e1s moderno de Okayo Electronics y probablemente el sistema tourguide m\u00e1s moderno entre los modelos tur\u00edsticos en general. El modelo vendido por Mexpo cuenta con funciones adicionales preparadas especialmente para nuestros clientes.<\/p>\n","protected":false},"featured_media":59243,"template":"","meta":{"_acf_changed":false},"product_brand":[],"product_cat":[5229],"product_tag":[],"class_list":{"0":"post-62238","1":"product","2":"type-product","3":"status-publish","4":"has-post-thumbnail","6":"product_cat-modelos","8":"first","9":"instock","10":"taxable","11":"shipping-taxable","12":"product-type-grouped"},"acf":[],"_links":{"self":[{"href":"https:\/\/mexpo.eu\/es\/wp-json\/wp\/v2\/product\/62238","targetHints":{"allow":["GET"]}}],"collection":[{"href":"https:\/\/mexpo.eu\/es\/wp-json\/wp\/v2\/product"}],"about":[{"href":"https:\/\/mexpo.eu\/es\/wp-json\/wp\/v2\/types\/product"}],"wp:featuredmedia":[{"embeddable":true,"href":"https:\/\/mexpo.eu\/es\/wp-json\/wp\/v2\/media\/59243"}],"wp:attachment":[{"href":"https:\/\/mexpo.eu\/es\/wp-json\/wp\/v2\/media?parent=62238"}],"wp:term":[{"taxonomy":"product_brand","embeddable":true,"href":"https:\/\/mexpo.eu\/es\/wp-json\/wp\/v2\/product_brand?post=62238"},{"taxonomy":"product_cat","embeddable":true,"href":"https:\/\/mexpo.eu\/es\/wp-json\/wp\/v2\/product_cat?post=62238"},{"taxonomy":"product_tag","embeddable":true,"href":"https:\/\/mexpo.eu\/es\/wp-json\/wp\/v2\/product_tag?post=62238"}],"curies":[{"name":"wp","href":"https:\/\/api.w.org\/{rel}","templated":true}]}}