{"id":62191,"date":"2025-02-17T13:19:43","date_gmt":"2025-02-17T13:19:43","guid":{"rendered":"https:\/\/mexpo.pl?post_type=product&#038;p=62191"},"modified":"2025-02-17T14:55:33","modified_gmt":"2025-02-17T14:55:33","slug":"radioguia-receptor-okayo-wavetalk","status":"publish","type":"product","link":"https:\/\/mexpo.eu\/es\/produkt\/radioguia-receptor-okayo-wavetalk\/","title":{"rendered":"Radioguia &#8211; Receptor Okayo WaveTalk"},"content":{"rendered":"<p>Receptor de gu\u00eda tur\u00edstico digital UHF unidireccional. 823 MHz ~ 832 MHz + 863 MHz ~ 865 MHz, 42 canales. Alcance de hasta 150 metros en la l\u00ednea de visi\u00f3n. Bater\u00eda Li-Pol 3.7V 1300 mAh incorporada. El tiempo de funcionamiento del receptor es de aprox. 30 horas.<\/p>\n<p><strong>WaveTalk es un nuevo sistema tourguide digital dise\u00f1ado para ofrecer a los usuarios los mejores par\u00e1metros, tales como el rango, el tiempo de trabajo y la funcionalidad, en la caja m\u00e1s peque\u00f1a posible y con el m\u00ednimo peso.<\/strong><\/p>\n<p><strong>Ligero como onda&#8230;de radio<\/strong><\/p>\n<p>El uso de una bater\u00eda de iones de litio incorporada en los transmisores y receptores WaveTalk hace que el tama\u00f1o del dispositivo sea similar a una tarjeta de cr\u00e9dito y su peso no supera los &#8230; \u00a160 gramos!<\/p>\n<p>\u00bfQu\u00e9 significa esto en la pr\u00e1ctica? Incluso una persona menuda puede llevar f\u00e1cilmente una bolsa o una mochila cargada con 50 receptores y auriculares para un grupo grande.<\/p>\n<p><strong>Eficaz y eficiente energ\u00e9ticamente<\/strong><\/p>\n<p>El tiempo de funcionamiento del receptor es de m\u00e1s de 30 horas mientras que la carga dura solo de 2 a 4 horas en el cargador colectivo. Adem\u00e1s, el dispositivo tambi\u00e9n se puede cargar r\u00e1pidamente con un cargador de tel\u00e9fono, un banco de energ\u00eda o un ordenador porque tiene una toma USB de tipo C que ya est\u00e1 instalada en un n\u00famero cada vez mayor de tel\u00e9fonos m\u00f3viles y otros dispositivos electr\u00f3nicos.<\/p>\n<p><strong>\u00bfFuncionalidad? Sin compromisos<\/strong><\/p>\n<p>WaveTalk tiene hasta 42 canales de radio en modulaci\u00f3n de frecuencia digital 4GFSK y dos bandas de frecuencia combinadas 823 MHz ~ 832 MHz \/ 863 MHz ~ 865 MHz. El dispositivo tambi\u00e9n est\u00e1 equipado con una funci\u00f3n de b\u00fasqueda autom\u00e1tica de canales sin interferencias gracias a la cual el usuario recibe un sistema absolutamente seguro y libre de interferencias para visitas guiadas.<\/p>\n<p>WaveTalk garantiza la m\u00e1s alta calidad de sonido recibido y optimiza la experiencia auditiva gracias a los par\u00e1metros t\u00e9cnicos avanzados,<br \/>\nLa toma de auriculares del receptor est\u00e1 equipada con el sistema HAC (Hearing-Aid-Compatible) lo que significa que los auriculares conectados al receptor funcionar\u00e1n con el aud\u00edfono del usuario.<\/p>\n<p>El transmisor del sistema tourguide Okayo WaveTalk est\u00e1 disponible en 3 formas: la versi\u00f3n compacta tradicional, como micr\u00f3fono inal\u00e1mbrico de mano y como transmisor fijo.<\/p>\n<p><strong>Usos:<\/strong><\/p>\n<ul>\n<li>visitas guiadas de grupos tur\u00edsticos organizados<\/li>\n<li>comunicaci\u00f3n con el grupo en un entorno ruidoso<\/li>\n<li>traducci\u00f3n simult\u00e1nea y audiodescripci\u00f3n<\/li>\n<li>formaciones, conferencias y charlas<\/li>\n<li>entrenamientos deportivos<\/li>\n<\/ul>\n<p><strong>Caracter\u00edsticas de Okayo WaveTalk:<\/strong><\/p>\n<ul>\n<li>modulaci\u00f3n de transmisi\u00f3n digital 4GFSK con tecnolog\u00eda de reducci\u00f3n de ruido<\/li>\n<li>42 canales en las bandas de frecuencia de 823 MHz ~ 832 MHz y 865 MHz ~ 863 MHz<\/li>\n<li>tama\u00f1o peque\u00f1o y compacto, bajo peso: menos de 60 gramos<\/li>\n<li>alcance hasta 150 metros en l\u00ednea de visi\u00f3n<\/li>\n<li>m\u00e1s de 30 horas de funcionamiento con una bater\u00eda recargable y solo 2 a 4 horas de carga<\/li>\n<li>dos m\u00e9todos de carga disponibles: a trav\u00e9s del USB-C o con un cargador colectivo dedicado<\/li>\n<li>funci\u00f3n de b\u00fasqueda de canales sin interferencias y cambio de canal remoto en los receptores<\/li>\n<li>un bot\u00f3n para apagar todos los receptores para ahorrar energ\u00eda<\/li>\n<\/ul>\n<p><strong>Accesorios disponibles:<\/strong><\/p>\n<ul>\n<li>cargadores para 12 o 24 dispositivos<\/li>\n<li>transmisor de tipo body-pack, micr\u00f3fono inal\u00e1mbrico de mano, transmisor fijo, de escritorio<\/li>\n<li>bolsos, mochilad<\/li>\n<\/ul>\n","protected":false},"excerpt":{"rendered":"<p>Receptor tourguide digital UHF unidireccional. 823 MHz ~ 832 MHz + 863 MHz ~ 865 MHz, 42 canales. Alcance de hasta 150 metros en la l\u00ednea de visi\u00f3n. Bater\u00eda Li-Pol 3.7V 1300 mAh incorporada. El tiempo de funcionamiento del receptor es de aprox. 30 horas.<\/p>\n","protected":false},"featured_media":59126,"template":"","meta":{"_acf_changed":false},"product_brand":[],"product_cat":[5228],"product_tag":[],"class_list":{"0":"post-62191","1":"product","2":"type-product","3":"status-publish","4":"has-post-thumbnail","6":"product_cat-transmisores-y-receptores","8":"first","9":"instock","10":"taxable","11":"shipping-taxable","12":"purchasable","13":"product-type-simple"},"acf":[],"_links":{"self":[{"href":"https:\/\/mexpo.eu\/es\/wp-json\/wp\/v2\/product\/62191","targetHints":{"allow":["GET"]}}],"collection":[{"href":"https:\/\/mexpo.eu\/es\/wp-json\/wp\/v2\/product"}],"about":[{"href":"https:\/\/mexpo.eu\/es\/wp-json\/wp\/v2\/types\/product"}],"wp:featuredmedia":[{"embeddable":true,"href":"https:\/\/mexpo.eu\/es\/wp-json\/wp\/v2\/media\/59126"}],"wp:attachment":[{"href":"https:\/\/mexpo.eu\/es\/wp-json\/wp\/v2\/media?parent=62191"}],"wp:term":[{"taxonomy":"product_brand","embeddable":true,"href":"https:\/\/mexpo.eu\/es\/wp-json\/wp\/v2\/product_brand?post=62191"},{"taxonomy":"product_cat","embeddable":true,"href":"https:\/\/mexpo.eu\/es\/wp-json\/wp\/v2\/product_cat?post=62191"},{"taxonomy":"product_tag","embeddable":true,"href":"https:\/\/mexpo.eu\/es\/wp-json\/wp\/v2\/product_tag?post=62191"}],"curies":[{"name":"wp","href":"https:\/\/api.w.org\/{rel}","templated":true}]}}