{"id":62121,"date":"2025-02-17T13:19:02","date_gmt":"2025-02-17T13:19:02","guid":{"rendered":"https:\/\/mexpo.pl?post_type=product&#038;p=62121"},"modified":"2025-02-17T14:55:00","modified_gmt":"2025-02-17T14:55:00","slug":"headset-conjunto-de-auriculares-con-microfono-he-080","status":"publish","type":"product","link":"https:\/\/mexpo.eu\/es\/produkt\/headset-conjunto-de-auriculares-con-microfono-he-080\/","title":{"rendered":"Headset (conjunto de auriculares con micr\u00f3fono) HE-080"},"content":{"rendered":"<p>Auriculares con cancelaci\u00f3n de ruido (aislamiento de ruido de hasta 29 db), ideal para comunicaciones industriales. Tiene un micr\u00f3fono con brazo integrado, que permite el uso de un kit de manos libres en entornos con mucho ruido.<\/p>\n","protected":false},"excerpt":{"rendered":"<p>Auriculares (auriculares y micr\u00f3fono) HE-080 con reducci\u00f3n de ruido (hasta 29 dB), ideales para comunicaci\u00f3n en la industria. Micr\u00f3fono boom incorporado para uso manos libres en entornos con mucho ruido.<\/p>\n","protected":false},"featured_media":49562,"template":"","meta":{"_acf_changed":false},"product_brand":[],"product_cat":[5232],"product_tag":[],"class_list":{"0":"post-62121","1":"product","2":"type-product","3":"status-publish","4":"has-post-thumbnail","6":"product_cat-headsets-sistemas-de-intercomunicacion","8":"first","9":"instock","10":"taxable","11":"shipping-taxable","12":"purchasable","13":"product-type-simple"},"acf":[],"_links":{"self":[{"href":"https:\/\/mexpo.eu\/es\/wp-json\/wp\/v2\/product\/62121","targetHints":{"allow":["GET"]}}],"collection":[{"href":"https:\/\/mexpo.eu\/es\/wp-json\/wp\/v2\/product"}],"about":[{"href":"https:\/\/mexpo.eu\/es\/wp-json\/wp\/v2\/types\/product"}],"wp:featuredmedia":[{"embeddable":true,"href":"https:\/\/mexpo.eu\/es\/wp-json\/wp\/v2\/media\/49562"}],"wp:attachment":[{"href":"https:\/\/mexpo.eu\/es\/wp-json\/wp\/v2\/media?parent=62121"}],"wp:term":[{"taxonomy":"product_brand","embeddable":true,"href":"https:\/\/mexpo.eu\/es\/wp-json\/wp\/v2\/product_brand?post=62121"},{"taxonomy":"product_cat","embeddable":true,"href":"https:\/\/mexpo.eu\/es\/wp-json\/wp\/v2\/product_cat?post=62121"},{"taxonomy":"product_tag","embeddable":true,"href":"https:\/\/mexpo.eu\/es\/wp-json\/wp\/v2\/product_tag?post=62121"}],"curies":[{"name":"wp","href":"https:\/\/api.w.org\/{rel}","templated":true}]}}