{"id":62079,"date":"2025-02-17T13:18:42","date_gmt":"2025-02-17T12:18:42","guid":{"rendered":"https:\/\/mexpo.pl?post_type=product&#038;p=62079"},"modified":"2025-02-17T14:54:30","modified_gmt":"2025-02-17T14:54:30","slug":"headset-conjunto-de-auriculares-con-microfono-he-009","status":"publish","type":"product","link":"https:\/\/mexpo.eu\/es\/produkt\/headset-conjunto-de-auriculares-con-microfono-he-009\/","title":{"rendered":"Headset (conjunto de auriculares con micr\u00f3fono) HE-009"},"content":{"rendered":"<p>Auriculares deportivos internos b\u00e1sicos. Se puede utilizar tanto para el o\u00eddo derecho como para el izquierdo, lo que lo hace universal.<\/p>\n","protected":false},"excerpt":{"rendered":"<p>Auriculares (auriculares y micr\u00f3fono) HE-009, auriculares deportivos intrauditivos b\u00e1sicos. Se utiliza tanto para el o\u00eddo derecho como para el izquierdo, lo que lo hace universal.<\/p>\n","protected":false},"featured_media":49521,"template":"","meta":{"_acf_changed":false},"product_brand":[],"product_cat":[5232],"product_tag":[],"class_list":{"0":"post-62079","1":"product","2":"type-product","3":"status-publish","4":"has-post-thumbnail","6":"product_cat-headsets-sistemas-de-intercomunicacion","8":"first","9":"instock","10":"taxable","11":"shipping-taxable","12":"purchasable","13":"product-type-simple"},"acf":[],"_links":{"self":[{"href":"https:\/\/mexpo.eu\/es\/wp-json\/wp\/v2\/product\/62079","targetHints":{"allow":["GET"]}}],"collection":[{"href":"https:\/\/mexpo.eu\/es\/wp-json\/wp\/v2\/product"}],"about":[{"href":"https:\/\/mexpo.eu\/es\/wp-json\/wp\/v2\/types\/product"}],"wp:featuredmedia":[{"embeddable":true,"href":"https:\/\/mexpo.eu\/es\/wp-json\/wp\/v2\/media\/49521"}],"wp:attachment":[{"href":"https:\/\/mexpo.eu\/es\/wp-json\/wp\/v2\/media?parent=62079"}],"wp:term":[{"taxonomy":"product_brand","embeddable":true,"href":"https:\/\/mexpo.eu\/es\/wp-json\/wp\/v2\/product_brand?post=62079"},{"taxonomy":"product_cat","embeddable":true,"href":"https:\/\/mexpo.eu\/es\/wp-json\/wp\/v2\/product_cat?post=62079"},{"taxonomy":"product_tag","embeddable":true,"href":"https:\/\/mexpo.eu\/es\/wp-json\/wp\/v2\/product_tag?post=62079"}],"curies":[{"name":"wp","href":"https:\/\/api.w.org\/{rel}","templated":true}]}}