{"id":62065,"date":"2025-02-17T13:18:25","date_gmt":"2025-02-17T13:18:25","guid":{"rendered":"https:\/\/mexpo.pl?post_type=product&#038;p=62065"},"modified":"2025-02-17T14:54:22","modified_gmt":"2025-02-17T14:54:22","slug":"headset-conjunto-de-auriculares-con-microfono-he-005","status":"publish","type":"product","link":"https:\/\/mexpo.eu\/es\/produkt\/headset-conjunto-de-auriculares-con-microfono-he-005\/","title":{"rendered":"Headset (conjunto de auriculares con micr\u00f3fono) HE-005"},"content":{"rendered":"<p>Un auricular dise\u00f1ado para personas que trabajan en seguridad, gastronom\u00eda o que quieren comunicarse sin auriculares llamativos. La tecnolog\u00eda \u00fanica de la manguera del tel\u00e9fono hace que el uso sea muy discreto. El micr\u00f3fono se llama micr\u00f3fono de cuello y tambi\u00e9n se utiliza en varios deportes.<\/p>\n","protected":false},"excerpt":{"rendered":"<p>Auricular HE-005, auricular muy discreto, micr\u00f3fono de cuello. Perfecto para deportistas, personas que trabajan en seguridad y restauraci\u00f3n.<\/p>\n","protected":false},"featured_media":49504,"template":"","meta":{"_acf_changed":false},"product_brand":[],"product_cat":[5232],"product_tag":[],"class_list":{"0":"post-62065","1":"product","2":"type-product","3":"status-publish","4":"has-post-thumbnail","6":"product_cat-headsets-sistemas-de-intercomunicacion","8":"first","9":"instock","10":"taxable","11":"shipping-taxable","12":"purchasable","13":"product-type-simple"},"acf":[],"_links":{"self":[{"href":"https:\/\/mexpo.eu\/es\/wp-json\/wp\/v2\/product\/62065","targetHints":{"allow":["GET"]}}],"collection":[{"href":"https:\/\/mexpo.eu\/es\/wp-json\/wp\/v2\/product"}],"about":[{"href":"https:\/\/mexpo.eu\/es\/wp-json\/wp\/v2\/types\/product"}],"wp:featuredmedia":[{"embeddable":true,"href":"https:\/\/mexpo.eu\/es\/wp-json\/wp\/v2\/media\/49504"}],"wp:attachment":[{"href":"https:\/\/mexpo.eu\/es\/wp-json\/wp\/v2\/media?parent=62065"}],"wp:term":[{"taxonomy":"product_brand","embeddable":true,"href":"https:\/\/mexpo.eu\/es\/wp-json\/wp\/v2\/product_brand?post=62065"},{"taxonomy":"product_cat","embeddable":true,"href":"https:\/\/mexpo.eu\/es\/wp-json\/wp\/v2\/product_cat?post=62065"},{"taxonomy":"product_tag","embeddable":true,"href":"https:\/\/mexpo.eu\/es\/wp-json\/wp\/v2\/product_tag?post=62065"}],"curies":[{"name":"wp","href":"https:\/\/api.w.org\/{rel}","templated":true}]}}