{"id":62051,"date":"2025-02-17T13:18:23","date_gmt":"2025-02-17T13:18:23","guid":{"rendered":"https:\/\/mexpo.pl?post_type=product&#038;p=62051"},"modified":"2025-02-17T14:54:14","modified_gmt":"2025-02-17T14:54:14","slug":"headset-conjunto-de-auriculares-con-microfono-he-001","status":"publish","type":"product","link":"https:\/\/mexpo.eu\/es\/produkt\/headset-conjunto-de-auriculares-con-microfono-he-001\/","title":{"rendered":"Headset (conjunto de auriculares con micr\u00f3fono) HE-001"},"content":{"rendered":"<p>Un auricular muy c\u00f3modo. Proporciona una excelente calidad de sonido tanto para los participantes como para el gu\u00eda. El auricular es una combinaci\u00f3n de micr\u00f3fono direccional y auriculares.<\/p>\n","protected":false},"excerpt":{"rendered":"<p>Auriculares HE-001. Auriculares muy c\u00f3modos. Proporciona una excelente calidad de sonido tanto para los participantes como para el gu\u00eda. Los auriculares son una combinaci\u00f3n de micr\u00f3fono direccional y auriculares.<\/p>\n","protected":false},"featured_media":49492,"template":"","meta":{"_acf_changed":false},"product_brand":[],"product_cat":[5232],"product_tag":[],"class_list":{"0":"post-62051","1":"product","2":"type-product","3":"status-publish","4":"has-post-thumbnail","6":"product_cat-headsets-sistemas-de-intercomunicacion","8":"first","9":"instock","10":"taxable","11":"shipping-taxable","12":"purchasable","13":"product-type-simple"},"acf":[],"_links":{"self":[{"href":"https:\/\/mexpo.eu\/es\/wp-json\/wp\/v2\/product\/62051","targetHints":{"allow":["GET"]}}],"collection":[{"href":"https:\/\/mexpo.eu\/es\/wp-json\/wp\/v2\/product"}],"about":[{"href":"https:\/\/mexpo.eu\/es\/wp-json\/wp\/v2\/types\/product"}],"wp:featuredmedia":[{"embeddable":true,"href":"https:\/\/mexpo.eu\/es\/wp-json\/wp\/v2\/media\/49492"}],"wp:attachment":[{"href":"https:\/\/mexpo.eu\/es\/wp-json\/wp\/v2\/media?parent=62051"}],"wp:term":[{"taxonomy":"product_brand","embeddable":true,"href":"https:\/\/mexpo.eu\/es\/wp-json\/wp\/v2\/product_brand?post=62051"},{"taxonomy":"product_cat","embeddable":true,"href":"https:\/\/mexpo.eu\/es\/wp-json\/wp\/v2\/product_cat?post=62051"},{"taxonomy":"product_tag","embeddable":true,"href":"https:\/\/mexpo.eu\/es\/wp-json\/wp\/v2\/product_tag?post=62051"}],"curies":[{"name":"wp","href":"https:\/\/api.w.org\/{rel}","templated":true}]}}