{"id":62044,"date":"2025-02-17T13:18:07","date_gmt":"2025-02-17T13:18:07","guid":{"rendered":"https:\/\/mexpo.pl?post_type=product&#038;p=62044"},"modified":"2025-02-17T14:54:12","modified_gmt":"2025-02-17T14:54:12","slug":"headset-conjunto-de-auriculares-con-microfono-tm01-mg","status":"publish","type":"product","link":"https:\/\/mexpo.eu\/es\/produkt\/headset-conjunto-de-auriculares-con-microfono-tm01-mg\/","title":{"rendered":"Headset (conjunto de auriculares con micr\u00f3fono) TM01-MG"},"content":{"rendered":"<p>El micr\u00f3fono de garganta es la soluci\u00f3n en situaciones con mucho ruido ambiental o la necesidad de cubrirse la cara. Parte del micr\u00f3fono se coloca c\u00f3modamente alrededor de su garganta para bloquear la mayor parte del ruido ambiental. La construcci\u00f3n duradera lo hace ligero y c\u00f3modo de llevar. Tiene un bot\u00f3n de &#8220;silencio&#8221;.<\/p>\n","protected":false},"excerpt":{"rendered":"<p>Auriculares (auriculares y micr\u00f3fono) TM01-MG, micr\u00f3fono lar\u00edngeo. Se adhiere a la garganta, bloqueando la mayor\u00eda de los sonidos ambientales. Construcci\u00f3n duradera, garantiza ligereza y comodidad de uso. Tiene un bot\u00f3n de &#8220;mute&#8221;. Marcos Maytel. Compatibilidad Maytel Grand Multicom.<\/p>\n","protected":false},"featured_media":49456,"template":"","meta":{"_acf_changed":false},"product_brand":[],"product_cat":[5232],"product_tag":[],"class_list":{"0":"post-62044","1":"product","2":"type-product","3":"status-publish","4":"has-post-thumbnail","6":"product_cat-headsets-sistemas-de-intercomunicacion","8":"first","9":"instock","10":"taxable","11":"shipping-taxable","12":"purchasable","13":"product-type-simple"},"acf":[],"_links":{"self":[{"href":"https:\/\/mexpo.eu\/es\/wp-json\/wp\/v2\/product\/62044","targetHints":{"allow":["GET"]}}],"collection":[{"href":"https:\/\/mexpo.eu\/es\/wp-json\/wp\/v2\/product"}],"about":[{"href":"https:\/\/mexpo.eu\/es\/wp-json\/wp\/v2\/types\/product"}],"wp:featuredmedia":[{"embeddable":true,"href":"https:\/\/mexpo.eu\/es\/wp-json\/wp\/v2\/media\/49456"}],"wp:attachment":[{"href":"https:\/\/mexpo.eu\/es\/wp-json\/wp\/v2\/media?parent=62044"}],"wp:term":[{"taxonomy":"product_brand","embeddable":true,"href":"https:\/\/mexpo.eu\/es\/wp-json\/wp\/v2\/product_brand?post=62044"},{"taxonomy":"product_cat","embeddable":true,"href":"https:\/\/mexpo.eu\/es\/wp-json\/wp\/v2\/product_cat?post=62044"},{"taxonomy":"product_tag","embeddable":true,"href":"https:\/\/mexpo.eu\/es\/wp-json\/wp\/v2\/product_tag?post=62044"}],"curies":[{"name":"wp","href":"https:\/\/api.w.org\/{rel}","templated":true}]}}