{"id":62037,"date":"2025-02-17T13:18:06","date_gmt":"2025-02-17T13:18:06","guid":{"rendered":"https:\/\/mexpo.pl?post_type=product&#038;p=62037"},"modified":"2025-02-17T14:54:06","modified_gmt":"2025-02-17T14:54:06","slug":"headset-conjunto-de-auriculares-con-microfono-ehr-03g","status":"publish","type":"product","link":"https:\/\/mexpo.eu\/es\/produkt\/headset-conjunto-de-auriculares-con-microfono-ehr-03g\/","title":{"rendered":"Headset (conjunto de auriculares con micr\u00f3fono) EHR-03G"},"content":{"rendered":"<p>Juego de auriculares y micr\u00f3fono para la oreja izquierda. Es ligero, flexible y tiene un micr\u00f3fono ajustable. Perfecto para entrenamientos, eventos deportivos y viajes en grupo.<\/p>\n","protected":false},"excerpt":{"rendered":"<p>Auriculares (auriculares y micr\u00f3fono) EHR-03G, auriculares y micr\u00f3fono para la oreja izquierda. Ligero, flexible y con micr\u00f3fono ajustable. Perfecto para entrenamiento, eventos deportivos y grupos de gu\u00eda. Compatibilidad Marca Maytel Maytel Grand Multicom.<\/p>\n","protected":false},"featured_media":49450,"template":"","meta":{"_acf_changed":false},"product_brand":[],"product_cat":[5232],"product_tag":[],"class_list":{"0":"post-62037","1":"product","2":"type-product","3":"status-publish","4":"has-post-thumbnail","6":"product_cat-headsets-sistemas-de-intercomunicacion","8":"first","9":"instock","10":"taxable","11":"shipping-taxable","12":"purchasable","13":"product-type-simple"},"acf":[],"_links":{"self":[{"href":"https:\/\/mexpo.eu\/es\/wp-json\/wp\/v2\/product\/62037","targetHints":{"allow":["GET"]}}],"collection":[{"href":"https:\/\/mexpo.eu\/es\/wp-json\/wp\/v2\/product"}],"about":[{"href":"https:\/\/mexpo.eu\/es\/wp-json\/wp\/v2\/types\/product"}],"wp:featuredmedia":[{"embeddable":true,"href":"https:\/\/mexpo.eu\/es\/wp-json\/wp\/v2\/media\/49450"}],"wp:attachment":[{"href":"https:\/\/mexpo.eu\/es\/wp-json\/wp\/v2\/media?parent=62037"}],"wp:term":[{"taxonomy":"product_brand","embeddable":true,"href":"https:\/\/mexpo.eu\/es\/wp-json\/wp\/v2\/product_brand?post=62037"},{"taxonomy":"product_cat","embeddable":true,"href":"https:\/\/mexpo.eu\/es\/wp-json\/wp\/v2\/product_cat?post=62037"},{"taxonomy":"product_tag","embeddable":true,"href":"https:\/\/mexpo.eu\/es\/wp-json\/wp\/v2\/product_tag?post=62037"}],"curies":[{"name":"wp","href":"https:\/\/api.w.org\/{rel}","templated":true}]}}