{"id":62009,"date":"2025-02-17T13:17:47","date_gmt":"2025-02-17T13:17:47","guid":{"rendered":"https:\/\/mexpo.pl?post_type=product&#038;p=62009"},"modified":"2025-02-17T14:53:50","modified_gmt":"2025-02-17T14:53:50","slug":"headset-conjunto-de-auriculares-con-microfono-tem-01g","status":"publish","type":"product","link":"https:\/\/mexpo.eu\/es\/produkt\/headset-conjunto-de-auriculares-con-microfono-tem-01g\/","title":{"rendered":"Headset (conjunto de auriculares con micr\u00f3fono) TEM-01G"},"content":{"rendered":"<p>Un auricular dise\u00f1ado para personas que trabajan en seguridad, gastronom\u00eda o que quieren comunicarse sin auriculares llamativos. Auricular transparente con micr\u00f3fono de clip de corbata de alta sensibilidad.<\/p>\n","protected":false},"excerpt":{"rendered":"<p>Auriculares (auriculares y micr\u00f3fono) TEM-01G. Auricular de tubo de aire transparente con micr\u00f3fono lavalier de alta sensibilidad. Tel\u00e9fono discreto. Marca Maytel, compatibilidad Maytel Grand Multicom.<\/p>\n","protected":false},"featured_media":49390,"template":"","meta":{"_acf_changed":false},"product_brand":[],"product_cat":[5232],"product_tag":[],"class_list":{"0":"post-62009","1":"product","2":"type-product","3":"status-publish","4":"has-post-thumbnail","6":"product_cat-headsets-sistemas-de-intercomunicacion","8":"first","9":"instock","10":"taxable","11":"shipping-taxable","12":"purchasable","13":"product-type-simple"},"acf":[],"_links":{"self":[{"href":"https:\/\/mexpo.eu\/es\/wp-json\/wp\/v2\/product\/62009","targetHints":{"allow":["GET"]}}],"collection":[{"href":"https:\/\/mexpo.eu\/es\/wp-json\/wp\/v2\/product"}],"about":[{"href":"https:\/\/mexpo.eu\/es\/wp-json\/wp\/v2\/types\/product"}],"wp:featuredmedia":[{"embeddable":true,"href":"https:\/\/mexpo.eu\/es\/wp-json\/wp\/v2\/media\/49390"}],"wp:attachment":[{"href":"https:\/\/mexpo.eu\/es\/wp-json\/wp\/v2\/media?parent=62009"}],"wp:term":[{"taxonomy":"product_brand","embeddable":true,"href":"https:\/\/mexpo.eu\/es\/wp-json\/wp\/v2\/product_brand?post=62009"},{"taxonomy":"product_cat","embeddable":true,"href":"https:\/\/mexpo.eu\/es\/wp-json\/wp\/v2\/product_cat?post=62009"},{"taxonomy":"product_tag","embeddable":true,"href":"https:\/\/mexpo.eu\/es\/wp-json\/wp\/v2\/product_tag?post=62009"}],"curies":[{"name":"wp","href":"https:\/\/api.w.org\/{rel}","templated":true}]}}