{"id":62002,"date":"2025-02-17T13:17:46","date_gmt":"2025-02-17T13:17:46","guid":{"rendered":"https:\/\/mexpo.pl?post_type=product&#038;p=62002"},"modified":"2025-02-17T14:53:48","modified_gmt":"2025-02-17T14:53:48","slug":"headset-conjunto-de-auriculares-con-microfono-hsb-02g","status":"publish","type":"product","link":"https:\/\/mexpo.eu\/es\/produkt\/headset-conjunto-de-auriculares-con-microfono-hsb-02g\/","title":{"rendered":"Headset (conjunto de auriculares con micr\u00f3fono) HSB-02G"},"content":{"rendered":"<p>Auriculares livianos para colocar sobre la cabeza con un solo auricular, micr\u00f3fono de cuello de cisne ajustable, diadema de metal ajustable para mayor durabilidad y cable de bobina de voz de alta resistencia.<\/p>\n","protected":false},"excerpt":{"rendered":"<p>Auriculares (auriculares y micr\u00f3fono) HSB-02G. Auriculares supraaurales livianos, dise\u00f1o supraaural \u00fanico, micr\u00f3fono con brazo de cuello de cisne ajustable, ajustable con diadema de metal para mayor durabilidad y cable en espiral duradero. Compatibilidad con la marca Maytel. Maytel Gran Multicom.<\/p>\n","protected":false},"featured_media":49378,"template":"","meta":{"_acf_changed":false},"product_brand":[],"product_cat":[5232],"product_tag":[],"class_list":{"0":"post-62002","1":"product","2":"type-product","3":"status-publish","4":"has-post-thumbnail","6":"product_cat-headsets-sistemas-de-intercomunicacion","8":"first","9":"instock","10":"taxable","11":"shipping-taxable","12":"purchasable","13":"product-type-simple"},"acf":[],"_links":{"self":[{"href":"https:\/\/mexpo.eu\/es\/wp-json\/wp\/v2\/product\/62002","targetHints":{"allow":["GET"]}}],"collection":[{"href":"https:\/\/mexpo.eu\/es\/wp-json\/wp\/v2\/product"}],"about":[{"href":"https:\/\/mexpo.eu\/es\/wp-json\/wp\/v2\/types\/product"}],"wp:featuredmedia":[{"embeddable":true,"href":"https:\/\/mexpo.eu\/es\/wp-json\/wp\/v2\/media\/49378"}],"wp:attachment":[{"href":"https:\/\/mexpo.eu\/es\/wp-json\/wp\/v2\/media?parent=62002"}],"wp:term":[{"taxonomy":"product_brand","embeddable":true,"href":"https:\/\/mexpo.eu\/es\/wp-json\/wp\/v2\/product_brand?post=62002"},{"taxonomy":"product_cat","embeddable":true,"href":"https:\/\/mexpo.eu\/es\/wp-json\/wp\/v2\/product_cat?post=62002"},{"taxonomy":"product_tag","embeddable":true,"href":"https:\/\/mexpo.eu\/es\/wp-json\/wp\/v2\/product_tag?post=62002"}],"curies":[{"name":"wp","href":"https:\/\/api.w.org\/{rel}","templated":true}]}}