{"id":61995,"date":"2025-02-17T13:17:45","date_gmt":"2025-02-17T13:17:45","guid":{"rendered":"https:\/\/mexpo.pl?post_type=product&#038;p=61995"},"modified":"2025-02-17T14:53:42","modified_gmt":"2025-02-17T14:53:42","slug":"headset-conjunto-de-auriculares-con-microfono-hdb-02g","status":"publish","type":"product","link":"https:\/\/mexpo.eu\/es\/produkt\/headset-conjunto-de-auriculares-con-microfono-hdb-02g\/","title":{"rendered":"Headset (conjunto de auriculares con micr\u00f3fono) HDB-02G"},"content":{"rendered":"<p>Un auricular duradero que reduce significativamente el ruido ambiental, ideal para trabajar en un entorno con altos niveles de ruido. El usuario tiene un potenci\u00f3metro de volumen de micr\u00f3fono y un bot\u00f3n de &#8220;silencio&#8221; &#8220;en el cable.<\/p>\n","protected":false},"excerpt":{"rendered":"<p>Auriculares (auriculares y micr\u00f3fono) HDB-02G. Auriculares duraderos que garantizan una reducci\u00f3n significativa del ruido ambiental. Potenci\u00f3metro de volumen del micr\u00f3fono y bot\u00f3n de silencio. Marcos Maytel. Compatibilidad Maytel Grand Multicom.<\/p>\n","protected":false},"featured_media":49354,"template":"","meta":{"_acf_changed":false},"product_brand":[],"product_cat":[5232],"product_tag":[],"class_list":{"0":"post-61995","1":"product","2":"type-product","3":"status-publish","4":"has-post-thumbnail","6":"product_cat-headsets-sistemas-de-intercomunicacion","8":"first","9":"instock","10":"taxable","11":"shipping-taxable","12":"purchasable","13":"product-type-simple"},"acf":[],"_links":{"self":[{"href":"https:\/\/mexpo.eu\/es\/wp-json\/wp\/v2\/product\/61995","targetHints":{"allow":["GET"]}}],"collection":[{"href":"https:\/\/mexpo.eu\/es\/wp-json\/wp\/v2\/product"}],"about":[{"href":"https:\/\/mexpo.eu\/es\/wp-json\/wp\/v2\/types\/product"}],"wp:featuredmedia":[{"embeddable":true,"href":"https:\/\/mexpo.eu\/es\/wp-json\/wp\/v2\/media\/49354"}],"wp:attachment":[{"href":"https:\/\/mexpo.eu\/es\/wp-json\/wp\/v2\/media?parent=61995"}],"wp:term":[{"taxonomy":"product_brand","embeddable":true,"href":"https:\/\/mexpo.eu\/es\/wp-json\/wp\/v2\/product_brand?post=61995"},{"taxonomy":"product_cat","embeddable":true,"href":"https:\/\/mexpo.eu\/es\/wp-json\/wp\/v2\/product_cat?post=61995"},{"taxonomy":"product_tag","embeddable":true,"href":"https:\/\/mexpo.eu\/es\/wp-json\/wp\/v2\/product_tag?post=61995"}],"curies":[{"name":"wp","href":"https:\/\/api.w.org\/{rel}","templated":true}]}}