{"id":61981,"date":"2025-02-17T13:17:28","date_gmt":"2025-02-17T13:17:28","guid":{"rendered":"https:\/\/mexpo.pl?post_type=product&#038;p=61981"},"modified":"2025-02-17T14:53:34","modified_gmt":"2025-02-17T14:53:34","slug":"headset-conjunto-de-auriculares-con-microfono-hem-20","status":"publish","type":"product","link":"https:\/\/mexpo.eu\/es\/produkt\/headset-conjunto-de-auriculares-con-microfono-hem-20\/","title":{"rendered":"Headset (conjunto de auriculares con micr\u00f3fono) HEM-20"},"content":{"rendered":"<p>Auriculares mono ligeros y profesionales. Proporciona condiciones de trabajo c\u00f3modas y una recepci\u00f3n de transmisi\u00f3n de alta calidad.<\/p>\n","protected":false},"excerpt":{"rendered":"<p>Auriculares (auriculares y micr\u00f3fono) HEM-20. Auriculares mono ligeros y profesionales. Fuente. Garantiza condiciones de trabajo c\u00f3modas y una alta calidad de recepci\u00f3n de transmisi\u00f3n.<\/p>\n","protected":false},"featured_media":49342,"template":"","meta":{"_acf_changed":false},"product_brand":[],"product_cat":[5232],"product_tag":[],"class_list":{"0":"post-61981","1":"product","2":"type-product","3":"status-publish","4":"has-post-thumbnail","6":"product_cat-headsets-sistemas-de-intercomunicacion","8":"first","9":"instock","10":"taxable","11":"shipping-taxable","12":"purchasable","13":"product-type-simple"},"acf":[],"_links":{"self":[{"href":"https:\/\/mexpo.eu\/es\/wp-json\/wp\/v2\/product\/61981","targetHints":{"allow":["GET"]}}],"collection":[{"href":"https:\/\/mexpo.eu\/es\/wp-json\/wp\/v2\/product"}],"about":[{"href":"https:\/\/mexpo.eu\/es\/wp-json\/wp\/v2\/types\/product"}],"wp:featuredmedia":[{"embeddable":true,"href":"https:\/\/mexpo.eu\/es\/wp-json\/wp\/v2\/media\/49342"}],"wp:attachment":[{"href":"https:\/\/mexpo.eu\/es\/wp-json\/wp\/v2\/media?parent=61981"}],"wp:term":[{"taxonomy":"product_brand","embeddable":true,"href":"https:\/\/mexpo.eu\/es\/wp-json\/wp\/v2\/product_brand?post=61981"},{"taxonomy":"product_cat","embeddable":true,"href":"https:\/\/mexpo.eu\/es\/wp-json\/wp\/v2\/product_cat?post=61981"},{"taxonomy":"product_tag","embeddable":true,"href":"https:\/\/mexpo.eu\/es\/wp-json\/wp\/v2\/product_tag?post=61981"}],"curies":[{"name":"wp","href":"https:\/\/api.w.org\/{rel}","templated":true}]}}