{"id":61974,"date":"2025-02-17T13:17:27","date_gmt":"2025-02-17T13:17:27","guid":{"rendered":"https:\/\/mexpo.pl?post_type=product&#038;p=61974"},"modified":"2025-02-17T14:53:32","modified_gmt":"2025-02-17T14:53:32","slug":"headset-conjunto-de-auriculares-con-microfono-hmr-13","status":"publish","type":"product","link":"https:\/\/mexpo.eu\/es\/produkt\/headset-conjunto-de-auriculares-con-microfono-hmr-13\/","title":{"rendered":"Headset (conjunto de auriculares con micr\u00f3fono) HMR-13"},"content":{"rendered":"<p>Adecuado para usar todo el d\u00eda, este auricular monof\u00f3nico viene con una diadema y un auricular de esponja suave para mayor comodidad. La estructura extremadamente ligera ser\u00e1 perfecta para la comunicaci\u00f3n en el tr\u00e1fico. El brazo de micr\u00f3fono flexible le permite ajustar y optimizar la posici\u00f3n del micr\u00f3fono.<\/p>\n","protected":false},"excerpt":{"rendered":"<p>Auriculares (auriculares y micr\u00f3fono) HMR-13. Los auriculares mono est\u00e1n equipados con una diadema y almohadillas de esponja suave que garantizan comodidad. Construcci\u00f3n ligera. Brazo de micr\u00f3fono flexible y ajustable. Compatibilidad Axiwi, Okayo FreeCom.<\/p>\n","protected":false},"featured_media":49336,"template":"","meta":{"_acf_changed":false},"product_brand":[],"product_cat":[5232],"product_tag":[],"class_list":{"0":"post-61974","1":"product","2":"type-product","3":"status-publish","4":"has-post-thumbnail","6":"product_cat-headsets-sistemas-de-intercomunicacion","8":"first","9":"instock","10":"taxable","11":"shipping-taxable","12":"purchasable","13":"product-type-simple"},"acf":[],"_links":{"self":[{"href":"https:\/\/mexpo.eu\/es\/wp-json\/wp\/v2\/product\/61974","targetHints":{"allow":["GET"]}}],"collection":[{"href":"https:\/\/mexpo.eu\/es\/wp-json\/wp\/v2\/product"}],"about":[{"href":"https:\/\/mexpo.eu\/es\/wp-json\/wp\/v2\/types\/product"}],"wp:featuredmedia":[{"embeddable":true,"href":"https:\/\/mexpo.eu\/es\/wp-json\/wp\/v2\/media\/49336"}],"wp:attachment":[{"href":"https:\/\/mexpo.eu\/es\/wp-json\/wp\/v2\/media?parent=61974"}],"wp:term":[{"taxonomy":"product_brand","embeddable":true,"href":"https:\/\/mexpo.eu\/es\/wp-json\/wp\/v2\/product_brand?post=61974"},{"taxonomy":"product_cat","embeddable":true,"href":"https:\/\/mexpo.eu\/es\/wp-json\/wp\/v2\/product_cat?post=61974"},{"taxonomy":"product_tag","embeddable":true,"href":"https:\/\/mexpo.eu\/es\/wp-json\/wp\/v2\/product_tag?post=61974"}],"curies":[{"name":"wp","href":"https:\/\/api.w.org\/{rel}","templated":true}]}}