{"id":61967,"date":"2025-02-17T13:17:26","date_gmt":"2025-02-17T13:17:26","guid":{"rendered":"https:\/\/mexpo.pl?post_type=product&#038;p=61967"},"modified":"2025-02-17T14:53:25","modified_gmt":"2025-02-17T14:53:25","slug":"headset-conjunto-de-auriculares-con-microfono-lmr-12","status":"publish","type":"product","link":"https:\/\/mexpo.eu\/es\/produkt\/headset-conjunto-de-auriculares-con-microfono-lmr-12\/","title":{"rendered":"Headset (conjunto de auriculares con micr\u00f3fono) LMR-12"},"content":{"rendered":"<p>Los auriculares resistentes a la luz, al agua y al polvo son el conjunto perfecto para gu\u00edas y entrenadores donde se requiere comodidad al llevar los auriculares en la cabeza. Tiene un soporte adicional para el o\u00eddo externo, un soporte para el o\u00eddo interno, un auricular (para el o\u00eddo izquierdo) con un micr\u00f3fono omnidireccional.<\/p>\n","protected":false},"excerpt":{"rendered":"<p>Auriculares (auriculares y micr\u00f3fono) LMR-12. Micr\u00f3fono de solapa con auricular sobre un colgante de goma flexible. Ajuste de sensibilidad del micr\u00f3fono, bot\u00f3n de silencio y entrada auxiliar de 3,5 mm. Compatibilidad mGuide DLR-01.<\/p>\n","protected":false},"featured_media":49308,"template":"","meta":{"_acf_changed":false},"product_brand":[],"product_cat":[5232],"product_tag":[],"class_list":{"0":"post-61967","1":"product","2":"type-product","3":"status-publish","4":"has-post-thumbnail","6":"product_cat-headsets-sistemas-de-intercomunicacion","8":"first","9":"instock","10":"taxable","11":"shipping-taxable","12":"purchasable","13":"product-type-simple"},"acf":[],"_links":{"self":[{"href":"https:\/\/mexpo.eu\/es\/wp-json\/wp\/v2\/product\/61967","targetHints":{"allow":["GET"]}}],"collection":[{"href":"https:\/\/mexpo.eu\/es\/wp-json\/wp\/v2\/product"}],"about":[{"href":"https:\/\/mexpo.eu\/es\/wp-json\/wp\/v2\/types\/product"}],"wp:featuredmedia":[{"embeddable":true,"href":"https:\/\/mexpo.eu\/es\/wp-json\/wp\/v2\/media\/49308"}],"wp:attachment":[{"href":"https:\/\/mexpo.eu\/es\/wp-json\/wp\/v2\/media?parent=61967"}],"wp:term":[{"taxonomy":"product_brand","embeddable":true,"href":"https:\/\/mexpo.eu\/es\/wp-json\/wp\/v2\/product_brand?post=61967"},{"taxonomy":"product_cat","embeddable":true,"href":"https:\/\/mexpo.eu\/es\/wp-json\/wp\/v2\/product_cat?post=61967"},{"taxonomy":"product_tag","embeddable":true,"href":"https:\/\/mexpo.eu\/es\/wp-json\/wp\/v2\/product_tag?post=61967"}],"curies":[{"name":"wp","href":"https:\/\/api.w.org\/{rel}","templated":true}]}}