{"id":61961,"date":"2025-02-17T13:17:25","date_gmt":"2025-02-17T13:17:25","guid":{"rendered":"https:\/\/mexpo.pl?post_type=product&#038;p=61961"},"modified":"2025-02-17T14:53:23","modified_gmt":"2025-02-17T14:53:23","slug":"microfono-de-mano-inalambrico-ej-501tg-40ch","status":"publish","type":"product","link":"https:\/\/mexpo.eu\/es\/produkt\/microfono-de-mano-inalambrico-ej-501tg-40ch\/","title":{"rendered":"Micr\u00f3fono de mano inal\u00e1mbrico EJ-501TG-40CH"},"content":{"rendered":"<p>El EJ-501TG-40CH es un transmisor inal\u00e1mbrico en forma de micr\u00f3fono de mano para transmisi\u00f3n de voz para un grupo de destinatarios con receptores Okayo WT-300R. Con este transmisor, una reuni\u00f3n \/ conferencia organizada o un recorrido grupal se vuelve m\u00e1s interactivo ya que el micr\u00f3fono se puede pasar libremente a otras personas. El micr\u00f3fono ha sido dise\u00f1ado para ser lo m\u00e1s c\u00f3modo posible de usar, por lo que su peso con bater\u00edas es de solo 140 g.<\/p>\n<p>Solicitud:<br \/>\n&#8211; excursiones grupales interactivas<br \/>\n&#8211; conferencias \/ capacitaciones<br \/>\n&#8211; traducciones simultaneas<br \/>\n&#8211; descripci\u00f3n de audio en vivo<br \/>\n&#8211; eventos \/ ferias<\/p>\n<p>Caracter\u00edsticas del micr\u00f3fono inal\u00e1mbrico EJ-501TG-40CH:<br \/>\n&#8211; hasta 40 canales disponibles en la banda 863 MHz ~ 865 MHz<br \/>\n&#8211; c\u00e1psula capacitiva incorporada asegurada con una malla de malla<br \/>\n&#8211; pantalla LCD<br \/>\n&#8211; alimentado por bater\u00edas alcalinas o bater\u00edas Ni-MH (cargador de escritorio dedicado disponible)<br \/>\n&#8211; 2 modos de micr\u00f3fono disponibles (Push-To-Bolt y Push-To-Talk)<br \/>\n&#8211; extremadamente ligero y c\u00f3modo de usar<\/p>\n","protected":false},"excerpt":{"rendered":"<p>Transmisor de mano ligero y c\u00f3modo para el sistema Okayo WT-300.<\/p>\n","protected":false},"featured_media":49302,"template":"","meta":{"_acf_changed":false},"product_brand":[],"product_cat":[5340],"product_tag":[],"class_list":{"0":"post-61961","1":"product","2":"type-product","3":"status-publish","4":"has-post-thumbnail","6":"product_cat-modelos-con-lista-de-espera","8":"first","9":"instock","10":"taxable","11":"shipping-taxable","12":"purchasable","13":"product-type-simple"},"acf":[],"_links":{"self":[{"href":"https:\/\/mexpo.eu\/es\/wp-json\/wp\/v2\/product\/61961","targetHints":{"allow":["GET"]}}],"collection":[{"href":"https:\/\/mexpo.eu\/es\/wp-json\/wp\/v2\/product"}],"about":[{"href":"https:\/\/mexpo.eu\/es\/wp-json\/wp\/v2\/types\/product"}],"wp:featuredmedia":[{"embeddable":true,"href":"https:\/\/mexpo.eu\/es\/wp-json\/wp\/v2\/media\/49302"}],"wp:attachment":[{"href":"https:\/\/mexpo.eu\/es\/wp-json\/wp\/v2\/media?parent=61961"}],"wp:term":[{"taxonomy":"product_brand","embeddable":true,"href":"https:\/\/mexpo.eu\/es\/wp-json\/wp\/v2\/product_brand?post=61961"},{"taxonomy":"product_cat","embeddable":true,"href":"https:\/\/mexpo.eu\/es\/wp-json\/wp\/v2\/product_cat?post=61961"},{"taxonomy":"product_tag","embeddable":true,"href":"https:\/\/mexpo.eu\/es\/wp-json\/wp\/v2\/product_tag?post=61961"}],"curies":[{"name":"wp","href":"https:\/\/api.w.org\/{rel}","templated":true}]}}