{"id":61938,"date":"2025-02-17T13:17:06","date_gmt":"2025-02-17T13:17:06","guid":{"rendered":"https:\/\/mexpo.pl?post_type=product&#038;p=61938"},"modified":"2026-04-15T10:21:05","modified_gmt":"2026-04-15T08:21:05","slug":"auricular-em-100-25-unidades","status":"publish","type":"product","link":"https:\/\/mexpo.eu\/es\/produkt\/auricular-em-100-25-unidades\/","title":{"rendered":"Auricular EM-100 (25 unidades)"},"content":{"rendered":"<p>Los auriculares Okayo EM-100 son ligeros, cuentan con un gancho de pl\u00e1stico para la oreja izquierda y almohadillas reemplazables. Est\u00e1n dise\u00f1ados para un uso intensivo en sistemas de gu\u00edas tur\u00edsticos y conferencias.<\/p>\n","protected":false},"excerpt":{"rendered":"<p>Los auriculares reutilizables EM-100 ofrecen una excelente calidad de sonido y durabilidad. Cuentan con un gancho de pl\u00e1stico para la oreja y almohadillas reemplazables.<\/p>\n","protected":false},"featured_media":68777,"template":"","meta":{"_acf_changed":false},"product_brand":[],"product_cat":[5234,5235],"product_tag":[],"class_list":{"0":"post-61938","1":"product","2":"type-product","3":"status-publish","4":"has-post-thumbnail","6":"product_cat-auriculares","7":"product_cat-auriculares-reutilizables-auriculares","9":"first","10":"instock","11":"taxable","12":"shipping-taxable","13":"purchasable","14":"product-type-simple"},"acf":[],"_links":{"self":[{"href":"https:\/\/mexpo.eu\/es\/wp-json\/wp\/v2\/product\/61938","targetHints":{"allow":["GET"]}}],"collection":[{"href":"https:\/\/mexpo.eu\/es\/wp-json\/wp\/v2\/product"}],"about":[{"href":"https:\/\/mexpo.eu\/es\/wp-json\/wp\/v2\/types\/product"}],"wp:featuredmedia":[{"embeddable":true,"href":"https:\/\/mexpo.eu\/es\/wp-json\/wp\/v2\/media\/68777"}],"wp:attachment":[{"href":"https:\/\/mexpo.eu\/es\/wp-json\/wp\/v2\/media?parent=61938"}],"wp:term":[{"taxonomy":"product_brand","embeddable":true,"href":"https:\/\/mexpo.eu\/es\/wp-json\/wp\/v2\/product_brand?post=61938"},{"taxonomy":"product_cat","embeddable":true,"href":"https:\/\/mexpo.eu\/es\/wp-json\/wp\/v2\/product_cat?post=61938"},{"taxonomy":"product_tag","embeddable":true,"href":"https:\/\/mexpo.eu\/es\/wp-json\/wp\/v2\/product_tag?post=61938"}],"curies":[{"name":"wp","href":"https:\/\/api.w.org\/{rel}","templated":true}]}}