{"id":61924,"date":"2025-02-17T13:16:51","date_gmt":"2025-02-17T13:16:51","guid":{"rendered":"https:\/\/mexpo.pl?post_type=product&#038;p=61924"},"modified":"2025-02-17T14:52:42","modified_gmt":"2025-02-17T14:52:42","slug":"microfono-lm-20a","status":"publish","type":"product","link":"https:\/\/mexpo.eu\/es\/produkt\/microfono-lm-20a\/","title":{"rendered":"Micr\u00f3fono LM-20A"},"content":{"rendered":"<p>Micr\u00f3fono de corbata unidireccional (llamado tambi\u00e9n micr\u00f3fono de solapa o con clip).<\/p>\n","protected":false},"excerpt":{"rendered":"<p>Micr\u00f3fono LM-20A. Micr\u00f3fono de solapa unidireccional (tambi\u00e9n llamado micr\u00f3fono de solapa o de solapa). Compatibilidad Okayo WT-300 G2, Okayo WT-350, mGuide DLR-01, mGuide Pellegrino, mGuide Pellegrino 2.<\/p>\n","protected":false},"featured_media":49163,"template":"","meta":{"_acf_changed":false},"product_brand":[],"product_cat":[5233],"product_tag":[],"class_list":{"0":"post-61924","1":"product","2":"type-product","3":"status-publish","4":"has-post-thumbnail","6":"product_cat-microfonos","8":"first","9":"instock","10":"taxable","11":"shipping-taxable","12":"purchasable","13":"product-type-simple"},"acf":[],"_links":{"self":[{"href":"https:\/\/mexpo.eu\/es\/wp-json\/wp\/v2\/product\/61924","targetHints":{"allow":["GET"]}}],"collection":[{"href":"https:\/\/mexpo.eu\/es\/wp-json\/wp\/v2\/product"}],"about":[{"href":"https:\/\/mexpo.eu\/es\/wp-json\/wp\/v2\/types\/product"}],"wp:featuredmedia":[{"embeddable":true,"href":"https:\/\/mexpo.eu\/es\/wp-json\/wp\/v2\/media\/49163"}],"wp:attachment":[{"href":"https:\/\/mexpo.eu\/es\/wp-json\/wp\/v2\/media?parent=61924"}],"wp:term":[{"taxonomy":"product_brand","embeddable":true,"href":"https:\/\/mexpo.eu\/es\/wp-json\/wp\/v2\/product_brand?post=61924"},{"taxonomy":"product_cat","embeddable":true,"href":"https:\/\/mexpo.eu\/es\/wp-json\/wp\/v2\/product_cat?post=61924"},{"taxonomy":"product_tag","embeddable":true,"href":"https:\/\/mexpo.eu\/es\/wp-json\/wp\/v2\/product_tag?post=61924"}],"curies":[{"name":"wp","href":"https:\/\/api.w.org\/{rel}","templated":true}]}}