{"id":61808,"date":"2025-02-17T13:15:58","date_gmt":"2025-02-17T13:15:58","guid":{"rendered":"https:\/\/mexpo.pl?post_type=product&#038;p=61808"},"modified":"2025-02-17T14:52:39","modified_gmt":"2025-02-17T14:52:39","slug":"cargador-en-el-estuche-de-transporte-okayo-chg-5","status":"publish","type":"product","link":"https:\/\/mexpo.eu\/es\/produkt\/cargador-en-el-estuche-de-transporte-okayo-chg-5\/","title":{"rendered":"Cargador en el estuche de transporte Okayo CHG-5"},"content":{"rendered":"<p>El cargador tiene 5 ranuras para cargar los intercomunicadores FreeCom. Cada ranura tiene un LED de estado de la bater\u00eda que indica cuando la bater\u00eda est\u00e1 completamente cargada. El panel de control con pantalla LCD permite la sincronizaci\u00f3n de canales simult\u00e1nea de todas las unidades colocadas en unos pocos segundos.<\/p>\n<p>El malet\u00edn compacto tiene un asa integrada para facilitar su transporte y es lo suficientemente peque\u00f1o como para usarlo como equipaje de mano mientras viaja. La carcasa duradera protege los dispositivos durante el transporte y el almacenamiento.<\/p>\n<p>Caracter\u00edsticas:<br \/>\n&#8211; 5 ranuras de carga universales<br \/>\n&#8211; Panel de control LCD retroiluminado con sincronizaci\u00f3n de canales<br \/>\n&#8211; Indicadores LED para estado de energ\u00eda<br \/>\n&#8211; Construcci\u00f3n ligera pero s\u00f3lida<br \/>\n&#8211; El interior est\u00e1 hecho de espuma.<\/p>\n","protected":false},"excerpt":{"rendered":"<p>Okayo CHG-5: el cargador tiene 5 ranuras para cargar los intercomunicadores FreeCom. Panel de control LCD retroiluminado con sincronizaci\u00f3n de canales. Construcci\u00f3n ligera pero s\u00f3lida. Compatibilidad Okayo FreeCom, Okayo OTG-200.<\/p>\n","protected":false},"featured_media":49152,"template":"","meta":{"_acf_changed":false},"product_brand":[],"product_cat":[5238,5324],"product_tag":[],"class_list":{"0":"post-61808","1":"product","2":"type-product","3":"status-publish","4":"has-post-thumbnail","6":"product_cat-cargadores","7":"product_cat-cargadores-para-sistemas-de-intercomunicacion","9":"first","10":"instock","11":"taxable","12":"shipping-taxable","13":"purchasable","14":"product-type-simple"},"acf":[],"_links":{"self":[{"href":"https:\/\/mexpo.eu\/es\/wp-json\/wp\/v2\/product\/61808","targetHints":{"allow":["GET"]}}],"collection":[{"href":"https:\/\/mexpo.eu\/es\/wp-json\/wp\/v2\/product"}],"about":[{"href":"https:\/\/mexpo.eu\/es\/wp-json\/wp\/v2\/types\/product"}],"wp:featuredmedia":[{"embeddable":true,"href":"https:\/\/mexpo.eu\/es\/wp-json\/wp\/v2\/media\/49152"}],"wp:attachment":[{"href":"https:\/\/mexpo.eu\/es\/wp-json\/wp\/v2\/media?parent=61808"}],"wp:term":[{"taxonomy":"product_brand","embeddable":true,"href":"https:\/\/mexpo.eu\/es\/wp-json\/wp\/v2\/product_brand?post=61808"},{"taxonomy":"product_cat","embeddable":true,"href":"https:\/\/mexpo.eu\/es\/wp-json\/wp\/v2\/product_cat?post=61808"},{"taxonomy":"product_tag","embeddable":true,"href":"https:\/\/mexpo.eu\/es\/wp-json\/wp\/v2\/product_tag?post=61808"}],"curies":[{"name":"wp","href":"https:\/\/api.w.org\/{rel}","templated":true}]}}