{"id":61802,"date":"2025-02-17T13:15:41","date_gmt":"2025-02-17T13:15:41","guid":{"rendered":"https:\/\/mexpo.pl?post_type=product&#038;p=61802"},"modified":"2025-02-17T14:52:35","modified_gmt":"2025-02-17T14:52:35","slug":"cargador-de-escritorio-okayo-c5","status":"publish","type":"product","link":"https:\/\/mexpo.eu\/es\/produkt\/cargador-de-escritorio-okayo-c5\/","title":{"rendered":"Cargador de escritorio Okayo C5"},"content":{"rendered":"<p>El cargador de escritorio Okayo C5 con funci\u00f3n de sincronizaci\u00f3n de canales carga y almacena simult\u00e1neamente hasta 5 intercomunicadores FreeCom. Cada ranura de carga tiene un LED para indicar cuando la bater\u00eda est\u00e1 completamente cargada. El panel de control con pantalla LCD permite la sincronizaci\u00f3n de canales simult\u00e1nea de todas las unidades colocadas en unos pocos segundos.<\/p>\n<p>Caracter\u00edsticas:<br \/>\n&#8211; 5 ranuras de carga universales<br \/>\n&#8211; Panel de control LCD retroiluminado con sincronizaci\u00f3n de canales<br \/>\n&#8211; Indicadores LED para estado de energ\u00eda<br \/>\n&#8211; Estructura autoportante compacta<\/p>\n","protected":false},"excerpt":{"rendered":"<p>El cargador estacionario Okayo C5 con funci\u00f3n de sincronizaci\u00f3n de canales carga y almacena simult\u00e1neamente hasta 5 intercomunicadores FreeCom. Panel de control LCD retroiluminado con sincronizaci\u00f3n de canales. Compatibilidad Okayo FreeCom, Okayo OTG-200.<\/p>\n","protected":false},"featured_media":49131,"template":"","meta":{"_acf_changed":false},"product_brand":[],"product_cat":[5238,5324],"product_tag":[],"class_list":{"0":"post-61802","1":"product","2":"type-product","3":"status-publish","4":"has-post-thumbnail","6":"product_cat-cargadores","7":"product_cat-cargadores-para-sistemas-de-intercomunicacion","9":"first","10":"instock","11":"taxable","12":"shipping-taxable","13":"purchasable","14":"product-type-simple"},"acf":[],"_links":{"self":[{"href":"https:\/\/mexpo.eu\/es\/wp-json\/wp\/v2\/product\/61802","targetHints":{"allow":["GET"]}}],"collection":[{"href":"https:\/\/mexpo.eu\/es\/wp-json\/wp\/v2\/product"}],"about":[{"href":"https:\/\/mexpo.eu\/es\/wp-json\/wp\/v2\/types\/product"}],"wp:featuredmedia":[{"embeddable":true,"href":"https:\/\/mexpo.eu\/es\/wp-json\/wp\/v2\/media\/49131"}],"wp:attachment":[{"href":"https:\/\/mexpo.eu\/es\/wp-json\/wp\/v2\/media?parent=61802"}],"wp:term":[{"taxonomy":"product_brand","embeddable":true,"href":"https:\/\/mexpo.eu\/es\/wp-json\/wp\/v2\/product_brand?post=61802"},{"taxonomy":"product_cat","embeddable":true,"href":"https:\/\/mexpo.eu\/es\/wp-json\/wp\/v2\/product_cat?post=61802"},{"taxonomy":"product_tag","embeddable":true,"href":"https:\/\/mexpo.eu\/es\/wp-json\/wp\/v2\/product_tag?post=61802"}],"curies":[{"name":"wp","href":"https:\/\/api.w.org\/{rel}","templated":true}]}}