{"id":61796,"date":"2025-02-17T13:15:41","date_gmt":"2025-02-17T13:15:41","guid":{"rendered":"https:\/\/mexpo.pl?post_type=product&#038;p=61796"},"modified":"2025-02-17T14:52:31","modified_gmt":"2025-02-17T14:52:31","slug":"auriculares-de-gama-alta-emc-205","status":"publish","type":"product","link":"https:\/\/mexpo.eu\/es\/produkt\/auriculares-de-gama-alta-emc-205\/","title":{"rendered":"Auriculares de gama alta EMC-205"},"content":{"rendered":"<p>El auricular EMC-205 permite al usuario hablar y escuchar a otros miembros del grupo en un entorno ruidoso. Los auriculares, la diadema y el micr\u00f3fono ajustables proporcionan al usuario un uso totalmente c\u00f3modo de los auriculares. El auricular tiene un ajuste de sensibilidad de micr\u00f3fono y un bot\u00f3n de silencio.<\/p>\n","protected":false},"excerpt":{"rendered":"<p>Auriculares y micr\u00f3fono EMC-205. Comodidad total gracias a las orejeras, la diadema y el micr\u00f3fono ajustables. Ajuste de sensibilidad del micr\u00f3fono y bot\u00f3n de silencio.<\/p>\n","protected":false},"featured_media":49125,"template":"","meta":{"_acf_changed":false},"product_brand":[],"product_cat":[5232],"product_tag":[],"class_list":{"0":"post-61796","1":"product","2":"type-product","3":"status-publish","4":"has-post-thumbnail","6":"product_cat-headsets-sistemas-de-intercomunicacion","8":"first","9":"instock","10":"taxable","11":"shipping-taxable","12":"purchasable","13":"product-type-simple"},"acf":[],"_links":{"self":[{"href":"https:\/\/mexpo.eu\/es\/wp-json\/wp\/v2\/product\/61796","targetHints":{"allow":["GET"]}}],"collection":[{"href":"https:\/\/mexpo.eu\/es\/wp-json\/wp\/v2\/product"}],"about":[{"href":"https:\/\/mexpo.eu\/es\/wp-json\/wp\/v2\/types\/product"}],"wp:featuredmedia":[{"embeddable":true,"href":"https:\/\/mexpo.eu\/es\/wp-json\/wp\/v2\/media\/49125"}],"wp:attachment":[{"href":"https:\/\/mexpo.eu\/es\/wp-json\/wp\/v2\/media?parent=61796"}],"wp:term":[{"taxonomy":"product_brand","embeddable":true,"href":"https:\/\/mexpo.eu\/es\/wp-json\/wp\/v2\/product_brand?post=61796"},{"taxonomy":"product_cat","embeddable":true,"href":"https:\/\/mexpo.eu\/es\/wp-json\/wp\/v2\/product_cat?post=61796"},{"taxonomy":"product_tag","embeddable":true,"href":"https:\/\/mexpo.eu\/es\/wp-json\/wp\/v2\/product_tag?post=61796"}],"curies":[{"name":"wp","href":"https:\/\/api.w.org\/{rel}","templated":true}]}}