{"id":61767,"date":"2025-02-17T13:15:20","date_gmt":"2025-02-17T13:15:20","guid":{"rendered":"https:\/\/mexpo.pl?post_type=product&#038;p=61767"},"modified":"2025-02-17T14:52:16","modified_gmt":"2025-02-17T14:52:16","slug":"microfono-de-solapa-con-auricular-emc-100","status":"publish","type":"product","link":"https:\/\/mexpo.eu\/es\/produkt\/microfono-de-solapa-con-auricular-emc-100\/","title":{"rendered":"Micr\u00f3fono de solapa con auricular EMC-100"},"content":{"rendered":"<p>El EMC-100 es un conjunto que consta de un micr\u00f3fono lavalier con un clip para ropa y un auricular en la oreja en un colgante de pl\u00e1stico. Se caracteriza por un tama\u00f1o y un peso reducidos, imperceptible para el usuario. Un auricular interno con la posibilidad de reemplazar la tapa de goma asegura una recepci\u00f3n estable de la transmisi\u00f3n.<\/p>\n","protected":false},"excerpt":{"rendered":"<p>EMC-100, micr\u00f3fono de solapa con pinza para ropa + auriculares intrauditivos con colgante de pl\u00e1stico. Se caracteriza por su peque\u00f1o tama\u00f1o y peso. Posibilidad de sustituir la cubierta de goma. Garantiza una recepci\u00f3n de transmisi\u00f3n estable.<\/p>\n","protected":false},"featured_media":49101,"template":"","meta":{"_acf_changed":false},"product_brand":[],"product_cat":[5232],"product_tag":[],"class_list":{"0":"post-61767","1":"product","2":"type-product","3":"status-publish","4":"has-post-thumbnail","6":"product_cat-headsets-sistemas-de-intercomunicacion","8":"first","9":"instock","10":"taxable","11":"shipping-taxable","12":"purchasable","13":"product-type-simple"},"acf":[],"_links":{"self":[{"href":"https:\/\/mexpo.eu\/es\/wp-json\/wp\/v2\/product\/61767","targetHints":{"allow":["GET"]}}],"collection":[{"href":"https:\/\/mexpo.eu\/es\/wp-json\/wp\/v2\/product"}],"about":[{"href":"https:\/\/mexpo.eu\/es\/wp-json\/wp\/v2\/types\/product"}],"wp:featuredmedia":[{"embeddable":true,"href":"https:\/\/mexpo.eu\/es\/wp-json\/wp\/v2\/media\/49101"}],"wp:attachment":[{"href":"https:\/\/mexpo.eu\/es\/wp-json\/wp\/v2\/media?parent=61767"}],"wp:term":[{"taxonomy":"product_brand","embeddable":true,"href":"https:\/\/mexpo.eu\/es\/wp-json\/wp\/v2\/product_brand?post=61767"},{"taxonomy":"product_cat","embeddable":true,"href":"https:\/\/mexpo.eu\/es\/wp-json\/wp\/v2\/product_cat?post=61767"},{"taxonomy":"product_tag","embeddable":true,"href":"https:\/\/mexpo.eu\/es\/wp-json\/wp\/v2\/product_tag?post=61767"}],"curies":[{"name":"wp","href":"https:\/\/api.w.org\/{rel}","templated":true}]}}