{"id":61749,"date":"2025-02-17T13:15:18","date_gmt":"2025-02-17T13:15:18","guid":{"rendered":"https:\/\/mexpo.pl?post_type=product&#038;p=61749"},"modified":"2025-02-17T14:52:05","modified_gmt":"2025-02-17T14:52:05","slug":"okayo-freecom-intercomunicador-inalambrico-duplex-completo-para-empresas-industria-o-educacion","status":"publish","type":"product","link":"https:\/\/mexpo.eu\/es\/produkt\/okayo-freecom-intercomunicador-inalambrico-duplex-completo-para-empresas-industria-o-educacion\/","title":{"rendered":"Okayo FreeCom &#8211; Intercomunicador inal\u00e1mbrico d\u00faplex completo para empresas, industria o educaci\u00f3n"},"content":{"rendered":"<p>Okayo FreeCom es la elecci\u00f3n ideal cuando se requiere una comunicaci\u00f3n inal\u00e1mbrica, segura y fiable, en modo manos libres y d\u00faplex completo. Transceptores inal\u00e1mbricos ligeros y compactos permiten que hasta seis usuarios hablen simult\u00e1neamente con un n\u00famero ilimitado de usuarios escuchando en grupo, con un sonido cristalino. FreeCom es un sistema digital bidireccional con una amplia gama de aplicaciones que se basa en cuatro principios fundamentales:<\/p>\n<p>Flexibilidad: cada intercomunicador puede configurarse como unidad principal (Master), secundaria (Sub-Master) o simplemente para escuchar al grupo (Listen).<br \/>\nControl: funci\u00f3n prioritaria de la unidad Master sobre las dem\u00e1s para poner orden en el grupo.<br \/>\nSeguridad: cifrado del canal de comunicaci\u00f3n del grupo. Para las transmisiones privadas, el grupo cerrado puede cifrarse para evitar que personas no deseadas escuchen sus conversaciones.<br \/>\nInal\u00e1mbrico: sin estaci\u00f3n base, el sistema puede utilizarse tanto en interiores como en exteriores.<\/p>\n<p>Okayo FreeCom permite que varios grupos independientes funcionen en paralelo sin interferencias, y su dise\u00f1o universal permite configurar cualquier FreeCom como unidad Master, Sub-Master o Listen. No hay distinci\u00f3n entre emisores y receptores.<\/p>\n<p>FreeCom tambi\u00e9n puede servir como sistema tourguide con una unidad Master y un grupo de receptores en configuraci\u00f3n Listen.<\/p>\n<p>Existe una amplia gama de auriculares disponibles para los sistemas FreeCom que funcionar\u00e1n en cualquier entorno, desde un recorrido por la ciudad hasta la visita a una planta industrial.<\/p>\n<p>Caracter\u00edsticas de Okayo FreeCom:<br \/>\n&#8211; Modulaci\u00f3n de transmisi\u00f3n digital 4GFSK con tecnolog\u00eda de reducci\u00f3n de ruido<br \/>\n&#8211; Comunicaci\u00f3n full duplex unidireccional o bidireccional<br \/>\n&#8211; Elecci\u00f3n de cifrado de canal para conversaciones privadas y seguras<br \/>\n&#8211; Cada dispositivo puede ser configurado como Master, Sub-Master o Listen<br \/>\n&#8211; Sincronizaci\u00f3n inal\u00e1mbrica de dispositivos<br \/>\n&#8211; 7 canales para la banda de frecuencia 863 ~ 865 MHz<br \/>\n&#8211; Sin limitaciones sobre el tama\u00f1o del grupo<br \/>\n&#8211; Pantalla OLED retroiluminada con alto contraste<br \/>\n&#8211; Sistema completamente inal\u00e1mbrico sin estaci\u00f3n base ni instalaci\u00f3n<br \/>\n&#8211; Alcance de m\u00e1s de 100 metros en l\u00ednea de visi\u00f3n<br \/>\n&#8211; Funcionamiento durante todo el d\u00eda con un juego de pilas<br \/>\n&#8211; Tres funciones del bot\u00f3n de conversaci\u00f3n: PTB, PTT, PTM<br \/>\n&#8211; Sensibilidad del micr\u00f3fono y potencia de RF ajustables<br \/>\n&#8211; Toma de auriculares compatible con aud\u00edfonos (HAC)<br \/>\n&#8211; Toma auxiliar adicional en el dispositivo<br \/>\n&#8211; Amplia gama de accesorios disponibles<\/p>\n<p>Usos:<br \/>\n&#8211; visitas guiadas\/ comunicaci\u00f3n en un entorno ruidoso (industria)<br \/>\n&#8211; comunicaci\u00f3n en peque\u00f1os grupos, por ejemplo, realizaci\u00f3n de audio<br \/>\n&#8211; servicio de hoteles, restaurantes, barcos, museos, atracciones tur\u00edsticas<br \/>\n&#8211; deportes, entrenamiento deportivo, arbitraje, eventos deportivos<br \/>\n&#8211; sistema de gu\u00eda tur\u00edstico bidireccional<\/p>\n","protected":false},"excerpt":{"rendered":"<p>Okayo FreeCom es la opci\u00f3n ideal cuando se requiere una comunicaci\u00f3n inal\u00e1mbrica, segura y fiable, en modo manos libres y d\u00faplex completo. Los transmisores-receptores inal\u00e1mbricos ligeros y compactos permiten que hasta seis usuarios hablen simult\u00e1neamente con un n\u00famero ilimitado de usuarios escuchando en grupo, con un sonido cristalino.<\/p>\n","protected":false},"featured_media":49059,"template":"","meta":{"_acf_changed":false},"product_brand":[],"product_cat":[5270,5231],"product_tag":[],"class_list":{"0":"post-61749","1":"product","2":"type-product","3":"status-publish","4":"has-post-thumbnail","6":"product_cat-intercomunicadores-inalambricos","7":"product_cat-sistemas-de-intercomunicacion","9":"first","10":"instock","11":"taxable","12":"shipping-taxable","13":"purchasable","14":"product-type-simple"},"acf":[],"_links":{"self":[{"href":"https:\/\/mexpo.eu\/es\/wp-json\/wp\/v2\/product\/61749","targetHints":{"allow":["GET"]}}],"collection":[{"href":"https:\/\/mexpo.eu\/es\/wp-json\/wp\/v2\/product"}],"about":[{"href":"https:\/\/mexpo.eu\/es\/wp-json\/wp\/v2\/types\/product"}],"wp:featuredmedia":[{"embeddable":true,"href":"https:\/\/mexpo.eu\/es\/wp-json\/wp\/v2\/media\/49059"}],"wp:attachment":[{"href":"https:\/\/mexpo.eu\/es\/wp-json\/wp\/v2\/media?parent=61749"}],"wp:term":[{"taxonomy":"product_brand","embeddable":true,"href":"https:\/\/mexpo.eu\/es\/wp-json\/wp\/v2\/product_brand?post=61749"},{"taxonomy":"product_cat","embeddable":true,"href":"https:\/\/mexpo.eu\/es\/wp-json\/wp\/v2\/product_cat?post=61749"},{"taxonomy":"product_tag","embeddable":true,"href":"https:\/\/mexpo.eu\/es\/wp-json\/wp\/v2\/product_tag?post=61749"}],"curies":[{"name":"wp","href":"https:\/\/api.w.org\/{rel}","templated":true}]}}