{"id":61745,"date":"2025-02-17T13:13:18","date_gmt":"2025-02-17T13:13:18","guid":{"rendered":"https:\/\/mexpo.pl?post_type=product&#038;p=61745"},"modified":"2025-02-17T14:50:34","modified_gmt":"2025-02-17T14:50:34","slug":"bateria-recargable-panasonic-eneloop-aa-r6-2000-mah","status":"publish","type":"product","link":"https:\/\/mexpo.eu\/es\/produkt\/bateria-recargable-panasonic-eneloop-aa-r6-2000-mah\/","title":{"rendered":"Bater\u00eda recargable Panasonic Eneloop AA (R6) 2000 mAh"},"content":{"rendered":"","protected":false},"excerpt":{"rendered":"<p>Eneloop es una bater\u00eda de larga duraci\u00f3n, precargada. Ahorra energ\u00eda y dinero. Ahora se puede cargar y descargar hasta 2100 veces. Bater\u00eda de hidruro met\u00e1lico de n\u00edquel, capacidad t\u00edpica: 2000 mAh.<\/p>\n","protected":false},"featured_media":48832,"template":"","meta":{"_acf_changed":false},"product_brand":[],"product_cat":[5937,5987],"product_tag":[],"class_list":{"0":"post-61745","1":"product","2":"type-product","3":"status-publish","4":"has-post-thumbnail","6":"product_cat-pilas-desechables-y-baterias-recargables","7":"product_cat-pilas-desechables-y-baterias-recargables-es","9":"first","10":"instock","11":"taxable","12":"shipping-taxable","13":"purchasable","14":"product-type-variable"},"acf":[],"_links":{"self":[{"href":"https:\/\/mexpo.eu\/es\/wp-json\/wp\/v2\/product\/61745","targetHints":{"allow":["GET"]}}],"collection":[{"href":"https:\/\/mexpo.eu\/es\/wp-json\/wp\/v2\/product"}],"about":[{"href":"https:\/\/mexpo.eu\/es\/wp-json\/wp\/v2\/types\/product"}],"wp:featuredmedia":[{"embeddable":true,"href":"https:\/\/mexpo.eu\/es\/wp-json\/wp\/v2\/media\/48832"}],"wp:attachment":[{"href":"https:\/\/mexpo.eu\/es\/wp-json\/wp\/v2\/media?parent=61745"}],"wp:term":[{"taxonomy":"product_brand","embeddable":true,"href":"https:\/\/mexpo.eu\/es\/wp-json\/wp\/v2\/product_brand?post=61745"},{"taxonomy":"product_cat","embeddable":true,"href":"https:\/\/mexpo.eu\/es\/wp-json\/wp\/v2\/product_cat?post=61745"},{"taxonomy":"product_tag","embeddable":true,"href":"https:\/\/mexpo.eu\/es\/wp-json\/wp\/v2\/product_tag?post=61745"}],"curies":[{"name":"wp","href":"https:\/\/api.w.org\/{rel}","templated":true}]}}