{"id":61648,"date":"2025-02-17T13:13:58","date_gmt":"2025-02-17T13:13:58","guid":{"rendered":"https:\/\/mexpo.pl?post_type=product&#038;p=61648"},"modified":"2025-08-22T10:53:37","modified_gmt":"2025-08-22T10:53:37","slug":"sistema-de-radioguia-transmisor-okayo-wt-300d","status":"publish","type":"product","link":"https:\/\/mexpo.eu\/es\/produkt\/sistema-de-radioguia-transmisor-okayo-wt-300d\/","title":{"rendered":"Sistema de Radiogu\u00eda &#8211; Transmisor Okayo WT-300D"},"content":{"rendered":"<p><strong>El modelo digital WT-300D (receptores morados, transmisores turquesa) no es compatible con las antiguas generaciones anal\u00f3gicas de este modelo (receptores rojos, transmisores azules). La falta de compatibilidad no es motivo de reclamaci\u00f3n o devoluci\u00f3n del producto.<\/strong><\/p>\n<p>El modelo Okayo WT-300 es un modelo de culto. No se lo puede describir de mejor manera. Los receptores rojos llevan m\u00e1s de 10 a\u00f1os acompa\u00f1ando a gu\u00edas y turistas por toda Europa. Se han ganado un gran n\u00famero de fervientes seguidores gracias a sus excelentes par\u00e1metros, tales como el alcance, el tiempo de funcionamiento, su carcasa resistente o el manejo muy sencillo.<\/p>\n<p><strong>Todo lo bueno llega a su fin&#8230;. \u00a1para dejar sitio a algo mejor!<\/strong><\/p>\n<p>La nueva generaci\u00f3n digital: el modelo Okayo WT-300D (Digital).<\/p>\n<p>Gracias a la transici\u00f3n a la transmisi\u00f3n digital, no s\u00f3lo podemos ofrecer un precio m\u00e1s asequible comparando con las antiguas versiones anal\u00f3gicas (las piezas para los sistemas anal\u00f3gicos ya no se fabrican y, por tanto, sus precios aumentan), sino sobre todo una nueva funci\u00f3n -hasta ahora inalcanzable- el cambio remoto de canal en los receptores. Adem\u00e1s, los receptores Okayo WT-300 D <strong>est\u00e1n equipados con un sistema <\/strong><strong>HAC <\/strong>(<em>Hearing Aid Compatible<\/em>), son compatibles con aud\u00edfonos para que sus usuarios puedan utilizarlos.<\/p>\n<p><strong>Menos significa m\u00e1s.<\/strong><\/p>\n<p>Okayo WT-300D cuenta con 25 canales&#8230; Sin embargo, al final no es menos comparando con la generaci\u00f3n anterior.<\/p>\n<p>El nuevo Okayo WT-300 digital tiene m\u00e1s canales disponibles para uso simult\u00e1neo que su predecesor anal\u00f3gico. Hasta 25 grupos pueden ser guiados simult\u00e1neamente en canales separados en la misma zona limitada (hasta 10 grupos en el modelo anal\u00f3gico). Esto significa que la probabilidad de interferencias provocados por otros grupos que usan el mismo modelo en lugares tur\u00edsticos populares es a\u00fan menor.<\/p>\n<p><strong>Ventajas del nuevo modelo<\/strong><\/p>\n<p>Okayo WT-300D puede presumir de las ventajas ya conocidas, tales como un buen alcance e incluso m\u00e1s tiempo de trabajo que el modelo anal\u00f3gico anterior. Con una carga o un cambio de bater\u00eda, el receptor funcionar\u00e1 durante m\u00e1s de 35 horas, es decir 10 horas m\u00e1s, comparando con la versi\u00f3n anterior.<\/p>\n<p>La carcasa del WT-300D no ha cambiado excepto por&#8230; el color. Sigue siendo el material ABS de eficacia probada, resistente no s\u00f3lo a roturas, sino incluso a peque\u00f1os ara\u00f1azos, pero esta vez destaca por su color inusual y original.<\/p>\n<p>El transmisor tiene un micr\u00f3fono incorporado, en caso de que pierda su micr\u00f3fono externo favorito, por ejemplo, el modelo LM-90 o HM-65.<\/p>\n<p><strong>Todos los accesorios existentes, incluidos los cargadores Okayo HDC-300, funcionan con el nuevo Okayo WT-300D.<\/strong><\/p>\n<p><strong>Garant\u00eda: 3 a\u00f1os.<\/strong><\/p>\n<div id=\"gtx-trans\" style=\"position: absolute; left: -70px; top: 1070px;\">\n<div class=\"gtx-trans-icon\"><\/div>\n<\/div>\n","protected":false},"excerpt":{"rendered":"<p>Okayo WT-300D: nuevo sistema tourguide digital de Okayo Electronics. Una versi\u00f3n digital moderna de la emblem\u00e1tica versi\u00f3n tourguide con nuevas funciones pr\u00e1cticas.<\/p>\n<div id=\"gtx-trans\" style=\"position: absolute; left: -462px; top: -10px;\">\n<div class=\"gtx-trans-icon\"><\/div>\n<\/div>\n","protected":false},"featured_media":48886,"template":"","meta":{"_acf_changed":false},"product_brand":[],"product_cat":[5228],"product_tag":[],"class_list":{"0":"post-61648","1":"product","2":"type-product","3":"status-publish","4":"has-post-thumbnail","6":"product_cat-transmisores-y-receptores","8":"first","9":"instock","10":"taxable","11":"shipping-taxable","12":"purchasable","13":"product-type-simple"},"acf":[],"_links":{"self":[{"href":"https:\/\/mexpo.eu\/es\/wp-json\/wp\/v2\/product\/61648","targetHints":{"allow":["GET"]}}],"collection":[{"href":"https:\/\/mexpo.eu\/es\/wp-json\/wp\/v2\/product"}],"about":[{"href":"https:\/\/mexpo.eu\/es\/wp-json\/wp\/v2\/types\/product"}],"wp:featuredmedia":[{"embeddable":true,"href":"https:\/\/mexpo.eu\/es\/wp-json\/wp\/v2\/media\/48886"}],"wp:attachment":[{"href":"https:\/\/mexpo.eu\/es\/wp-json\/wp\/v2\/media?parent=61648"}],"wp:term":[{"taxonomy":"product_brand","embeddable":true,"href":"https:\/\/mexpo.eu\/es\/wp-json\/wp\/v2\/product_brand?post=61648"},{"taxonomy":"product_cat","embeddable":true,"href":"https:\/\/mexpo.eu\/es\/wp-json\/wp\/v2\/product_cat?post=61648"},{"taxonomy":"product_tag","embeddable":true,"href":"https:\/\/mexpo.eu\/es\/wp-json\/wp\/v2\/product_tag?post=61648"}],"curies":[{"name":"wp","href":"https:\/\/api.w.org\/{rel}","templated":true}]}}