{"id":61598,"date":"2025-02-17T13:13:37","date_gmt":"2025-02-17T13:13:37","guid":{"rendered":"https:\/\/mexpo.pl?post_type=product&#038;p=61598"},"modified":"2025-06-26T13:09:37","modified_gmt":"2025-06-26T13:09:37","slug":"gancho-de-correa-smj-sdp-zk-50-unidades","status":"publish","type":"product","link":"https:\/\/mexpo.eu\/es\/produkt\/gancho-de-correa-smj-sdp-zk-50-unidades\/","title":{"rendered":"Gancho para correas higi\u00e9nicas (ZK) (50 unidades)"},"content":{"rendered":"<p>Pr\u00e1ctico sistema de gancho para correas higi\u00e9nicas. El sistema de gancho consta de unas \u201cbigotes\u201d o un lazo para sujetarlo al dispositivo que se usar\u00e1 en la correa y un mosquet\u00f3n para enganchar el lazo de la correa.<\/p>\n","protected":false},"excerpt":{"rendered":"<p>Pr\u00e1ctico sistema de gancho para correas higi\u00e9nicas. El sistema de gancho consiste en los llamados \u201cbigotes\u201d o bucles para sujetarlo al dispositivo. Tama\u00f1o del paquete: 50 unidades.<\/p>\n","protected":false},"featured_media":48850,"template":"","meta":{"_acf_changed":false},"product_brand":[],"product_cat":[5244,5236],"product_tag":[],"class_list":{"0":"post-61598","1":"product","2":"type-product","3":"status-publish","4":"has-post-thumbnail","6":"product_cat-correas-de-cuello","7":"product_cat-higiene","9":"first","10":"instock","11":"taxable","12":"shipping-taxable","13":"purchasable","14":"product-type-simple"},"acf":[],"_links":{"self":[{"href":"https:\/\/mexpo.eu\/es\/wp-json\/wp\/v2\/product\/61598","targetHints":{"allow":["GET"]}}],"collection":[{"href":"https:\/\/mexpo.eu\/es\/wp-json\/wp\/v2\/product"}],"about":[{"href":"https:\/\/mexpo.eu\/es\/wp-json\/wp\/v2\/types\/product"}],"wp:featuredmedia":[{"embeddable":true,"href":"https:\/\/mexpo.eu\/es\/wp-json\/wp\/v2\/media\/48850"}],"wp:attachment":[{"href":"https:\/\/mexpo.eu\/es\/wp-json\/wp\/v2\/media?parent=61598"}],"wp:term":[{"taxonomy":"product_brand","embeddable":true,"href":"https:\/\/mexpo.eu\/es\/wp-json\/wp\/v2\/product_brand?post=61598"},{"taxonomy":"product_cat","embeddable":true,"href":"https:\/\/mexpo.eu\/es\/wp-json\/wp\/v2\/product_cat?post=61598"},{"taxonomy":"product_tag","embeddable":true,"href":"https:\/\/mexpo.eu\/es\/wp-json\/wp\/v2\/product_tag?post=61598"}],"curies":[{"name":"wp","href":"https:\/\/api.w.org\/{rel}","templated":true}]}}