{"id":61580,"date":"2025-02-17T13:13:21","date_gmt":"2025-02-17T13:13:21","guid":{"rendered":"https:\/\/mexpo.pl?post_type=product&#038;p=61580"},"modified":"2026-04-24T13:19:57","modified_gmt":"2026-04-24T11:19:57","slug":"correas-para-lavarlos-en-lavadora-sdp","status":"publish","type":"product","link":"https:\/\/mexpo.eu\/es\/produkt\/correas-para-lavarlos-en-lavadora-sdp\/","title":{"rendered":"Correas higi\u00e9nicas"},"content":{"rendered":"<div class=\"electro-description clearfix\">\n<p>La correa higi\u00e9nica forma parte de nuestro\u00a0<b>sistema de correas patentado<\/b>, que consta de un\u00a0<b>bucle de algod\u00f3n<\/b>\u00a0y un\u00a0<b>mosquet\u00f3n<\/b>. El componente principal del sistema es la correa higi\u00e9nica en forma de\u00a0<b>bucle de algod\u00f3n<\/b>. Gracias al uso de algod\u00f3n, la correa es\u00a0<b>c\u00f3moda<\/b>\u00a0y m\u00e1s agradable de usar. La correa higi\u00e9nica se puede\u00a0<b>lavar<\/b>, lo que facilita su limpieza. Alternativamente, el bucle se puede\u00a0<b>desmontar f\u00e1cilmente del clip y desechar<\/b>, conservando el mosquet\u00f3n para reutilizarlo con un nuevo bucle.<\/p>\n<p><strong>\u00bfPor qu\u00e9 elegir la correa higi\u00e9nica?<\/strong><\/p>\n<ul>\n<li><b>Comodidad de uso durante todo el d\u00eda:<\/b>\u00a0La construcci\u00f3n de algod\u00f3n de la correa proporciona una comodidad de uso significativamente mayor en comparaci\u00f3n con las correas de poli\u00e9ster. El algod\u00f3n es m\u00e1s suave y transpirable, lo que se traduce en una mayor comodidad durante las excursiones de varias horas.<\/li>\n<li><b>Higiene y f\u00e1cil mantenimiento:<\/b>\u00a0La posibilidad de lavar el bucle de algod\u00f3n es una gran ventaja en la industria tur\u00edstica. Las correas est\u00e1n expuestas al sudor, el polvo y otras suciedades durante un uso intensivo en diversas condiciones. El lavado regular garantiza un alto nivel de higiene, lo que es importante tanto para la imagen del gu\u00eda como para la comodidad del turista.<\/li>\n<li><b>Reemplazo r\u00e1pido en caso de necesidad:<\/b>\u00a0El sistema \u00fanico de desenganche del bucle permite un reemplazo r\u00e1pido de la correa. En caso de suciedad intensa, da\u00f1os o simplemente la necesidad de cambiar r\u00e1pidamente a una correa nueva, el bucle viejo se puede desenganchar f\u00e1cilmente y reemplazar por uno nuevo, sin necesidad de desmontar todo el clip del dispositivo de gu\u00eda tur\u00edstico. Esto ahorra tiempo y es pr\u00e1ctico en un entorno de trabajo din\u00e1mico.<\/li>\n<li><b>Econom\u00eda y desarrollo sostenible:<\/b>\u00a0Gracias a la posibilidad de reemplazar solo el bucle de algod\u00f3n, los gu\u00edas no tienen que comprar un juego completo de correas cada vez que el bucle se desgasta. Basta con comprar solo los bucles, lo que es m\u00e1s econ\u00f3mico y ecol\u00f3gico, reduciendo la cantidad de residuos generados. Esto tambi\u00e9n est\u00e1 en l\u00ednea con el esp\u00edritu del desarrollo sostenible, lo que puede ser una ventaja para las empresas tur\u00edsticas.<\/li>\n<li><b>Apariencia profesional:<\/b>\u00a0Una correa limpia y bien cuidada es un elemento de la imagen profesional de un gu\u00eda. El sistema de f\u00e1cil lavado y reemplazo del bucle permite presentarse siempre impecablemente, lo que influye en la percepci\u00f3n de los turistas y genera confianza.<\/li>\n<\/ul>\n<\/div>\n<div class=\"product_meta\"><\/div>\n","protected":false},"excerpt":{"rendered":"<p>La correa para dispositivos de gu\u00eda tur\u00edstico en forma de bucle de algod\u00f3n, para usar con el clip \u201cZK\u201d (se compra por separado). El bucle est\u00e1 disponible en color amarillo y est\u00e1 hecho de algod\u00f3n natural y suave. No contiene elementos de pl\u00e1stico, por lo que se puede lavar, lo que facilita su limpieza. Envases disponibles: 50 unidades y 1000 unidades.<\/p>\n","protected":false},"featured_media":48844,"template":"","meta":{"_acf_changed":false},"product_brand":[],"product_cat":[5244,5236],"product_tag":[],"class_list":{"0":"post-61580","1":"product","2":"type-product","3":"status-publish","4":"has-post-thumbnail","6":"product_cat-correas-de-cuello","7":"product_cat-higiene","9":"first","10":"instock","11":"taxable","12":"shipping-taxable","13":"purchasable","14":"product-type-variable"},"acf":[],"_links":{"self":[{"href":"https:\/\/mexpo.eu\/es\/wp-json\/wp\/v2\/product\/61580","targetHints":{"allow":["GET"]}}],"collection":[{"href":"https:\/\/mexpo.eu\/es\/wp-json\/wp\/v2\/product"}],"about":[{"href":"https:\/\/mexpo.eu\/es\/wp-json\/wp\/v2\/types\/product"}],"wp:featuredmedia":[{"embeddable":true,"href":"https:\/\/mexpo.eu\/es\/wp-json\/wp\/v2\/media\/48844"}],"wp:attachment":[{"href":"https:\/\/mexpo.eu\/es\/wp-json\/wp\/v2\/media?parent=61580"}],"wp:term":[{"taxonomy":"product_brand","embeddable":true,"href":"https:\/\/mexpo.eu\/es\/wp-json\/wp\/v2\/product_brand?post=61580"},{"taxonomy":"product_cat","embeddable":true,"href":"https:\/\/mexpo.eu\/es\/wp-json\/wp\/v2\/product_cat?post=61580"},{"taxonomy":"product_tag","embeddable":true,"href":"https:\/\/mexpo.eu\/es\/wp-json\/wp\/v2\/product_tag?post=61580"}],"curies":[{"name":"wp","href":"https:\/\/api.w.org\/{rel}","templated":true}]}}