{"id":61556,"date":"2025-02-17T13:13:01","date_gmt":"2025-02-17T13:13:01","guid":{"rendered":"https:\/\/mexpo.pl?post_type=product&#038;p=61556"},"modified":"2025-02-17T14:50:23","modified_gmt":"2025-02-17T14:50:23","slug":"maytel-grand-multicom-2-4g-intercomunicador-inalambrico-para-industria-construccion-o-servicios-especiales","status":"publish","type":"product","link":"https:\/\/mexpo.eu\/es\/produkt\/maytel-grand-multicom-2-4g-intercomunicador-inalambrico-para-industria-construccion-o-servicios-especiales\/","title":{"rendered":"Maytel Grand Multicom 2.4G &#8211; intercomunicador inal\u00e1mbrico para industria, construcci\u00f3n o servicios especiales"},"content":{"rendered":"<p><strong>Maytel Grand Multicom 2.4G<\/strong> es un sistema de comunicaci\u00f3n bidireccional digital e inal\u00e1mbrico que cumple con los est\u00e1ndares IP67 para la industria, servicios en uniforme, entrenamiento y eventos deportivos. Es un sistema inigualable en su clase. Se caracteriza por un peque\u00f1o tama\u00f1o, una carcasa duradera, un funcionamiento sencillo y un largo alcance.<\/p>\n<p>Caracter\u00edsticas de Grand Multicom 2.4G:<br \/>\n&#8211; Comunicaci\u00f3n bidireccional full d\u00faplex de hasta 10 personas en un canal (9 + 1 PTT) y n\u00famero ilimitado de oyentes.<br \/>\n&#8211; 40 canales en la banda de frecuencia internacional sin licencia de 2.4GHz: los dispositivos pueden funcionar en cualquier lugar.<br \/>\n&#8211; Hasta 500 metros de alcance de transmisi\u00f3n en la l\u00ednea de visi\u00f3n y la posibilidad de aumentar el alcance con antenas dipolo m\u00e1s eficientes.<br \/>\n&#8211; Grand Multicom permite una extensi\u00f3n adicional del alcance de la transmisi\u00f3n usando rel\u00e9s de se\u00f1al especiales.<br \/>\n&#8211; Configuraci\u00f3n del c\u00f3digo de acceso al canal con un c\u00f3digo PIN especial.<br \/>\n&#8211; Grand Multicom 2.4G viene con un set de auriculares y micr\u00f3fono HSB-01G, un cable micro USB, as\u00ed como un estuche port\u00e1til.<\/p>\n<p>Usos:<br \/>\n&#8211; visitas guiadas\/ comunicaci\u00f3n en un entorno ruidoso (industria)<br \/>\n&#8211; seguridad y protecci\u00f3n de eventos, reuniones, peregrinaciones, conciertos<br \/>\n&#8211; coordinaci\u00f3n de los servicios en uniforme \/ equipos de rescate<br \/>\n&#8211; servicio de hoteles, restaurantes, barcos, museos, atracciones tur\u00edsticas<br \/>\n&#8211; deportes, entrenamiento deportivo, arbitraje y mucho m\u00e1s<\/p>\n","protected":false},"excerpt":{"rendered":"<p>Maytel Grand Multicom 2.4G es un sistema de comunicaci\u00f3n bidireccional digital e inal\u00e1mbrico que cumple con los est\u00e1ndares IP67 para la industria, servicios en uniforme, entrenamiento y eventos deportivos. Es un sistema inigualable en su clase. Se caracteriza por su peque\u00f1o tama\u00f1o, su carcasa duradera, un largo alcance y funcionakiento sencillo.<\/p>\n","protected":false},"featured_media":48782,"template":"","meta":{"_acf_changed":false},"product_brand":[],"product_cat":[5270,5231],"product_tag":[],"class_list":{"0":"post-61556","1":"product","2":"type-product","3":"status-publish","4":"has-post-thumbnail","6":"product_cat-intercomunicadores-inalambricos","7":"product_cat-sistemas-de-intercomunicacion","9":"first","10":"instock","11":"taxable","12":"shipping-taxable","13":"purchasable","14":"product-type-simple"},"acf":[],"_links":{"self":[{"href":"https:\/\/mexpo.eu\/es\/wp-json\/wp\/v2\/product\/61556","targetHints":{"allow":["GET"]}}],"collection":[{"href":"https:\/\/mexpo.eu\/es\/wp-json\/wp\/v2\/product"}],"about":[{"href":"https:\/\/mexpo.eu\/es\/wp-json\/wp\/v2\/types\/product"}],"wp:featuredmedia":[{"embeddable":true,"href":"https:\/\/mexpo.eu\/es\/wp-json\/wp\/v2\/media\/48782"}],"wp:attachment":[{"href":"https:\/\/mexpo.eu\/es\/wp-json\/wp\/v2\/media?parent=61556"}],"wp:term":[{"taxonomy":"product_brand","embeddable":true,"href":"https:\/\/mexpo.eu\/es\/wp-json\/wp\/v2\/product_brand?post=61556"},{"taxonomy":"product_cat","embeddable":true,"href":"https:\/\/mexpo.eu\/es\/wp-json\/wp\/v2\/product_cat?post=61556"},{"taxonomy":"product_tag","embeddable":true,"href":"https:\/\/mexpo.eu\/es\/wp-json\/wp\/v2\/product_tag?post=61556"}],"curies":[{"name":"wp","href":"https:\/\/api.w.org\/{rel}","templated":true}]}}