{"id":61478,"date":"2025-02-17T13:09:17","date_gmt":"2025-02-17T13:09:17","guid":{"rendered":"https:\/\/mexpo.pl?post_type=product&#038;p=61478"},"modified":"2025-03-18T14:57:17","modified_gmt":"2025-03-18T14:57:17","slug":"bolso-mochila-tbx-2","status":"publish","type":"product","link":"https:\/\/mexpo.eu\/es\/produkt\/bolso-mochila-tbx-2\/","title":{"rendered":"Bolso\/mochila TBX-2"},"content":{"rendered":"<p>Bolso reforzado, con espuma de protecci\u00f3n, para 77\/50\/49\/48\/45* dispositivos, dise\u00f1ado para ser utilizado por un gu\u00eda en una ciudad o en un museo como equipaje de mano.<\/p>\n<p>El bolso cuenta con una correa para el hombro desmontable, tirantes para usar el bolso como mochila que se guardan en un bolsillo especial con cremallera y dos asas para transportarlo vertical u horizontalmente. El asa horizontal es doble. TBX2 cuenta con 3 bolsillos externos con cremallera: 2 en la parte delantera para accesorios y un bolsillo grande en la parte trasera para documentos o accesorios. Dentro del compartimento principal hay un bolsillo adicional con cremallera. Disponible en dos colores: khaki y gris leopardo.<\/p>\n<p>No se recomienda su env\u00edo por empresa de mensajer\u00eda o como equipaje a\u00e9reo sin embalaje externo.<\/p>\n<p>Dimensiones (mm) 330 x 445 x 75<\/p>\n<p>* ependiendo del modelo:<\/p>\n<ul>\n<li>mGuide Pellegrino \u2013 50 unidades<\/li>\n<li>mGuide Pellegrino 2 \u2013 48 unidades<\/li>\n<li>Okayo WT-350 \u2013 50 unidades<\/li>\n<li>Okayo WT-300D &#8211; 45 unidades<\/li>\n<li>Okayo WT-300G2 \u2013 45 unidades<\/li>\n<li>Okayo WaveTalk &#8211; 77 unidades<\/li>\n<li>Okayo OTG-102 &#8211; 49 unidades<\/li>\n<li>Okayo OTG-200 &#8211; 49 unidades<\/li>\n<li>Okayo WT-350D &#8211; 50 unidades<\/li>\n<\/ul>\n","protected":false},"excerpt":{"rendered":"<p>El bolso cuenta con una correa para el hombro desmontable, tirantes para usar el bolso como mochila que se guardan en un bolsillo especial con cremallera y dos asas para transportarlo vertical u horizontalmente.<\/p>\n<p>&nbsp;<\/p>\n<p><a href=\"https:\/\/mguide.eu\/wp-content\/uploads\/2024\/08\/ES-Baner.png\"><img loading=\"lazy\" decoding=\"async\" class=\"alignnone size-full wp-image-45218\" src=\"https:\/\/mguide.eu\/wp-content\/uploads\/2024\/08\/ES-Baner.png\" alt=\"\" width=\"630\" height=\"120\" \/><\/a><\/p>\n","protected":false},"featured_media":64524,"template":"","meta":{"_acf_changed":false},"product_brand":[],"product_cat":[5239],"product_tag":[],"class_list":{"0":"post-61478","1":"product","2":"type-product","3":"status-publish","4":"has-post-thumbnail","6":"product_cat-bolsas-y-maletas-de-transporte","8":"first","9":"instock","10":"taxable","11":"shipping-taxable","12":"purchasable","13":"product-type-variable"},"acf":[],"_links":{"self":[{"href":"https:\/\/mexpo.eu\/es\/wp-json\/wp\/v2\/product\/61478","targetHints":{"allow":["GET"]}}],"collection":[{"href":"https:\/\/mexpo.eu\/es\/wp-json\/wp\/v2\/product"}],"about":[{"href":"https:\/\/mexpo.eu\/es\/wp-json\/wp\/v2\/types\/product"}],"wp:featuredmedia":[{"embeddable":true,"href":"https:\/\/mexpo.eu\/es\/wp-json\/wp\/v2\/media\/64524"}],"wp:attachment":[{"href":"https:\/\/mexpo.eu\/es\/wp-json\/wp\/v2\/media?parent=61478"}],"wp:term":[{"taxonomy":"product_brand","embeddable":true,"href":"https:\/\/mexpo.eu\/es\/wp-json\/wp\/v2\/product_brand?post=61478"},{"taxonomy":"product_cat","embeddable":true,"href":"https:\/\/mexpo.eu\/es\/wp-json\/wp\/v2\/product_cat?post=61478"},{"taxonomy":"product_tag","embeddable":true,"href":"https:\/\/mexpo.eu\/es\/wp-json\/wp\/v2\/product_tag?post=61478"}],"curies":[{"name":"wp","href":"https:\/\/api.w.org\/{rel}","templated":true}]}}