{"id":61467,"date":"2025-02-17T13:09:16","date_gmt":"2025-02-17T13:09:16","guid":{"rendered":"https:\/\/mexpo.pl?post_type=product&#038;p=61467"},"modified":"2025-02-17T14:49:58","modified_gmt":"2025-02-17T14:49:58","slug":"dch-12u-cargador-para-12-unidades-para-el-modelo-mguide-pellegrino-2","status":"publish","type":"product","link":"https:\/\/mexpo.eu\/es\/produkt\/dch-12u-cargador-para-12-unidades-para-el-modelo-mguide-pellegrino-2\/","title":{"rendered":"DCH-12U &#8211; Cargador para 12 unidades para el modelo mGuide Pellegrino 2"},"content":{"rendered":"<p>Muy pr\u00e1ctico y ligero cargador para 12 radiogu\u00edas mGuide Pellegrino 2 en un estuche negro.<br \/>\nEl estuche cuenta con un cierre de cremallera, asa de transporte y un bolsillo interior de malla. Despu\u00e9s de colocar los receptores en los compartimientos, queda espacio libre para accesorios.<\/p>\n<p>Tiempo de carga hasta 4.5 horas (desde cero). Usar con bater\u00edas AA NiMH con capacidad m\u00e1xima de 2100 mA. Dimensiones: 32x12x14 cm.<\/p>\n<p>S\u00e9 ecol\u00f3gico y ahorra:<br \/>\n&#8211; protege el medio ambiente: \u00a1usa un cargador y bater\u00edas recargables en lugar de bater\u00edas desechables!<br \/>\n&#8211; ahorra dinero: incluso en Pellegrino 2, el modelo m\u00e1s eficiente energ\u00e9ticamente, las bater\u00edas desechables se agotan despu\u00e9s de aproximadamente 35 horas, mientras que las bater\u00edas recargables servir\u00e1n durante a\u00f1os!<\/p>\n<p>El coste de 100 bater\u00edas AA desechables para alimentar 1 set de Pellegrino 2 (50 receptores) es de aproximadamente 90 PLN.<br \/>\nEl coste de carga de 100 bater\u00edas recargables es menor de 1 PLN.<\/p>\n","protected":false},"excerpt":{"rendered":"<p>Cargador ligero y extremadamente c\u00f3modo para dispositivos de gu\u00eda tur\u00edstico Guide Pellegrino 2 de 12 m en un estuche negro. Tiempo de carga hasta 4,5 horas (desde cero). Compatibilidad con mGuide Pellegrino 2.<\/p>\n","protected":false},"featured_media":48625,"template":"","meta":{"_acf_changed":false},"product_brand":[],"product_cat":[5238],"product_tag":[],"class_list":{"0":"post-61467","1":"product","2":"type-product","3":"status-publish","4":"has-post-thumbnail","6":"product_cat-cargadores","8":"first","9":"instock","10":"taxable","11":"shipping-taxable","12":"purchasable","13":"product-type-simple"},"acf":[],"_links":{"self":[{"href":"https:\/\/mexpo.eu\/es\/wp-json\/wp\/v2\/product\/61467","targetHints":{"allow":["GET"]}}],"collection":[{"href":"https:\/\/mexpo.eu\/es\/wp-json\/wp\/v2\/product"}],"about":[{"href":"https:\/\/mexpo.eu\/es\/wp-json\/wp\/v2\/types\/product"}],"wp:featuredmedia":[{"embeddable":true,"href":"https:\/\/mexpo.eu\/es\/wp-json\/wp\/v2\/media\/48625"}],"wp:attachment":[{"href":"https:\/\/mexpo.eu\/es\/wp-json\/wp\/v2\/media?parent=61467"}],"wp:term":[{"taxonomy":"product_brand","embeddable":true,"href":"https:\/\/mexpo.eu\/es\/wp-json\/wp\/v2\/product_brand?post=61467"},{"taxonomy":"product_cat","embeddable":true,"href":"https:\/\/mexpo.eu\/es\/wp-json\/wp\/v2\/product_cat?post=61467"},{"taxonomy":"product_tag","embeddable":true,"href":"https:\/\/mexpo.eu\/es\/wp-json\/wp\/v2\/product_tag?post=61467"}],"curies":[{"name":"wp","href":"https:\/\/api.w.org\/{rel}","templated":true}]}}