{"id":61462,"date":"2025-02-17T13:09:16","date_gmt":"2025-02-17T13:09:16","guid":{"rendered":"https:\/\/mexpo.pl?post_type=product&#038;p=61462"},"modified":"2025-03-19T12:14:33","modified_gmt":"2025-03-19T12:14:33","slug":"bac-stop-liquido-para-la-limpieza-y-desinfeccion-de-auriculares-y-receptores-tourguide","status":"publish","type":"product","link":"https:\/\/mexpo.eu\/es\/produkt\/bac-stop-liquido-para-la-limpieza-y-desinfeccion-de-auriculares-y-receptores-tourguide\/","title":{"rendered":"Bac-stop &#8211; L\u00edquido para la limpieza y desinfecci\u00f3n de auriculares y receptores tourguide"},"content":{"rendered":"<p>Bac-stop \u2013 Desinfecci\u00f3n de larga duraci\u00f3n de auriculares y aparatos receptores Tourguide \u2013 1% de una soluci\u00f3n lista al uso.<\/p>\n<p>Los auriculares o aparatos receptores usados con frecuencia podr\u00e1n albergar muchas bacterias, hongos, e incluso virus o par\u00e1sitos. \u00a1Cuida la limpieza del sistema Tourguide y la seguridad de turistas ofreci\u00e9ndoles una garant\u00eda del uso de los productos de limpieza adecuados!<\/p>\n<p>Una f\u00f3rmula &#8220;Bacoban&#8221; preparada en spray es un producto eficaz contra todo tipo de bacterias, hongos y virus (eficaz contra la hepatitis B y C, VIH, gripe, incluso H5N1 y H1N1, rotavirus y adenovirus).<br \/>\nHa pasado pruebas conformes con la normativa de VAH [Verbund f\u00fcr Angewandte Hygiene].<\/p>\n<p>Componentes: 100 g de soluci\u00f3n contiene: 0,26 g de cloruro de benzalconio, 0,025 g piritionato de sodio, polycondenstaes, sustancias arom\u00e1ticas, agua purificada. No contiene formaldeh\u00eddos ni fenol.<br \/>\nModo de uso: Ponga los auriculares o receptores planamente sobre una mesa. Vaporice el producto de 20 cm de distancia. Por fin limpia delicadamente con una bayeta. El producto crea una capa transparente que proteger\u00e1 el Sistema Tourguide hasta 10 d\u00edas.<\/p>\n","protected":false},"excerpt":{"rendered":"<p>Bac-Stop agente limpiador, desinfectante. Desinfecci\u00f3n a largo plazo de auriculares y receptores de gu\u00edas tur\u00edsticos. Eficaz contra: bacterias, hongos, virus.<\/p>\n","protected":false},"featured_media":64559,"template":"","meta":{"_acf_changed":false},"product_brand":[],"product_cat":[5236],"product_tag":[],"class_list":{"0":"post-61462","1":"product","2":"type-product","3":"status-publish","4":"has-post-thumbnail","6":"product_cat-higiene","8":"first","9":"instock","10":"taxable","11":"shipping-taxable","12":"purchasable","13":"product-type-variable"},"acf":[],"_links":{"self":[{"href":"https:\/\/mexpo.eu\/es\/wp-json\/wp\/v2\/product\/61462","targetHints":{"allow":["GET"]}}],"collection":[{"href":"https:\/\/mexpo.eu\/es\/wp-json\/wp\/v2\/product"}],"about":[{"href":"https:\/\/mexpo.eu\/es\/wp-json\/wp\/v2\/types\/product"}],"wp:featuredmedia":[{"embeddable":true,"href":"https:\/\/mexpo.eu\/es\/wp-json\/wp\/v2\/media\/64559"}],"wp:attachment":[{"href":"https:\/\/mexpo.eu\/es\/wp-json\/wp\/v2\/media?parent=61462"}],"wp:term":[{"taxonomy":"product_brand","embeddable":true,"href":"https:\/\/mexpo.eu\/es\/wp-json\/wp\/v2\/product_brand?post=61462"},{"taxonomy":"product_cat","embeddable":true,"href":"https:\/\/mexpo.eu\/es\/wp-json\/wp\/v2\/product_cat?post=61462"},{"taxonomy":"product_tag","embeddable":true,"href":"https:\/\/mexpo.eu\/es\/wp-json\/wp\/v2\/product_tag?post=61462"}],"curies":[{"name":"wp","href":"https:\/\/api.w.org\/{rel}","templated":true}]}}