{"id":61412,"date":"2025-02-17T13:08:53","date_gmt":"2025-02-17T13:08:53","guid":{"rendered":"https:\/\/mexpo.pl?post_type=product&#038;p=61412"},"modified":"2025-02-17T14:48:14","modified_gmt":"2025-02-17T14:48:14","slug":"bateria-recargable-everactive-aa-r6-ni-mh-2000-mah","status":"publish","type":"product","link":"https:\/\/mexpo.eu\/es\/produkt\/bateria-recargable-everactive-aa-r6-ni-mh-2000-mah\/","title":{"rendered":"Bater\u00eda recargable everActive AA (R6) Ni-MH 2000 mAh"},"content":{"rendered":"<p>Especificaciones:<br \/>\nTipo: R6 AA, Ni-MH<br \/>\nDimensiones: tipo 14.0 x 50.2mm<br \/>\nPeso bruto del paquete: 118g<br \/>\nPeso de la pila: 27g<br \/>\nVoltaje: 1.2V<br \/>\nFabricadas de acuerdo con las normas aplicables, fabricante con renombre, garant\u00eda de calidad<br \/>\nExcelentes caracter\u00edsticas de descarga plana<br \/>\nMuy alta capacidad: m\u00e1x.: 2000mAh, m\u00edn.: 1900mAh, seg\u00fan IEC 61951-2 (7.3.2)<br \/>\nImpedancia interna: &amp;lt; 35 mOhm (para una bater\u00eda cargada), posibles descargas con muy alta corriente &amp;gt;4A<\/p>\n<p>La capacidad real de las bater\u00edas everActive est\u00e1 conforme con las declaraciones en la bater\u00eda \/ bl\u00edster, de acuerdo con la norma internacional IEC 61951-2 (7.3.2).<br \/>\nSon bater\u00edas extremadamente duraderas con mayor vida \u00fatil, se caracterizan por una alta repetibilidad de los par\u00e1metros.<br \/>\nAl mismo tiempo, se caracterizan por un amplio rango de temperatura de trabajo: -20\u00b0C &#8211; 50\u00b0C.<\/p>\n<p>Las bater\u00edas EverActive son muy universales. Se utilizan, entre otros, en linternas, juguetes etc. Gracias al uso de la tecnolog\u00eda &#8220;ready to use&#8221;, pueden sustituir pilas alcalinas.<br \/>\n\u00a1Las bater\u00edas de la marca everActive ofrecen la m\u00e1s alta calidad a buen precio!<\/p>\n<p>Son perfectas para dispositivos exigentes tales como l\u00e1mparas de flash, linternas, focos, c\u00e1maras digitales o reproductores de CD \/ MP3. La capacidad de las bater\u00edas EverActive es similar a la de las bater\u00edas alcalinas, pero se pueden cargar muchas veces (hasta 1200 veces). Adem\u00e1s, las bater\u00edas resisten mejor la descarga con alta corriente.<\/p>\n<p>Comprando las bater\u00edas recargables everActive ayudas a proteger el medio ambiente y reduces la cantidad de residuos potenciales.<br \/>\nUna bater\u00eda puede reemplazar varios cientos de pilas tradicionales.<br \/>\nLas bater\u00edas recargables everActive garantizan un alto rendimiento incluso en condiciones extremas.<\/p>\n<p>Amplio rango de temperatura de trabajo: -20\u00b0C &#8211; 50\u00b0C.<br \/>\nLa nueva tecnolog\u00eda garantiza tambi\u00e9n una mayor vida \u00fatil de la bater\u00eda: ofrece m\u00e1s ciclos de carga \/ descarga manteniendo altos par\u00e1metros operativos.<\/p>\n","protected":false},"excerpt":{"rendered":"<p>Las bater\u00edas EverActive garantizan un alto rendimiento incluso en condiciones extremas. La nueva tecnolog\u00eda tambi\u00e9n significa una mayor duraci\u00f3n de la bater\u00eda. Muy alta capacidad m\u00e1xima 2000 mAh. Una bater\u00eda puede sustituir a varios cientos de bater\u00edas tradicionales.<\/p>\n","protected":false},"featured_media":48389,"template":"","meta":{"_acf_changed":false},"product_brand":[],"product_cat":[5937,5987],"product_tag":[],"class_list":{"0":"post-61412","1":"product","2":"type-product","3":"status-publish","4":"has-post-thumbnail","6":"product_cat-pilas-desechables-y-baterias-recargables","7":"product_cat-pilas-desechables-y-baterias-recargables-es","9":"first","10":"instock","11":"taxable","12":"shipping-taxable","13":"purchasable","14":"product-type-simple"},"acf":[],"_links":{"self":[{"href":"https:\/\/mexpo.eu\/es\/wp-json\/wp\/v2\/product\/61412","targetHints":{"allow":["GET"]}}],"collection":[{"href":"https:\/\/mexpo.eu\/es\/wp-json\/wp\/v2\/product"}],"about":[{"href":"https:\/\/mexpo.eu\/es\/wp-json\/wp\/v2\/types\/product"}],"wp:featuredmedia":[{"embeddable":true,"href":"https:\/\/mexpo.eu\/es\/wp-json\/wp\/v2\/media\/48389"}],"wp:attachment":[{"href":"https:\/\/mexpo.eu\/es\/wp-json\/wp\/v2\/media?parent=61412"}],"wp:term":[{"taxonomy":"product_brand","embeddable":true,"href":"https:\/\/mexpo.eu\/es\/wp-json\/wp\/v2\/product_brand?post=61412"},{"taxonomy":"product_cat","embeddable":true,"href":"https:\/\/mexpo.eu\/es\/wp-json\/wp\/v2\/product_cat?post=61412"},{"taxonomy":"product_tag","embeddable":true,"href":"https:\/\/mexpo.eu\/es\/wp-json\/wp\/v2\/product_tag?post=61412"}],"curies":[{"name":"wp","href":"https:\/\/api.w.org\/{rel}","templated":true}]}}