{"id":61411,"date":"2025-02-17T13:08:54","date_gmt":"2025-02-17T13:08:54","guid":{"rendered":"https:\/\/mexpo.pl?post_type=product&#038;p=61411"},"modified":"2025-02-17T14:48:31","modified_gmt":"2025-02-17T14:48:31","slug":"pilas-aa-r6-desechables-panasonic-powerline-industrial-480-unidades","status":"publish","type":"product","link":"https:\/\/mexpo.eu\/es\/produkt\/pilas-aa-r6-desechables-panasonic-powerline-industrial-480-unidades\/","title":{"rendered":"Pilas AA (R6) desechables Panasonic Powerline Industrial (480 unidades)"},"content":{"rendered":"<p>Fecha m\u00ednima de caducidad: 2022<br \/>\nDatos t\u00e9cnicos:<br \/>\nvoltaje [V]: 1.5<br \/>\npaquete: caja de cart\u00f3n de 40 uds.<br \/>\nmodelo: LR6\/AA<br \/>\ntipo: AA<br \/>\nvoltaje[V]: 1.5<br \/>\ndimensiones [mm]: 14.5<br \/>\naltura [mm]: 50.5<br \/>\notros nombres: LR6 \/ AA \/ R6 \/ MN 1500 \/ Mignon \/ AM3 \/ E91<\/p>\n<p>La versi\u00f3n industrial de bater\u00edas alcalinas es equivalente a las bater\u00edas de la mejor calidad disponibles en embalajes de tipo bl\u00edster. Pueden usarse en monitores de presi\u00f3n, linternas y otros electrodom\u00e9sticos. El precio de estas bater\u00edas no incluye los altos costos de publicidad y marketing. Por lo tanto, en relaci\u00f3n con el precio, son una opci\u00f3n \u00f3ptima de alta calidad.<\/p>\n","protected":false},"excerpt":{"rendered":"<p>Pilas alcalinas industriales. Pilas de la m\u00e1s alta calidad disponibles en blisters. Se puede utilizar, entre otros: en tensi\u00f3metros, linternas. Son una opci\u00f3n \u00f3ptima de alta calidad en relaci\u00f3n al precio.<\/p>\n","protected":false},"featured_media":48425,"template":"","meta":{"_acf_changed":false},"product_brand":[],"product_cat":[5937,5987],"product_tag":[],"class_list":{"0":"post-61411","1":"product","2":"type-product","3":"status-publish","4":"has-post-thumbnail","6":"product_cat-pilas-desechables-y-baterias-recargables","7":"product_cat-pilas-desechables-y-baterias-recargables-es","8":"product_shipping_class-baterie-7","10":"first","11":"outofstock","12":"taxable","13":"shipping-taxable","14":"purchasable","15":"product-type-simple"},"acf":[],"_links":{"self":[{"href":"https:\/\/mexpo.eu\/es\/wp-json\/wp\/v2\/product\/61411","targetHints":{"allow":["GET"]}}],"collection":[{"href":"https:\/\/mexpo.eu\/es\/wp-json\/wp\/v2\/product"}],"about":[{"href":"https:\/\/mexpo.eu\/es\/wp-json\/wp\/v2\/types\/product"}],"wp:featuredmedia":[{"embeddable":true,"href":"https:\/\/mexpo.eu\/es\/wp-json\/wp\/v2\/media\/48425"}],"wp:attachment":[{"href":"https:\/\/mexpo.eu\/es\/wp-json\/wp\/v2\/media?parent=61411"}],"wp:term":[{"taxonomy":"product_brand","embeddable":true,"href":"https:\/\/mexpo.eu\/es\/wp-json\/wp\/v2\/product_brand?post=61411"},{"taxonomy":"product_cat","embeddable":true,"href":"https:\/\/mexpo.eu\/es\/wp-json\/wp\/v2\/product_cat?post=61411"},{"taxonomy":"product_tag","embeddable":true,"href":"https:\/\/mexpo.eu\/es\/wp-json\/wp\/v2\/product_tag?post=61411"}],"curies":[{"name":"wp","href":"https:\/\/api.w.org\/{rel}","templated":true}]}}