{"id":61408,"date":"2025-02-17T13:09:15","date_gmt":"2025-02-17T13:09:15","guid":{"rendered":"https:\/\/mexpo.pl?post_type=product&#038;p=61408"},"modified":"2025-03-18T08:47:42","modified_gmt":"2025-03-18T08:47:42","slug":"auriculares-desechables-sj-1","status":"publish","type":"product","link":"https:\/\/mexpo.eu\/es\/produkt\/auriculares-desechables-sj-1\/","title":{"rendered":"Auriculares desechables SJ-1"},"content":{"rendered":"<p>Auriculares desechables SJ-1<br \/>\nAuriculares desechables de alta calidad. Aunque su durabilidad es m\u00e1s corta que la durabilidad de auriculares m\u00e1s costosos, no significa que son de uso \u00fanico ni de mala calidad. Les garantizamos que los modelos defectuosos no superan el 2% de la serie.<br \/>\nESPECIFICACIONES TECNICAS<br \/>\nAltavoz: 15 mm<br \/>\nConector: 3,5 mm<br \/>\nLongitud de cable: aprox. 100 cm<br \/>\nTipo: auricular para 1 oreja, intraaural<br \/>\nColor: p\u00farpura<\/p>\n","protected":false},"excerpt":{"rendered":"<p>Auriculares desechables SJ-1. Auriculares desechables de alta calidad. ESPECIFICACIONES T\u00c9CNICAS &#8211; Altavoz: 15 mm, conector: 3,5 mm, longitud del cable: aprox. 100 cm, tipo: auricular \u00daNICO (para 1 o\u00eddo), intraaural, color: p\u00farpura.<\/p>\n","protected":false},"featured_media":64484,"template":"","meta":{"_acf_changed":false},"product_brand":[],"product_cat":[5234,5240],"product_tag":[],"class_list":{"0":"post-61408","1":"product","2":"type-product","3":"status-publish","4":"has-post-thumbnail","6":"product_cat-auriculares","7":"product_cat-auriculares-higienicos-auriculares-desechables","9":"first","10":"instock","11":"taxable","12":"shipping-taxable","13":"purchasable","14":"product-type-variable"},"acf":[],"_links":{"self":[{"href":"https:\/\/mexpo.eu\/es\/wp-json\/wp\/v2\/product\/61408","targetHints":{"allow":["GET"]}}],"collection":[{"href":"https:\/\/mexpo.eu\/es\/wp-json\/wp\/v2\/product"}],"about":[{"href":"https:\/\/mexpo.eu\/es\/wp-json\/wp\/v2\/types\/product"}],"wp:featuredmedia":[{"embeddable":true,"href":"https:\/\/mexpo.eu\/es\/wp-json\/wp\/v2\/media\/64484"}],"wp:attachment":[{"href":"https:\/\/mexpo.eu\/es\/wp-json\/wp\/v2\/media?parent=61408"}],"wp:term":[{"taxonomy":"product_brand","embeddable":true,"href":"https:\/\/mexpo.eu\/es\/wp-json\/wp\/v2\/product_brand?post=61408"},{"taxonomy":"product_cat","embeddable":true,"href":"https:\/\/mexpo.eu\/es\/wp-json\/wp\/v2\/product_cat?post=61408"},{"taxonomy":"product_tag","embeddable":true,"href":"https:\/\/mexpo.eu\/es\/wp-json\/wp\/v2\/product_tag?post=61408"}],"curies":[{"name":"wp","href":"https:\/\/api.w.org\/{rel}","templated":true}]}}