{"id":61407,"date":"2025-02-17T13:09:15","date_gmt":"2025-02-17T12:09:15","guid":{"rendered":"https:\/\/mexpo.pl?post_type=product&#038;p=61407"},"modified":"2026-04-02T14:23:22","modified_gmt":"2026-04-02T12:23:22","slug":"auriculares-desechables-sj-2","status":"publish","type":"product","link":"https:\/\/mexpo.eu\/es\/produkt\/auriculares-desechables-sj-2\/","title":{"rendered":"Auriculares desechables SJ-2"},"content":{"rendered":"<p><img loading=\"lazy\" decoding=\"async\" class=\"alignnone size-full wp-image-68522\" src=\"https:\/\/mexpo.eu\/wp-content\/uploads\/2025\/02\/ikona-rohs.png\" alt=\"\" width=\"32\" height=\"32\" \/>Cumple con la normativa RoHS: fabricado sin el uso de sustancias nocivas. \u00a1Nos preocupamos por tu salud y por el planeta!<\/p>\n<p>Auriculares desechables SJ-2<br \/>\nAl igual que el modelo SJ-1, los SJ-2 son auriculares desechables de alta calidad. Aunque su durabilidad es m\u00e1s corta que la durabilidad de auriculares m\u00e1s costosos, no significa que son de uso \u00fanico ni de mala calidad. Les garantizamos que los modelos defectuosos no superan el 2% de la serie. Los auriculares SJ-2 se caracterizan por una forma anat\u00f3mica y moderna.<br \/>\nESPECIFICACIONES T\u00c9CNICAS<\/p>\n<p>Altavoz: 15 mm<br \/>\nConector: 3,5 mm<br \/>\nLongitud de cable: aprox. 100 cm<br \/>\nTipo: auricular para una oreja, intraaural, anat\u00f3mico (izquierda)<br \/>\nColor: blanco*<br \/>\n* En caso de pedido de min. 50 000 unidades, es posible elegir el color del auricular, la inscripci\u00f3n en las bolsitas o cambiar otros par\u00e1metros.<\/p>\n","protected":false},"excerpt":{"rendered":"<p>Auriculares desechables SJ-2 Al igual que el modelo SJ-1, estos son unos auriculares desechables de alta calidad. ESPECIFICACIONES T\u00c9CNICAS &#8211; Altavoz: 15 mm, Conector: 3,5 mm, Longitud del cable: aprox. 100 cm, Tipo: auricular \u00fanico, intrauditivo, anat\u00f3mico (izquierdo), Color: blanco.<\/p>\n","protected":false},"featured_media":48522,"template":"","meta":{"_acf_changed":false},"product_brand":[],"product_cat":[5234,5240],"product_tag":[],"class_list":{"0":"post-61407","1":"product","2":"type-product","3":"status-publish","4":"has-post-thumbnail","6":"product_cat-auriculares","7":"product_cat-auriculares-higienicos-auriculares-desechables","9":"first","10":"instock","11":"taxable","12":"shipping-taxable","13":"purchasable","14":"product-type-variable"},"acf":[],"_links":{"self":[{"href":"https:\/\/mexpo.eu\/es\/wp-json\/wp\/v2\/product\/61407","targetHints":{"allow":["GET"]}}],"collection":[{"href":"https:\/\/mexpo.eu\/es\/wp-json\/wp\/v2\/product"}],"about":[{"href":"https:\/\/mexpo.eu\/es\/wp-json\/wp\/v2\/types\/product"}],"wp:featuredmedia":[{"embeddable":true,"href":"https:\/\/mexpo.eu\/es\/wp-json\/wp\/v2\/media\/48522"}],"wp:attachment":[{"href":"https:\/\/mexpo.eu\/es\/wp-json\/wp\/v2\/media?parent=61407"}],"wp:term":[{"taxonomy":"product_brand","embeddable":true,"href":"https:\/\/mexpo.eu\/es\/wp-json\/wp\/v2\/product_brand?post=61407"},{"taxonomy":"product_cat","embeddable":true,"href":"https:\/\/mexpo.eu\/es\/wp-json\/wp\/v2\/product_cat?post=61407"},{"taxonomy":"product_tag","embeddable":true,"href":"https:\/\/mexpo.eu\/es\/wp-json\/wp\/v2\/product_tag?post=61407"}],"curies":[{"name":"wp","href":"https:\/\/api.w.org\/{rel}","templated":true}]}}