{"id":61402,"date":"2025-02-17T13:08:52","date_gmt":"2025-02-17T13:08:52","guid":{"rendered":"https:\/\/mexpo.pl?post_type=product&#038;p=61402"},"modified":"2025-09-02T11:37:58","modified_gmt":"2025-09-02T11:37:58","slug":"bolsa-de-transporte-tb-300-350","status":"publish","type":"product","link":"https:\/\/mexpo.eu\/es\/produkt\/bolsa-de-transporte-tb-300-350\/","title":{"rendered":"Bolsa de transporte TB-301"},"content":{"rendered":"<p>Bolsa de tela. Dise\u00f1ada para 30 (con espuma) o hasta 55 (sin espuma). Incre\u00edblemente ligera y c\u00f3moda. Equipada con una correa de hombro ajustable y dos bolsillos adicionales con cremallera: uno interior de malla y otro exterior. El compartimento principal cuenta con un divisor ajustable con velcro.<\/p>\n<p>Dimensiones de la bolsa: 40 x 28 x 11 cm<\/p>\n<p>Adem\u00e1s, se puede ampliar el volumen de la bolsa abriendo la cremallera superior, lo que la eleva aproximadamente 5 cm.<\/p>\n","protected":false},"excerpt":{"rendered":"<p>Una bolsa de transporte de tela. Incre\u00edblemente ligera y c\u00f3moda. Cuenta con una correa de hombro ajustable y dos bolsillos adicionales con cremallera: uno interior de malla y otro exterior. El compartimento principal tiene un divisor ajustable con velcro. El volumen de la bolsa se puede ampliar abriendo la cremallera superior.<\/p>\n","protected":false},"featured_media":48130,"template":"","meta":{"_acf_changed":false},"product_brand":[],"product_cat":[5239],"product_tag":[],"class_list":{"0":"post-61402","1":"product","2":"type-product","3":"status-publish","4":"has-post-thumbnail","6":"product_cat-bolsas-y-maletas-de-transporte","8":"first","9":"outofstock","10":"taxable","11":"shipping-taxable","12":"purchasable","13":"product-type-variable"},"acf":[],"_links":{"self":[{"href":"https:\/\/mexpo.eu\/es\/wp-json\/wp\/v2\/product\/61402","targetHints":{"allow":["GET"]}}],"collection":[{"href":"https:\/\/mexpo.eu\/es\/wp-json\/wp\/v2\/product"}],"about":[{"href":"https:\/\/mexpo.eu\/es\/wp-json\/wp\/v2\/types\/product"}],"wp:featuredmedia":[{"embeddable":true,"href":"https:\/\/mexpo.eu\/es\/wp-json\/wp\/v2\/media\/48130"}],"wp:attachment":[{"href":"https:\/\/mexpo.eu\/es\/wp-json\/wp\/v2\/media?parent=61402"}],"wp:term":[{"taxonomy":"product_brand","embeddable":true,"href":"https:\/\/mexpo.eu\/es\/wp-json\/wp\/v2\/product_brand?post=61402"},{"taxonomy":"product_cat","embeddable":true,"href":"https:\/\/mexpo.eu\/es\/wp-json\/wp\/v2\/product_cat?post=61402"},{"taxonomy":"product_tag","embeddable":true,"href":"https:\/\/mexpo.eu\/es\/wp-json\/wp\/v2\/product_tag?post=61402"}],"curies":[{"name":"wp","href":"https:\/\/api.w.org\/{rel}","templated":true}]}}