{"id":61401,"date":"2025-02-17T13:08:52","date_gmt":"2025-02-17T13:08:52","guid":{"rendered":"https:\/\/mexpo.pl?post_type=product&#038;p=61401"},"modified":"2025-02-17T14:47:36","modified_gmt":"2025-02-17T14:47:36","slug":"maletin-de-transporte-ac-360","status":"publish","type":"product","link":"https:\/\/mexpo.eu\/es\/produkt\/maletin-de-transporte-ac-360\/","title":{"rendered":"Malet\u00edn de transporte AC-360"},"content":{"rendered":"<p>Maleta de transporte AC-360<br \/>\nMaleta de transporte est\u00e1ndar fabricada de madera contrachapada y aluminio. Dise\u00f1ada para el transporte de m\u00e1x. 60 dispositivos (sin espuma de protecci\u00f3n).<br \/>\nDimensiones ext. 155x315x460 mm. Compartimento interior r\u00edgido regulable.<br \/>\nMango de pl\u00e1stico muy resistente. Todas las esquinas reforzadas.<br \/>\n2 cierres con un peque\u00f1o agujero para el candado.<br \/>\nLas bisagras se pueden quitar lo que protege contra la ruptura de la tapa. La tapa se puede quitar completamente para poder acceder de manera c\u00f3moda y f\u00e1cil al contenido de la maleta.<br \/>\nLa tapa lleva el logo del vendedor.<\/p>\n","protected":false},"excerpt":{"rendered":"<p>Maleta de transporte est\u00e1ndar fabricada en madera contrachapada y aluminio, tipo maleta. Dise\u00f1ado para hasta 60 dispositivos (sin espuma). Dimensiones externas 155x315x460mm. Compartimento interno r\u00edgido ajustable. Mango de pl\u00e1stico muy duradero. Refuerzos en todas las esquinas. 2 pestillos con ojal que permiten cerrar con candado.<\/p>\n","protected":false},"featured_media":48142,"template":"","meta":{"_acf_changed":false},"product_brand":[],"product_cat":[5239],"product_tag":[],"class_list":{"0":"post-61401","1":"product","2":"type-product","3":"status-publish","4":"has-post-thumbnail","6":"product_cat-bolsas-y-maletas-de-transporte","8":"first","9":"instock","10":"taxable","11":"shipping-taxable","12":"purchasable","13":"product-type-simple"},"acf":[],"_links":{"self":[{"href":"https:\/\/mexpo.eu\/es\/wp-json\/wp\/v2\/product\/61401","targetHints":{"allow":["GET"]}}],"collection":[{"href":"https:\/\/mexpo.eu\/es\/wp-json\/wp\/v2\/product"}],"about":[{"href":"https:\/\/mexpo.eu\/es\/wp-json\/wp\/v2\/types\/product"}],"wp:featuredmedia":[{"embeddable":true,"href":"https:\/\/mexpo.eu\/es\/wp-json\/wp\/v2\/media\/48142"}],"wp:attachment":[{"href":"https:\/\/mexpo.eu\/es\/wp-json\/wp\/v2\/media?parent=61401"}],"wp:term":[{"taxonomy":"product_brand","embeddable":true,"href":"https:\/\/mexpo.eu\/es\/wp-json\/wp\/v2\/product_brand?post=61401"},{"taxonomy":"product_cat","embeddable":true,"href":"https:\/\/mexpo.eu\/es\/wp-json\/wp\/v2\/product_cat?post=61401"},{"taxonomy":"product_tag","embeddable":true,"href":"https:\/\/mexpo.eu\/es\/wp-json\/wp\/v2\/product_tag?post=61401"}],"curies":[{"name":"wp","href":"https:\/\/api.w.org\/{rel}","templated":true}]}}