{"id":61400,"date":"2025-02-17T13:08:52","date_gmt":"2025-02-17T13:08:52","guid":{"rendered":"https:\/\/mexpo.pl?post_type=product&#038;p=61400"},"modified":"2025-02-17T14:47:39","modified_gmt":"2025-02-17T14:47:39","slug":"maletin-de-transporte-ac-658","status":"publish","type":"product","link":"https:\/\/mexpo.eu\/es\/produkt\/maletin-de-transporte-ac-658\/","title":{"rendered":"Malet\u00edn de transporte AC-658"},"content":{"rendered":"<p>Maleta de transporte de estructura reforzada sobre ruedas con asa telesc\u00f3pica.<br \/>\nLas dimensiones internas de la caja son 600 x 300 x 115 mm.<br \/>\nEn la maleta cabe un juego completo de sistema tourguide para el gu\u00eda y un paquete completo de accesorios como micr\u00f3fonos, auriculares, cordones.<br \/>\nEl estuche viene con una espuma dedicada * para una cantidad espec\u00edfica de un sistema de auriculares inal\u00e1mbricos para una gu\u00eda.<\/p>\n<p>* seg\u00fan el modelo del sistema tourguide, la espuma se ajustar\u00e1 a: Pellegrino &#8211; 50 art\u00edculos, Pellegrino 2 &#8211; 48 art\u00edculos, WT-350 &#8211; 50 art\u00edculos, WT-300 \/ WT-300G2 &#8211; 45 art\u00edculos \/ WaveTalk &#8211; 77 art\u00edculos \/ OTG -102 &#8211; 49 art\u00edculos<\/p>\n<p>Caracter\u00edsticas del malet\u00edn de transporte AC-658:<br \/>\n&#8211; contrachapado impermeable de fenol blanco de 6,5 mm<br \/>\n&#8211; perfiles de aluminio de 22 mm<br \/>\n&#8211; saques de esquina<br \/>\n&#8211; 2 x cierre de hebilla<br \/>\n&#8211; 1 x asa de maleta<br \/>\n&#8211; espuma ondulada en la tapa<br \/>\n&#8211; Espuma t\u00e9cnica de 10 mm con tabiques m\u00f3viles (2 tabiques)<br \/>\n&#8211; ruedas de 48 mm<br \/>\n&#8211; mango telesc\u00f3pico<br \/>\n&#8211; patas de goma<\/p>\n","protected":false},"excerpt":{"rendered":"<p>Maleta de transporte &#8211; maleta sobre ruedas con asa telesc\u00f3pica. Las particiones m\u00f3viles permiten un f\u00e1cil almacenamiento de receptores y accesorios. Ruedas duraderas. Mango de pl\u00e1stico duradero. El set incluye una espuma dedicada.<\/p>\n","protected":false},"featured_media":48155,"template":"","meta":{"_acf_changed":false},"product_brand":[],"product_cat":[5239],"product_tag":[],"class_list":{"0":"post-61400","1":"product","2":"type-product","3":"status-publish","4":"has-post-thumbnail","6":"product_cat-bolsas-y-maletas-de-transporte","8":"first","9":"instock","10":"taxable","11":"shipping-taxable","12":"purchasable","13":"product-type-simple"},"acf":[],"_links":{"self":[{"href":"https:\/\/mexpo.eu\/es\/wp-json\/wp\/v2\/product\/61400","targetHints":{"allow":["GET"]}}],"collection":[{"href":"https:\/\/mexpo.eu\/es\/wp-json\/wp\/v2\/product"}],"about":[{"href":"https:\/\/mexpo.eu\/es\/wp-json\/wp\/v2\/types\/product"}],"wp:featuredmedia":[{"embeddable":true,"href":"https:\/\/mexpo.eu\/es\/wp-json\/wp\/v2\/media\/48155"}],"wp:attachment":[{"href":"https:\/\/mexpo.eu\/es\/wp-json\/wp\/v2\/media?parent=61400"}],"wp:term":[{"taxonomy":"product_brand","embeddable":true,"href":"https:\/\/mexpo.eu\/es\/wp-json\/wp\/v2\/product_brand?post=61400"},{"taxonomy":"product_cat","embeddable":true,"href":"https:\/\/mexpo.eu\/es\/wp-json\/wp\/v2\/product_cat?post=61400"},{"taxonomy":"product_tag","embeddable":true,"href":"https:\/\/mexpo.eu\/es\/wp-json\/wp\/v2\/product_tag?post=61400"}],"curies":[{"name":"wp","href":"https:\/\/api.w.org\/{rel}","templated":true}]}}