{"id":61398,"date":"2025-02-17T13:09:15","date_gmt":"2025-02-17T13:09:15","guid":{"rendered":"https:\/\/mexpo.pl?post_type=product&#038;p=61398"},"modified":"2025-02-17T14:48:48","modified_gmt":"2025-02-17T14:48:48","slug":"maleta-de-transporte-cb-40x","status":"publish","type":"product","link":"https:\/\/mexpo.eu\/es\/produkt\/maleta-de-transporte-cb-40x\/","title":{"rendered":"Maleta de transporte CB-40x"},"content":{"rendered":"<p>Cargador especializado en forma de maleta para 40 unidades mGuide DLR-01\/02.<br \/>\nIncluye fuente de alimentaci\u00f3n y cable.<\/p>\n<p>Los receptores y los transmisores se colocan en los espacios de carga dentro de la maleta. Despu\u00e9s de conectar a una toma de corriente, el dispositivo carga autom\u00e1ticamente las bater\u00edas. El tiempo de carga desde la descarga completa hasta una carga completa es de aproximadamente 5,5 horas.<\/p>\n<p>CB-40x tambi\u00e9n se puede utilizar para el transporte y almacenamiento de dispositivos DLR.<\/p>\n","protected":false},"excerpt":{"rendered":"<p>Cargador de maleta especializado para 40 unidades de dispositivos mGuide DLR-01\/02. El conjunto incluye un adaptador de corriente y un cable. Los receptores y transmisores se colocan en bolsillos dentro de la maleta. El tiempo de carga desde la descarga completa hasta la carga completa es de aproximadamente 5,5 horas.<\/p>\n","protected":false},"featured_media":48449,"template":"","meta":{"_acf_changed":false},"product_brand":[],"product_cat":[5238],"product_tag":[],"class_list":{"0":"post-61398","1":"product","2":"type-product","3":"status-publish","4":"has-post-thumbnail","6":"product_cat-cargadores","8":"first","9":"instock","10":"taxable","11":"shipping-taxable","12":"purchasable","13":"product-type-simple"},"acf":[],"_links":{"self":[{"href":"https:\/\/mexpo.eu\/es\/wp-json\/wp\/v2\/product\/61398","targetHints":{"allow":["GET"]}}],"collection":[{"href":"https:\/\/mexpo.eu\/es\/wp-json\/wp\/v2\/product"}],"about":[{"href":"https:\/\/mexpo.eu\/es\/wp-json\/wp\/v2\/types\/product"}],"wp:featuredmedia":[{"embeddable":true,"href":"https:\/\/mexpo.eu\/es\/wp-json\/wp\/v2\/media\/48449"}],"wp:attachment":[{"href":"https:\/\/mexpo.eu\/es\/wp-json\/wp\/v2\/media?parent=61398"}],"wp:term":[{"taxonomy":"product_brand","embeddable":true,"href":"https:\/\/mexpo.eu\/es\/wp-json\/wp\/v2\/product_brand?post=61398"},{"taxonomy":"product_cat","embeddable":true,"href":"https:\/\/mexpo.eu\/es\/wp-json\/wp\/v2\/product_cat?post=61398"},{"taxonomy":"product_tag","embeddable":true,"href":"https:\/\/mexpo.eu\/es\/wp-json\/wp\/v2\/product_tag?post=61398"}],"curies":[{"name":"wp","href":"https:\/\/api.w.org\/{rel}","templated":true}]}}