{"id":61390,"date":"2025-02-17T13:08:53","date_gmt":"2025-02-17T13:08:53","guid":{"rendered":"https:\/\/mexpo.pl?post_type=product&#038;p=61390"},"modified":"2026-01-30T12:10:56","modified_gmt":"2026-01-30T11:10:56","slug":"toallitas-limpiadoras-desechables-50-unidades","status":"publish","type":"product","link":"https:\/\/mexpo.eu\/es\/produkt\/toallitas-limpiadoras-desechables-50-unidades\/","title":{"rendered":"Toallitas desechables para desinfectar auriculares y receptores"},"content":{"rendered":"<p>\u00a1Cuida la higiene del equipo tourguide!<\/p>\n<p>Los auriculares o receptores usados con frecuencia pueden ser un foco de muchas bacterias, hongos e incluso virus o par\u00e1sitos.<br \/>\nCuida la higiene del equipo tourguide y la seguridad de los turistas, ofreci\u00e9ndoles los productos adecuados.<\/p>\n<p><strong>2 razones por las que debes desinfectar los auriculares reutilizables:<\/strong><\/p>\n<ol>\n<li>Durante el uso, los auriculares se convierten en un foco de millones de bacterias y de c\u00e9lulas muertas de piel, lo que puede provocar enfermedades en el o\u00eddo y de la piel.<\/li>\n<li>La suciedad puede tapar el altavoz del auricular.<\/li>\n<\/ol>\n","protected":false},"excerpt":{"rendered":"<p>Toallitas para limpieza y desinfecci\u00f3n de auriculares y receptores. Higiene del equipo de gu\u00eda tur\u00edstico.<\/p>\n","protected":false},"featured_media":68508,"template":"","meta":{"_acf_changed":false},"product_brand":[],"product_cat":[5236],"product_tag":[],"class_list":{"0":"post-61390","1":"product","2":"type-product","3":"status-publish","4":"has-post-thumbnail","6":"product_cat-higiene","8":"first","9":"outofstock","10":"taxable","11":"shipping-taxable","12":"purchasable","13":"product-type-variable"},"acf":[],"_links":{"self":[{"href":"https:\/\/mexpo.eu\/es\/wp-json\/wp\/v2\/product\/61390","targetHints":{"allow":["GET"]}}],"collection":[{"href":"https:\/\/mexpo.eu\/es\/wp-json\/wp\/v2\/product"}],"about":[{"href":"https:\/\/mexpo.eu\/es\/wp-json\/wp\/v2\/types\/product"}],"wp:featuredmedia":[{"embeddable":true,"href":"https:\/\/mexpo.eu\/es\/wp-json\/wp\/v2\/media\/68508"}],"wp:attachment":[{"href":"https:\/\/mexpo.eu\/es\/wp-json\/wp\/v2\/media?parent=61390"}],"wp:term":[{"taxonomy":"product_brand","embeddable":true,"href":"https:\/\/mexpo.eu\/es\/wp-json\/wp\/v2\/product_brand?post=61390"},{"taxonomy":"product_cat","embeddable":true,"href":"https:\/\/mexpo.eu\/es\/wp-json\/wp\/v2\/product_cat?post=61390"},{"taxonomy":"product_tag","embeddable":true,"href":"https:\/\/mexpo.eu\/es\/wp-json\/wp\/v2\/product_tag?post=61390"}],"curies":[{"name":"wp","href":"https:\/\/api.w.org\/{rel}","templated":true}]}}