{"id":61388,"date":"2025-02-17T13:08:54","date_gmt":"2025-02-17T13:08:54","guid":{"rendered":"https:\/\/mexpo.pl?post_type=product&#038;p=61388"},"modified":"2025-02-17T14:48:23","modified_gmt":"2025-02-17T14:48:23","slug":"esponjas-higienicas-para-auriculares-55-cm-1000-uds","status":"publish","type":"product","link":"https:\/\/mexpo.eu\/es\/produkt\/esponjas-higienicas-para-auriculares-55-cm-1000-uds\/","title":{"rendered":"Esponjas higi\u00e9nicas para auriculares, 5,5 cm (1000 uds.)"},"content":{"rendered":"<p>Di\u00e1metro 5,5 cm.<br \/>\nFabricados de un material especial sin fibra que no causa irritaci\u00f3n ni sudoraci\u00f3n de la oreja. F\u00e1cil de colocar y sacar del auricular.<br \/>\nProducto higi\u00e9nico desechable.<br \/>\nLa forma m\u00e1s econ\u00f3mica de uso higi\u00e9nico de los auriculares.<br \/>\n<strong>Actualmente est\u00e1n disponibles s\u00f3lo en color rojo.<\/strong><\/p>\n","protected":false},"excerpt":{"rendered":"<p>Fabricado con un material especial sin fibras que no provoca irritaci\u00f3n en los o\u00eddos ni sudoraci\u00f3n. F\u00e1cil de poner y quitar del auricular. Producto de higiene desechable. La forma m\u00e1s econ\u00f3mica de garantizar la higiene al utilizar auriculares.<\/p>\n","protected":false},"featured_media":48401,"template":"","meta":{"_acf_changed":false},"product_brand":[],"product_cat":[5235,5236],"product_tag":[],"class_list":{"0":"post-61388","1":"product","2":"type-product","3":"status-publish","4":"has-post-thumbnail","6":"product_cat-auriculares-reutilizables-auriculares","7":"product_cat-higiene","9":"first","10":"instock","11":"taxable","12":"shipping-taxable","13":"purchasable","14":"product-type-simple"},"acf":[],"_links":{"self":[{"href":"https:\/\/mexpo.eu\/es\/wp-json\/wp\/v2\/product\/61388","targetHints":{"allow":["GET"]}}],"collection":[{"href":"https:\/\/mexpo.eu\/es\/wp-json\/wp\/v2\/product"}],"about":[{"href":"https:\/\/mexpo.eu\/es\/wp-json\/wp\/v2\/types\/product"}],"wp:featuredmedia":[{"embeddable":true,"href":"https:\/\/mexpo.eu\/es\/wp-json\/wp\/v2\/media\/48401"}],"wp:attachment":[{"href":"https:\/\/mexpo.eu\/es\/wp-json\/wp\/v2\/media?parent=61388"}],"wp:term":[{"taxonomy":"product_brand","embeddable":true,"href":"https:\/\/mexpo.eu\/es\/wp-json\/wp\/v2\/product_brand?post=61388"},{"taxonomy":"product_cat","embeddable":true,"href":"https:\/\/mexpo.eu\/es\/wp-json\/wp\/v2\/product_cat?post=61388"},{"taxonomy":"product_tag","embeddable":true,"href":"https:\/\/mexpo.eu\/es\/wp-json\/wp\/v2\/product_tag?post=61388"}],"curies":[{"name":"wp","href":"https:\/\/api.w.org\/{rel}","templated":true}]}}