{"id":61387,"date":"2025-02-17T13:08:54","date_gmt":"2025-02-17T13:08:54","guid":{"rendered":"https:\/\/mexpo.pl?post_type=product&#038;p=61387"},"modified":"2025-02-17T14:48:26","modified_gmt":"2025-02-17T14:48:26","slug":"almohadillas-higienicas-para-auriculares-em-100-100-uds","status":"publish","type":"product","link":"https:\/\/mexpo.eu\/es\/produkt\/almohadillas-higienicas-para-auriculares-em-100-100-uds\/","title":{"rendered":"Almohadillas higi\u00e9nicas para auriculares EM-100 (100 uds.)"},"content":{"rendered":"<p>Fabricados de goma blanda, no irritan o\u00eddos. Producto higi\u00e9nico desechable.<\/p>\n","protected":false},"excerpt":{"rendered":"<p>Gomas de borrar higi\u00e9nicas para auriculares. Fabricados en goma blanda, no provocan irritaci\u00f3n en los o\u00eddos. Producto de higiene desechable.<\/p>\n","protected":false},"featured_media":48413,"template":"","meta":{"_acf_changed":false},"product_brand":[],"product_cat":[5235,5236],"product_tag":[],"class_list":{"0":"post-61387","1":"product","2":"type-product","3":"status-publish","4":"has-post-thumbnail","6":"product_cat-auriculares-reutilizables-auriculares","7":"product_cat-higiene","9":"first","10":"instock","11":"taxable","12":"shipping-taxable","13":"purchasable","14":"product-type-simple"},"acf":[],"_links":{"self":[{"href":"https:\/\/mexpo.eu\/es\/wp-json\/wp\/v2\/product\/61387","targetHints":{"allow":["GET"]}}],"collection":[{"href":"https:\/\/mexpo.eu\/es\/wp-json\/wp\/v2\/product"}],"about":[{"href":"https:\/\/mexpo.eu\/es\/wp-json\/wp\/v2\/types\/product"}],"wp:featuredmedia":[{"embeddable":true,"href":"https:\/\/mexpo.eu\/es\/wp-json\/wp\/v2\/media\/48413"}],"wp:attachment":[{"href":"https:\/\/mexpo.eu\/es\/wp-json\/wp\/v2\/media?parent=61387"}],"wp:term":[{"taxonomy":"product_brand","embeddable":true,"href":"https:\/\/mexpo.eu\/es\/wp-json\/wp\/v2\/product_brand?post=61387"},{"taxonomy":"product_cat","embeddable":true,"href":"https:\/\/mexpo.eu\/es\/wp-json\/wp\/v2\/product_cat?post=61387"},{"taxonomy":"product_tag","embeddable":true,"href":"https:\/\/mexpo.eu\/es\/wp-json\/wp\/v2\/product_tag?post=61387"}],"curies":[{"name":"wp","href":"https:\/\/api.w.org\/{rel}","templated":true}]}}