{"id":61386,"date":"2025-02-17T13:08:52","date_gmt":"2025-02-17T13:08:52","guid":{"rendered":"https:\/\/mexpo.pl?post_type=product&#038;p=61386"},"modified":"2025-02-17T14:47:42","modified_gmt":"2025-02-17T14:47:42","slug":"microfono-cm-100a-cm-22","status":"publish","type":"product","link":"https:\/\/mexpo.eu\/es\/produkt\/microfono-cm-100a-cm-22\/","title":{"rendered":"Micr\u00f3fono CM-100A \/ CM-22"},"content":{"rendered":"<p>La punta del micr\u00f3fono se encuentra en una cabeza flexible que se dobla en cualquier direcci\u00f3n para poder ajustar el micr\u00f3fono y la posici\u00f3n de la punta respecto a los labios.<\/p>\n","protected":false},"excerpt":{"rendered":"<p>La punta del micr\u00f3fono se coloca sobre una diadema flexible que permite doblarla en cualquier direcci\u00f3n. Gracias a esto podremos ajustar el micr\u00f3fono al cuello y ajustar la posici\u00f3n de la punta en relaci\u00f3n a la boca.<\/p>\n","protected":false},"featured_media":48214,"template":"","meta":{"_acf_changed":false},"product_brand":[],"product_cat":[5233],"product_tag":[],"class_list":{"0":"post-61386","1":"product","2":"type-product","3":"status-publish","4":"has-post-thumbnail","6":"product_cat-microfonos","8":"first","9":"instock","10":"taxable","11":"shipping-taxable","12":"purchasable","13":"product-type-simple"},"acf":[],"_links":{"self":[{"href":"https:\/\/mexpo.eu\/es\/wp-json\/wp\/v2\/product\/61386","targetHints":{"allow":["GET"]}}],"collection":[{"href":"https:\/\/mexpo.eu\/es\/wp-json\/wp\/v2\/product"}],"about":[{"href":"https:\/\/mexpo.eu\/es\/wp-json\/wp\/v2\/types\/product"}],"wp:featuredmedia":[{"embeddable":true,"href":"https:\/\/mexpo.eu\/es\/wp-json\/wp\/v2\/media\/48214"}],"wp:attachment":[{"href":"https:\/\/mexpo.eu\/es\/wp-json\/wp\/v2\/media?parent=61386"}],"wp:term":[{"taxonomy":"product_brand","embeddable":true,"href":"https:\/\/mexpo.eu\/es\/wp-json\/wp\/v2\/product_brand?post=61386"},{"taxonomy":"product_cat","embeddable":true,"href":"https:\/\/mexpo.eu\/es\/wp-json\/wp\/v2\/product_cat?post=61386"},{"taxonomy":"product_tag","embeddable":true,"href":"https:\/\/mexpo.eu\/es\/wp-json\/wp\/v2\/product_tag?post=61386"}],"curies":[{"name":"wp","href":"https:\/\/api.w.org\/{rel}","templated":true}]}}