{"id":61379,"date":"2025-02-17T13:09:15","date_gmt":"2025-02-17T13:09:15","guid":{"rendered":"https:\/\/mexpo.pl?post_type=product&#038;p=61379"},"modified":"2025-02-17T14:49:02","modified_gmt":"2025-02-17T14:49:02","slug":"headset-conjunto-de-auriculares-con-microfono-sm-100","status":"publish","type":"product","link":"https:\/\/mexpo.eu\/es\/produkt\/headset-conjunto-de-auriculares-con-microfono-sm-100\/","title":{"rendered":"Headset (conjunto de auriculares con micr\u00f3fono) SM-100"},"content":{"rendered":"<p>Micr\u00f3fono muy ligero y c\u00f3modo para el turismo y deporte con auricular para 1 oreja.<br \/>\nCompatible con el modelo mGuide DLR-01.<\/p>\n","protected":false},"excerpt":{"rendered":"<p>Micr\u00f3fono tur\u00edstico y deportivo muy ligero y c\u00f3modo con auricular para una oreja. Funciona con el modelo mGuide DLR-01.<\/p>\n","protected":false},"featured_media":48479,"template":"","meta":{"_acf_changed":false},"product_brand":[],"product_cat":[5232,5230],"product_tag":[],"class_list":{"0":"post-61379","1":"product","2":"type-product","3":"status-publish","4":"has-post-thumbnail","6":"product_cat-headsets-sistemas-de-intercomunicacion","7":"product_cat-headsets-sistemas-de-radioguias","9":"first","10":"instock","11":"taxable","12":"shipping-taxable","13":"purchasable","14":"product-type-simple"},"acf":[],"_links":{"self":[{"href":"https:\/\/mexpo.eu\/es\/wp-json\/wp\/v2\/product\/61379","targetHints":{"allow":["GET"]}}],"collection":[{"href":"https:\/\/mexpo.eu\/es\/wp-json\/wp\/v2\/product"}],"about":[{"href":"https:\/\/mexpo.eu\/es\/wp-json\/wp\/v2\/types\/product"}],"wp:featuredmedia":[{"embeddable":true,"href":"https:\/\/mexpo.eu\/es\/wp-json\/wp\/v2\/media\/48479"}],"wp:attachment":[{"href":"https:\/\/mexpo.eu\/es\/wp-json\/wp\/v2\/media?parent=61379"}],"wp:term":[{"taxonomy":"product_brand","embeddable":true,"href":"https:\/\/mexpo.eu\/es\/wp-json\/wp\/v2\/product_brand?post=61379"},{"taxonomy":"product_cat","embeddable":true,"href":"https:\/\/mexpo.eu\/es\/wp-json\/wp\/v2\/product_cat?post=61379"},{"taxonomy":"product_tag","embeddable":true,"href":"https:\/\/mexpo.eu\/es\/wp-json\/wp\/v2\/product_tag?post=61379"}],"curies":[{"name":"wp","href":"https:\/\/api.w.org\/{rel}","templated":true}]}}