{"id":61375,"date":"2025-02-17T13:08:54","date_gmt":"2025-02-17T13:08:54","guid":{"rendered":"https:\/\/mexpo.pl?post_type=product&#038;p=61375"},"modified":"2025-02-17T14:48:39","modified_gmt":"2025-02-17T14:48:39","slug":"radioguia-receptor-mguide-dlr-01","status":"publish","type":"product","link":"https:\/\/mexpo.eu\/es\/produkt\/radioguia-receptor-mguide-dlr-01\/","title":{"rendered":"Radioguia &#8211; Receptor mGuide DLR-01"},"content":{"rendered":"<p>Continuando con la tradici\u00f3n de mGuide\u2122 (marca propia de MEXPO) de cooperar con los ingenieros de los pa\u00edses asi\u00e1ticos m\u00e1s avanzados tecnol\u00f3gicamente (Jap\u00f3n, Taiw\u00e1n, Corea), creamos el primer sistema tourguide que opera en el rango ISM 2.4GHz (banda internacional, sin necesidad de licencia), cuyo alcance supera 150m en la l\u00ednea de visi\u00f3n y, por lo tanto, supera m\u00e1s de 3 veces el alcance m\u00e1ximo de los modelos disponibles de otros fabricantes.<br \/>\nGracias al uso de la modulaci\u00f3n digital basada en el protocolo de acceso m\u00faltiple por divisi\u00f3n de tiempo (TDMA), la potencia m\u00e1xima del transmisor no excede los 10 mW permitidos.<\/p>\n<p>Caracter\u00edsticas del radiogu\u00eda mGuide DLR:<br \/>\nposibilidad de trasmitir desde 2 transmisores simult\u00e1neamente en el mismo canal<br \/>\nalcance hasta 170 metros en la l\u00ednea de visi\u00f3n<br \/>\n80 canales<br \/>\ncomunicaci\u00f3n bidireccional entre transmisores (por ejemplo, el responsable del viaje puede comunicar con el gu\u00eda tur\u00edstico a una distancia de 150 metros)<br \/>\nposibilidad de conectar una fuente de audio (por ejemplo, reproductor de mp3) al transmisor y transmitir simult\u00e1neamente la voz y la m\u00fasica de fondo o mensajes grabados (lo que facilita el trabajo del gu\u00eda tur\u00edstico)<br \/>\nposibilidad de cargar con un cargador normal para tel\u00e9fonos m\u00f3viles (entrada micro USB)<br \/>\nposibilidad de cargar en un cargador colectivo en forma de maleta (espacios de carga)<br \/>\nregulaci\u00f3n de la sensibilidad del micr\u00f3fono en el transmisor<br \/>\nfunci\u00f3n silencio del micr\u00f3fono (mute)<\/p>\n<p>Aplicaci\u00f3n<br \/>\nRecomendamos el sistema a las agencias tur\u00edsticas que organizan viajes a todos los continentes.<\/p>\n<p>Otros par\u00e1metros del sistema tour guide digital mGuide DLR-01:<br \/>\nFrecuencia 2403-2480 MHz<br \/>\nTipo de transmisi\u00f3n: modulaci\u00f3n GFSK con salto de frecuencia<br \/>\nTiempo de trabajo del receptor: 15h (en general)<br \/>\nTiempo de trabajo del transmisor: 10h (en general)<br \/>\nBater\u00eda de iones de litio 3.7V 800mA<br \/>\nDimensiones 50x88x15 mm<br \/>\nPeso 60 g<\/p>\n","protected":false},"excerpt":{"rendered":"<p>Receptor del sistema tourguide mGuide DLR-01. El sistema tourguide digital DLR se utiliza en el turismo, los negocios y la industria. El modelo utiliza la banda ISM 2,4GHZ, por lo que puede utilizarse sin licencia en cualquier parte del mundo. El peso reducido y el largo alcance son algunas de las muchas ventajas de este modelo de sistema de visitas guiadas. Garant\u00eda b\u00e1sica: 3 a\u00f1os.<\/p>\n","protected":false},"featured_media":58070,"template":"","meta":{"_acf_changed":false},"product_brand":[],"product_cat":[5228],"product_tag":[],"class_list":{"0":"post-61375","1":"product","2":"type-product","3":"status-publish","4":"has-post-thumbnail","6":"product_cat-transmisores-y-receptores","8":"first","9":"instock","10":"taxable","11":"shipping-taxable","12":"purchasable","13":"product-type-simple"},"acf":[],"_links":{"self":[{"href":"https:\/\/mexpo.eu\/es\/wp-json\/wp\/v2\/product\/61375","targetHints":{"allow":["GET"]}}],"collection":[{"href":"https:\/\/mexpo.eu\/es\/wp-json\/wp\/v2\/product"}],"about":[{"href":"https:\/\/mexpo.eu\/es\/wp-json\/wp\/v2\/types\/product"}],"wp:featuredmedia":[{"embeddable":true,"href":"https:\/\/mexpo.eu\/es\/wp-json\/wp\/v2\/media\/58070"}],"wp:attachment":[{"href":"https:\/\/mexpo.eu\/es\/wp-json\/wp\/v2\/media?parent=61375"}],"wp:term":[{"taxonomy":"product_brand","embeddable":true,"href":"https:\/\/mexpo.eu\/es\/wp-json\/wp\/v2\/product_brand?post=61375"},{"taxonomy":"product_cat","embeddable":true,"href":"https:\/\/mexpo.eu\/es\/wp-json\/wp\/v2\/product_cat?post=61375"},{"taxonomy":"product_tag","embeddable":true,"href":"https:\/\/mexpo.eu\/es\/wp-json\/wp\/v2\/product_tag?post=61375"}],"curies":[{"name":"wp","href":"https:\/\/api.w.org\/{rel}","templated":true}]}}