{"id":69150,"date":"2025-10-27T10:56:49","date_gmt":"2025-10-27T09:56:49","guid":{"rendered":"https:\/\/mexpo.eu\/sobre-nosotros\/"},"modified":"2026-05-05T11:47:59","modified_gmt":"2026-05-05T09:47:59","slug":"sobre-nosotros","status":"publish","type":"page","link":"https:\/\/mexpo.eu\/es\/sobre-nosotros\/","title":{"rendered":"Sobre nosotros"},"content":{"rendered":"<div class=\"wpb-content-wrapper\"><p>[vc_section][vc_row full_width=&#8221;stretch_row&#8221; css=&#8221;.vc_custom_1761215406005{margin-top: 30px !important;margin-bottom: 50px !important;padding-top: 30px !important;padding-bottom: 50px !important;}&#8221;][vc_column][vc_custom_heading text=&#8221;\u00bfQui\u00e9nes somos?&#8221; font_container=&#8221;tag:h2|font_size:35|text_align:center|color:%233F3F3F&#8221; google_fonts=&#8221;font_family:Open%20Sans%3A300%2C300italic%2Cregular%2Citalic%2C600%2C600italic%2C700%2C700italic%2C800%2C800italic|font_style:700%20bold%20regular%3A700%3Anormal&#8221; css=&#8221;.vc_custom_1761210000177{padding-bottom: 20px !important;}&#8221;][vc_custom_heading text=&#8221;Como empresa pionera en sistemas de gu\u00edas tur\u00edsticas y la primera en atender al sector tur\u00edstico en general, MEXPO lleva a\u00f1os marcando la pauta en Europa. Fuimos nosotros quienes presentamos el emblem\u00e1tico receptor rojo WT-300, que a\u00fan utilizan miles de agencias de viajes y gu\u00edas, entre ellos nuestro valioso cliente Rainbow Tours. Somos socios platino de Okayo Electronics, representantes de Linkx Electronics y Maytel, y estamos desarrollando activamente nuestra propia marca mGuide.&#8221; font_container=&#8221;tag:h2|font_size:18|text_align:center|color:%233F3F3F|line_height:2&#8243; google_fonts=&#8221;font_family:Open%20Sans%3A300%2C300italic%2Cregular%2Citalic%2C600%2C600italic%2C700%2C700italic%2C800%2C800italic|font_style:400%20regular%3A400%3Anormal&#8221; css=&#8221;&#8221;][\/vc_column][\/vc_row][vc_row css=&#8221;.vc_custom_1761215363945{padding-bottom: 50px !important;}&#8221;][vc_column][vc_row_inner][vc_column_inner width=&#8221;1\/3&#8243;][vc_single_image image=&#8221;69136&#8243; alignment=&#8221;center&#8221; css=&#8221;&#8221;][vc_custom_heading text=&#8221;Proveedor confiable&#8221; font_container=&#8221;tag:h2|font_size:20|text_align:center|color:%233F3F3F&#8221; google_fonts=&#8221;font_family:Open%20Sans%3A300%2C300italic%2Cregular%2Citalic%2C600%2C600italic%2C700%2C700italic%2C800%2C800italic|font_style:600%20bold%20regular%3A600%3Anormal&#8221; css=&#8221;&#8221;][vc_custom_heading text=&#8221;Como l\u00edderes del mercado, llevamos a\u00f1os estableciendo est\u00e1ndares de calidad y fiabilidad, lo cual confirman miles de agencias de viajes y gu\u00edas satisfechos.&#8221; font_container=&#8221;tag:h2|font_size:15|text_align:center|color:%233F3F3F&#8221; google_fonts=&#8221;font_family:Open%20Sans%3A300%2C300italic%2Cregular%2Citalic%2C600%2C600italic%2C700%2C700italic%2C800%2C800italic|font_style:400%20regular%3A400%3Anormal&#8221; css=&#8221;.vc_custom_1761211519509{padding-bottom: 20px !important;}&#8221;][\/vc_column_inner][vc_column_inner width=&#8221;1\/3&#8243;][vc_single_image image=&#8221;69137&#8243; alignment=&#8221;center&#8221; css=&#8221;&#8221;][vc_custom_heading text=&#8221;Ecol\u00f3gicamente responsable&#8221; font_container=&#8221;tag:h2|font_size:20|text_align:center|color:%233F3F3F&#8221; google_fonts=&#8221;font_family:Open%20Sans%3A300%2C300italic%2Cregular%2Citalic%2C600%2C600italic%2C700%2C700italic%2C800%2C800italic|font_style:600%20bold%20regular%3A600%3Anormal&#8221; css=&#8221;&#8221;][vc_custom_heading text=&#8221;Implementamos activamente soluciones respetuosas con el medio ambiente para apoyar el desarrollo sostenible en el sector tur\u00edstico y minimizar nuestra huella ecol\u00f3gica colectiva.&#8221; font_container=&#8221;tag:h2|font_size:15|text_align:center|color:%233F3F3F&#8221; google_fonts=&#8221;font_family:Open%20Sans%3A300%2C300italic%2Cregular%2Citalic%2C600%2C600italic%2C700%2C700italic%2C800%2C800italic|font_style:400%20regular%3A400%3Anormal&#8221; css=&#8221;.vc_custom_1761211474281{padding-bottom: 20px !important;}&#8221;][\/vc_column_inner][vc_column_inner width=&#8221;1\/3&#8243;][vc_single_image image=&#8221;69138&#8243; alignment=&#8221;center&#8221; css=&#8221;&#8221;][vc_custom_heading text=&#8221;Te apoyamos en cada etapa.&#8221; font_container=&#8221;tag:h2|font_size:20|text_align:center|color:%233F3F3F&#8221; google_fonts=&#8221;font_family:Open%20Sans%3A300%2C300italic%2Cregular%2Citalic%2C600%2C600italic%2C700%2C700italic%2C800%2C800italic|font_style:600%20bold%20regular%3A600%3Anormal&#8221; css=&#8221;&#8221;][vc_custom_heading text=&#8221;Ayudamos a nuestros clientes en cada etapa, desde el asesoramiento profesional en la selecci\u00f3n de equipos hasta la atenci\u00f3n posventa integral y el soporte t\u00e9cnico.&#8221; font_container=&#8221;tag:h2|font_size:15|text_align:center|color:%233F3F3F&#8221; google_fonts=&#8221;font_family:Open%20Sans%3A300%2C300italic%2Cregular%2Citalic%2C600%2C600italic%2C700%2C700italic%2C800%2C800italic|font_style:400%20regular%3A400%3Anormal&#8221; css=&#8221;.vc_custom_1761211599425{padding-bottom: 20px !important;}&#8221;][\/vc_column_inner][\/vc_row_inner][\/vc_column][\/vc_row][vc_row full_width=&#8221;stretch_row&#8221; content_placement=&#8221;middle&#8221; css=&#8221;.vc_custom_1761213548439{background-color: #E8F0F3 !important;}&#8221;][vc_column width=&#8221;1\/2&#8243;][vc_custom_heading text=&#8221;L\u00edderes en la transformaci\u00f3n digital&#8221; font_container=&#8221;tag:h2|font_size:35|text_align:center|color:%233F3F3F&#8221; google_fonts=&#8221;font_family:Open%20Sans%3A300%2C300italic%2Cregular%2Citalic%2C600%2C600italic%2C700%2C700italic%2C800%2C800italic|font_style:700%20bold%20regular%3A700%3Anormal&#8221; css=&#8221;&#8221;][vc_custom_heading text=&#8221;Junto con nuestros socios de confianza y gracias al desarrollo din\u00e1mico de nuestra propia marca, mGuide, estamos implementando de forma constante una transformaci\u00f3n digital en la gama de modelos de gu\u00edas tur\u00edsticos que ofrecemos.&#8221; font_container=&#8221;tag:h2|font_size:17|text_align:center|color:%233F3F3F|line_height:2&#8243; google_fonts=&#8221;font_family:Open%20Sans%3A300%2C300italic%2Cregular%2Citalic%2C600%2C600italic%2C700%2C700italic%2C800%2C800italic|font_style:400%20regular%3A400%3Anormal&#8221; css=&#8221;.vc_custom_1761213351494{padding-top: 30px !important;padding-bottom: 20px !important;}&#8221;][vc_custom_heading text=&#8221;Gracias a esta evoluci\u00f3n, las bandas de radio se utilizan de forma m\u00e1s \u00f3ptima, reduciendo la &quot;congesti\u00f3n&quot; y permitiendo que m\u00e1s grupos tur\u00edsticos trabajen simult\u00e1neamente y sin problemas en un \u00e1rea m\u00e1s peque\u00f1a, lo que aporta beneficios tangibles en t\u00e9rminos de eficiencia a todo el mercado.&#8221; font_container=&#8221;tag:h2|font_size:17|text_align:center|color:%233F3F3F|line_height:2&#8243; google_fonts=&#8221;font_family:Open%20Sans%3A300%2C300italic%2Cregular%2Citalic%2C600%2C600italic%2C700%2C700italic%2C800%2C800italic|font_style:400%20regular%3A400%3Anormal&#8221; css=&#8221;.vc_custom_1761213216611{padding-bottom: 20px !important;}&#8221;][\/vc_column][vc_column width=&#8221;1\/2&#8243;][vc_single_image image=&#8221;69139&#8243; img_size=&#8221;medium&#8221; alignment=&#8221;center&#8221; css_animation=&#8221;bounceInDown&#8221; css=&#8221;&#8221;][\/vc_column][\/vc_row][vc_row][vc_column][vc_custom_heading text=&#8221;La gama m\u00e1s amplia y aplicaciones vers\u00e1tiles.&#8221; font_container=&#8221;tag:h2|font_size:35|text_align:center|color:%233F3F3F&#8221; google_fonts=&#8221;font_family:Open%20Sans%3A300%2C300italic%2Cregular%2Citalic%2C600%2C600italic%2C700%2C700italic%2C800%2C800italic|font_style:700%20bold%20regular%3A700%3Anormal&#8221; css=&#8221;&#8221;][vc_custom_heading text=&#8221;Ofrecemos la gama m\u00e1s amplia de modelos de gu\u00edas tur\u00edsticas disponibles, utilizados con \u00e9xito en una gran variedad de aplicaciones. Nuestros sistemas son utilizados tanto por gu\u00edas individuales como por importantes museos en Polonia y en todo el mundo, como el Museo Estatal de Auschwitz-Birkenau en O\u015bwi\u0119cim.&#8221; font_container=&#8221;tag:h2|font_size:17|text_align:center|color:%233F3F3F|line_height:2&#8243; google_fonts=&#8221;font_family:Open%20Sans%3A300%2C300italic%2Cregular%2Citalic%2C600%2C600italic%2C700%2C700italic%2C800%2C800italic|font_style:400%20regular%3A400%3Anormal&#8221; css=&#8221;.vc_custom_1761554535579{padding-top: 30px !important;padding-bottom: 20px !important;}&#8221;][\/vc_column][\/vc_row][vc_row css_animation=&#8221;fadeIn&#8221;][vc_column width=&#8221;1\/6&#8243;][vc_single_image image=&#8221;69140&#8243; img_size=&#8221;300&#215;500&#8243; style=&#8221;vc_box_shadow_3d&#8221; css=&#8221;&#8221;][vc_custom_heading text=&#8221;Deporte&#8221; font_container=&#8221;tag:h2|font_size:20|text_align:center|color:%233F3F3F&#8221; google_fonts=&#8221;font_family:Open%20Sans%3A300%2C300italic%2Cregular%2Citalic%2C600%2C600italic%2C700%2C700italic%2C800%2C800italic|font_style:600%20bold%20regular%3A600%3Anormal&#8221; css=&#8221;&#8221;][vc_custom_heading text=&#8221;Para jueces, para clases de equitaci\u00f3n, ciclismo o nataci\u00f3n.&#8221; font_container=&#8221;tag:h2|font_size:15|text_align:center|color:%233F3F3F&#8221; google_fonts=&#8221;font_family:Open%20Sans%3A300%2C300italic%2Cregular%2Citalic%2C600%2C600italic%2C700%2C700italic%2C800%2C800italic|font_style:400%20regular%3A400%3Anormal&#8221; css=&#8221;.vc_custom_1761553813243{padding-bottom: 20px !important;}&#8221;][\/vc_column][vc_column width=&#8221;1\/6&#8243;][vc_single_image image=&#8221;69141&#8243; img_size=&#8221;300&#215;500&#8243; style=&#8221;vc_box_shadow_3d&#8221; css=&#8221;&#8221;][vc_custom_heading text=&#8221;Traducciones&#8221; font_container=&#8221;tag:h2|font_size:20|text_align:center|color:%233F3F3F&#8221; google_fonts=&#8221;font_family:Open%20Sans%3A300%2C300italic%2Cregular%2Citalic%2C600%2C600italic%2C700%2C700italic%2C800%2C800italic|font_style:600%20bold%20regular%3A600%3Anormal&#8221; css=&#8221;&#8221;][vc_custom_heading text=&#8221;en ferias comerciales y reuniones de negocios&#8221; font_container=&#8221;tag:h2|font_size:15|text_align:center|color:%233F3F3F&#8221; google_fonts=&#8221;font_family:Open%20Sans%3A300%2C300italic%2Cregular%2Citalic%2C600%2C600italic%2C700%2C700italic%2C800%2C800italic|font_style:400%20regular%3A400%3Anormal&#8221; css=&#8221;.vc_custom_1761554014653{padding-bottom: 20px !important;}&#8221;][\/vc_column][vc_column width=&#8221;1\/6&#8243;][vc_single_image image=&#8221;69142&#8243; img_size=&#8221;300&#215;500&#8243; style=&#8221;vc_box_shadow_3d&#8221; css=&#8221;&#8221;][vc_custom_heading text=&#8221;Industria&#8221; font_container=&#8221;tag:h2|font_size:20|text_align:center|color:%233F3F3F&#8221; google_fonts=&#8221;font_family:Open%20Sans%3A300%2C300italic%2Cregular%2Citalic%2C600%2C600italic%2C700%2C700italic%2C800%2C800italic|font_style:600%20bold%20regular%3A600%3Anormal&#8221; css=&#8221;&#8221;][vc_custom_heading text=&#8221;Visitas guiadas a f\u00e1bricas y almacenes, incluso en ambientes ruidosos y con casco.&#8221; font_container=&#8221;tag:h2|font_size:15|text_align:center|color:%233F3F3F&#8221; google_fonts=&#8221;font_family:Open%20Sans%3A300%2C300italic%2Cregular%2Citalic%2C600%2C600italic%2C700%2C700italic%2C800%2C800italic|font_style:400%20regular%3A400%3Anormal&#8221; css=&#8221;.vc_custom_1761553871604{padding-bottom: 20px !important;}&#8221;][\/vc_column][vc_column width=&#8221;1\/6&#8243;][vc_single_image image=&#8221;69143&#8243; img_size=&#8221;300&#215;500&#8243; style=&#8221;vc_box_shadow_3d&#8221; css=&#8221;&#8221;][vc_custom_heading text=&#8221;Descripci\u00f3n de audio&#8221; font_container=&#8221;tag:h2|font_size:20|text_align:center|color:%233F3F3F&#8221; google_fonts=&#8221;font_family:Open%20Sans%3A300%2C300italic%2Cregular%2Citalic%2C600%2C600italic%2C700%2C700italic%2C800%2C800italic|font_style:600%20bold%20regular%3A600%3Anormal&#8221; css=&#8221;&#8221;][vc_custom_heading text=&#8221;en cines, teatros, estadios&#8221; font_container=&#8221;tag:h2|font_size:15|text_align:center|color:%233F3F3F&#8221; google_fonts=&#8221;font_family:Open%20Sans%3A300%2C300italic%2Cregular%2Citalic%2C600%2C600italic%2C700%2C700italic%2C800%2C800italic|font_style:400%20regular%3A400%3Anormal&#8221; css=&#8221;.vc_custom_1761554053805{padding-bottom: 20px !important;}&#8221;][\/vc_column][vc_column width=&#8221;1\/6&#8243;][vc_single_image image=&#8221;69144&#8243; img_size=&#8221;300&#215;500&#8243; style=&#8221;vc_box_shadow_3d&#8221; css=&#8221;&#8221;][vc_custom_heading text=&#8221;Turismo&#8221; font_container=&#8221;tag:h2|font_size:20|text_align:center|color:%233F3F3F&#8221; google_fonts=&#8221;font_family:Open%20Sans%3A300%2C300italic%2Cregular%2Citalic%2C600%2C600italic%2C700%2C700italic%2C800%2C800italic|font_style:600%20bold%20regular%3A600%3Anormal&#8221; css=&#8221;&#8221;][vc_custom_heading text=&#8221;desde gu\u00edas individuales hasta grandes operadores tur\u00edsticos&#8221; font_container=&#8221;tag:h2|font_size:15|text_align:center|color:%233F3F3F&#8221; google_fonts=&#8221;font_family:Open%20Sans%3A300%2C300italic%2Cregular%2Citalic%2C600%2C600italic%2C700%2C700italic%2C800%2C800italic|font_style:400%20regular%3A400%3Anormal&#8221; css=&#8221;.vc_custom_1761554043921{padding-bottom: 20px !important;}&#8221;][\/vc_column][vc_column width=&#8221;1\/6&#8243;][vc_single_image image=&#8221;69145&#8243; img_size=&#8221;300&#215;500&#8243; style=&#8221;vc_box_shadow_3d&#8221; css=&#8221;&#8221;][vc_custom_heading text=&#8221;Formaci\u00f3n y negocios&#8221; font_container=&#8221;tag:h2|font_size:20|text_align:center|color:%233F3F3F&#8221; google_fonts=&#8221;font_family:Open%20Sans%3A300%2C300italic%2Cregular%2Citalic%2C600%2C600italic%2C700%2C700italic%2C800%2C800italic|font_style:600%20bold%20regular%3A600%3Anormal&#8221; css=&#8221;&#8221;][vc_custom_heading text=&#8221;en congresos, ferias y conferencias&#8221; font_container=&#8221;tag:h2|font_size:15|text_align:center|color:%233F3F3F&#8221; google_fonts=&#8221;font_family:Open%20Sans%3A300%2C300italic%2Cregular%2Citalic%2C600%2C600italic%2C700%2C700italic%2C800%2C800italic|font_style:400%20regular%3A400%3Anormal&#8221; css=&#8221;.vc_custom_1761553979314{padding-bottom: 20px !important;}&#8221;][\/vc_column][\/vc_row][vc_row full_width=&#8221;stretch_row&#8221; content_placement=&#8221;middle&#8221; css=&#8221;.vc_custom_1761559055223{background-color: #E8F0F3 !important;}&#8221;][vc_column width=&#8221;1\/2&#8243;][vc_single_image image=&#8221;69146&#8243; img_size=&#8221;medium&#8221; alignment=&#8221;center&#8221; css_animation=&#8221;bounceInDown&#8221; css=&#8221;&#8221;][\/vc_column][vc_column width=&#8221;1\/2&#8243;][vc_custom_heading text=&#8221;Garant\u00eda de calidad y asistencia profesional.&#8221; font_container=&#8221;tag:h2|font_size:35|text_align:center|color:%233F3F3F&#8221; google_fonts=&#8221;font_family:Open%20Sans%3A300%2C300italic%2Cregular%2Citalic%2C600%2C600italic%2C700%2C700italic%2C800%2C800italic|font_style:700%20bold%20regular%3A700%3Anormal&#8221; css=&#8221;&#8221;][vc_custom_heading text=&#8221;Antes de incorporar cualquier modelo a nuestro cat\u00e1logo, debe someterse a pruebas exhaustivas, tanto durante la producci\u00f3n en las instalaciones de nuestros socios como en nuestro departamento interno de control de calidad. Por eso, cada a\u00f1o rechazamos la gran mayor\u00eda de las propuestas que nos presentan otros fabricantes.&#8221; font_container=&#8221;tag:h2|font_size:17|text_align:center|color:%233F3F3F|line_height:2&#8243; google_fonts=&#8221;font_family:Open%20Sans%3A300%2C300italic%2Cregular%2Citalic%2C600%2C600italic%2C700%2C700italic%2C800%2C800italic|font_style:400%20regular%3A400%3Anormal&#8221; css=&#8221;.vc_custom_1761558694691{padding-top: 30px !important;padding-bottom: 20px !important;}&#8221;][vc_custom_heading text=&#8221;Para facilitarle la decisi\u00f3n, ofrecemos equipos de alquiler para realizar pruebas comparativas. Queremos que nuestros clientes compren con pleno conocimiento de causa, por lo que siempre les ayudamos a elegir el modelo que mejor se adapte a sus necesidades espec\u00edficas.&#8221; font_container=&#8221;tag:h2|font_size:17|text_align:center|color:%233F3F3F|line_height:2&#8243; google_fonts=&#8221;font_family:Open%20Sans%3A300%2C300italic%2Cregular%2Citalic%2C600%2C600italic%2C700%2C700italic%2C800%2C800italic|font_style:400%20regular%3A400%3Anormal&#8221; css=&#8221;.vc_custom_1761558785432{padding-bottom: 20px !important;}&#8221;][\/vc_column][\/vc_row][vc_row full_width=&#8221;stretch_row&#8221; css=&#8221;.vc_custom_1761559076559{margin-bottom: 20px !important;padding-bottom: 20px !important;}&#8221;][vc_column][vc_custom_heading text=&#8221;Nuestros logros&#8221; font_container=&#8221;tag:h2|font_size:35|text_align:center|color:%233F3F3F&#8221; google_fonts=&#8221;font_family:Open%20Sans%3A300%2C300italic%2Cregular%2Citalic%2C600%2C600italic%2C700%2C700italic%2C800%2C800italic|font_style:700%20bold%20regular%3A700%3Anormal&#8221; css=&#8221;&#8221;][\/vc_column][\/vc_row][vc_row full_width=&#8221;stretch_row&#8221; content_placement=&#8221;middle&#8221; css_animation=&#8221;zoomIn&#8221;][vc_column width=&#8221;1\/3&#8243;][vc_single_image image=&#8221;69147&#8243; img_size=&#8221;400&#215;400&#8243; alignment=&#8221;center&#8221; css=&#8221;&#8221;][vc_custom_heading text=&#8221;2023&#8243; font_container=&#8221;tag:h2|font_size:20|text_align:center|color:%233F3F3F&#8221; google_fonts=&#8221;font_family:Open%20Sans%3A300%2C300italic%2Cregular%2Citalic%2C600%2C600italic%2C700%2C700italic%2C800%2C800italic|font_style:600%20bold%20regular%3A600%3Anormal&#8221; css=&#8221;&#8221;][vc_custom_heading text=&#8221;Socio de oro de Okayo Electronics&#8221; font_container=&#8221;tag:h2|font_size:15|text_align:center|color:%233F3F3F&#8221; google_fonts=&#8221;font_family:Open%20Sans%3A300%2C300italic%2Cregular%2Citalic%2C600%2C600italic%2C700%2C700italic%2C800%2C800italic|font_style:400%20regular%3A400%3Anormal&#8221; css=&#8221;.vc_custom_1761557085953{padding-bottom: 20px !important;}&#8221;][\/vc_column][vc_column width=&#8221;1\/3&#8243;][vc_single_image image=&#8221;69148&#8243; img_size=&#8221;400&#215;400&#8243; alignment=&#8221;center&#8221; css=&#8221;&#8221;][vc_custom_heading text=&#8221;2024&#8243; font_container=&#8221;tag:h2|font_size:20|text_align:center|color:%233F3F3F&#8221; google_fonts=&#8221;font_family:Open%20Sans%3A300%2C300italic%2Cregular%2Citalic%2C600%2C600italic%2C700%2C700italic%2C800%2C800italic|font_style:600%20bold%20regular%3A600%3Anormal&#8221; css=&#8221;&#8221;][vc_custom_heading text=&#8221;Socio platino de Okayo Electronics&#8221; font_container=&#8221;tag:h2|font_size:15|text_align:center|color:%233F3F3F&#8221; google_fonts=&#8221;font_family:Open%20Sans%3A300%2C300italic%2Cregular%2Citalic%2C600%2C600italic%2C700%2C700italic%2C800%2C800italic|font_style:400%20regular%3A400%3Anormal&#8221; css=&#8221;.vc_custom_1761557073752{padding-bottom: 20px !important;}&#8221;][\/vc_column][vc_column width=&#8221;1\/3&#8243;][vc_single_image image=&#8221;69149&#8243; img_size=&#8221;400&#215;400&#8243; alignment=&#8221;center&#8221; css=&#8221;&#8221;][vc_custom_heading text=&#8221;2025&#8243; font_container=&#8221;tag:h2|font_size:20|text_align:center|color:%233F3F3F&#8221; google_fonts=&#8221;font_family:Open%20Sans%3A300%2C300italic%2Cregular%2Citalic%2C600%2C600italic%2C700%2C700italic%2C800%2C800italic|font_style:600%20bold%20regular%3A600%3Anormal&#8221; css=&#8221;&#8221;][vc_custom_heading text=&#8221;Socio diamante de Okayo Electronics&#8221; font_container=&#8221;tag:h2|font_size:15|text_align:center|color:%233F3F3F&#8221; google_fonts=&#8221;font_family:Open%20Sans%3A300%2C300italic%2Cregular%2Citalic%2C600%2C600italic%2C700%2C700italic%2C800%2C800italic|font_style:400%20regular%3A400%3Anormal&#8221; css=&#8221;.vc_custom_1777025944749{padding-bottom: 20px !important;}&#8221;][\/vc_column][\/vc_row][\/vc_section]<\/p>\n<\/div>","protected":false},"excerpt":{"rendered":"<p>[vc_section][vc_row full_width=&#8221;stretch_row&#8221; css=&#8221;.vc_custom_1761215406005{margin-top: 30px !important;margin-bottom: 50px !important;padding-top: 30px !important;padding-bottom: 50px !important;}&#8221;][vc_column][vc_custom_heading text=&#8221;\u00bfQui\u00e9nes somos?&#8221; font_container=&#8221;tag:h2|font_size:35|text_align:center|color:%233F3F3F&#8221; google_fonts=&#8221;font_family:Open%20Sans%3A300%2C300italic%2Cregular%2Citalic%2C600%2C600italic%2C700%2C700italic%2C800%2C800italic|font_style:700%20bold%20regular%3A700%3Anormal&#8221; css=&#8221;.vc_custom_1761210000177{padding-bottom: 20px !important;}&#8221;][vc_custom_heading text=&#8221;Como empresa pionera en sistemas de gu\u00edas tur\u00edsticas y la primera en<\/p>\n","protected":false},"author":353,"featured_media":0,"parent":0,"menu_order":0,"comment_status":"closed","ping_status":"closed","template":"","meta":{"_acf_changed":false,"footnotes":""},"class_list":["post-69150","page","type-page","status-publish","hentry"],"acf":[],"_links":{"self":[{"href":"https:\/\/mexpo.eu\/es\/wp-json\/wp\/v2\/pages\/69150","targetHints":{"allow":["GET"]}}],"collection":[{"href":"https:\/\/mexpo.eu\/es\/wp-json\/wp\/v2\/pages"}],"about":[{"href":"https:\/\/mexpo.eu\/es\/wp-json\/wp\/v2\/types\/page"}],"author":[{"embeddable":true,"href":"https:\/\/mexpo.eu\/es\/wp-json\/wp\/v2\/users\/353"}],"replies":[{"embeddable":true,"href":"https:\/\/mexpo.eu\/es\/wp-json\/wp\/v2\/comments?post=69150"}],"version-history":[{"count":2,"href":"https:\/\/mexpo.eu\/es\/wp-json\/wp\/v2\/pages\/69150\/revisions"}],"predecessor-version":[{"id":69154,"href":"https:\/\/mexpo.eu\/es\/wp-json\/wp\/v2\/pages\/69150\/revisions\/69154"}],"wp:attachment":[{"href":"https:\/\/mexpo.eu\/es\/wp-json\/wp\/v2\/media?parent=69150"}],"curies":[{"name":"wp","href":"https:\/\/api.w.org\/{rel}","templated":true}]}}