{"id":68900,"date":"2026-04-16T14:58:26","date_gmt":"2026-04-16T12:58:26","guid":{"rendered":"https:\/\/mexpo.eu\/pruebas-y-alquiler\/"},"modified":"2026-04-16T15:27:15","modified_gmt":"2026-04-16T13:27:15","slug":"pruebas-y-alquiler","status":"publish","type":"page","link":"https:\/\/mexpo.eu\/es\/pruebas-y-alquiler\/","title":{"rendered":"Pruebas y alquiler"},"content":{"rendered":"<div class=\"wpb-content-wrapper\"><p>[vc_section full_width=&#8221;stretch_row&#8221; css=&#8221;.vc_custom_1762162986145{margin-top: 0px !important;margin-bottom: 0px !important;border-top-width: 0px !important;border-bottom-width: 0px !important;padding-top: 0px !important;padding-bottom: 0px !important;background-color: #FFFDFA !important;}&#8221;][vc_row full_width=&#8221;stretch_row&#8221; content_placement=&#8221;middle&#8221; css=&#8221;.vc_custom_1762164156755{margin-top: 0px !important;border-top-width: 0px !important;padding-top: 0px !important;padding-bottom: 50px !important;background-color: #F6F1EA !important;}&#8221;][vc_column][vc_single_image image=&#8221;68890&#8243; img_size=&#8221;&#8221; alignment=&#8221;center&#8221; css=&#8221;&#8221;][vc_custom_heading text=&#8221;Elige con conciencia: \u00a1prueba y alquila nuestros sistemas!&#8221; font_container=&#8221;tag:h2|font_size:40|text_align:center&#8221; google_fonts=&#8221;font_family:Roboto%3A100%2C100italic%2C300%2C300italic%2Cregular%2Citalic%2C500%2C500italic%2C700%2C700italic%2C900%2C900italic|font_style:900%20bold%20regular%3A900%3Anormal&#8221; css=&#8221;&#8221;][vc_custom_heading text=&#8221;Toma decisiones sin riesgo. Ofrecemos pruebas gratuitas de nuestros dispositivos directamente en tu propio entorno: comprueba su eficacia antes de invertir. Si necesitas m\u00e1s tiempo o un mayor n\u00famero de equipos, aprovecha nuestra opci\u00f3n de alquiler.&#8221; font_container=&#8221;tag:h2|font_size:20|text_align:center|line_height:1.5&#8243; google_fonts=&#8221;font_family:Roboto%3A100%2C100italic%2C300%2C300italic%2Cregular%2Citalic%2C500%2C500italic%2C700%2C700italic%2C900%2C900italic|font_style:300%20light%20regular%3A300%3Anormal&#8221; css=&#8221;&#8221;][\/vc_column][\/vc_row][vc_row full_width=&#8221;stretch_row&#8221; content_placement=&#8221;middle&#8221; css=&#8221;.vc_custom_1761909098356{padding-top: 70px !important;padding-bottom: 50px !important;}&#8221;][vc_column width=&#8221;1\/2&#8243;][vc_single_image image=&#8221;68891&#8243; img_size=&#8221;&#8221; alignment=&#8221;center&#8221; css=&#8221;&#8221;][\/vc_column][vc_column width=&#8221;1\/2&#8243;][vc_custom_heading text=&#8221;Prueba el sistema gratuitamente&#8221; font_container=&#8221;tag:h2|font_size:28|text_align:left&#8221; google_fonts=&#8221;font_family:Roboto%3A100%2C100italic%2C300%2C300italic%2Cregular%2Citalic%2C500%2C500italic%2C700%2C700italic%2C900%2C900italic|font_style:700%20bold%20regular%3A700%3Anormal&#8221; css=&#8221;&#8221;][vc_column_text css=&#8221;&#8221;]<\/p>\n<p>Creemos que la mejor elecci\u00f3n es una elecci\u00f3n consciente, por eso te ofrecemos la <strong>posibilidad de probar<\/strong> nuestros dispositivos de forma gratuita. Queremos que tomes la mejor decisi\u00f3n, sin dudas ni preocupaciones sobre si el sistema elegido cumplir\u00e1 tus expectativas.<\/p>\n<p>[\/vc_column_text][vc_row_inner content_placement=&#8221;middle&#8221; gap=&#8221;30&#8243;][vc_column_inner width=&#8221;1\/6&#8243;][vc_single_image image=&#8221;68892&#8243; img_size=&#8221;&#8221; alignment=&#8221;center&#8221; css=&#8221;&#8221;][\/vc_column_inner][vc_column_inner width=&#8221;5\/6&#8243; css=&#8221;.vc_custom_1761911647853{padding-left: 0px !important;}&#8221;][vc_column_text css=&#8221;&#8221;]<\/p>\n<p>Recibir\u00e1s <strong>2 o 3 dispositivos <\/strong>de un modelo determinado, junto con todos los accesorios necesarios.<\/p>\n<p>[\/vc_column_text][\/vc_column_inner][\/vc_row_inner][vc_row_inner content_placement=&#8221;middle&#8221; gap=&#8221;30&#8243;][vc_column_inner width=&#8221;1\/6&#8243;][vc_single_image image=&#8221;68893&#8243; img_size=&#8221;&#8221; alignment=&#8221;center&#8221; css=&#8221;&#8221;][\/vc_column_inner][vc_column_inner width=&#8221;5\/6&#8243; css=&#8221;.vc_custom_1761911643939{padding-left: 0px !important;}&#8221;][vc_column_text css=&#8221;&#8221;]<\/p>\n<p>Te damos <strong>de 5 a 7 d\u00edas<\/strong> para probar tranquilamente el equipo y evaluarlo en tu propio entorno.<\/p>\n<p>[\/vc_column_text][\/vc_column_inner][\/vc_row_inner][vc_row_inner content_placement=&#8221;middle&#8221; gap=&#8221;30&#8243;][vc_column_inner width=&#8221;1\/6&#8243;][vc_single_image image=&#8221;68894&#8243; img_size=&#8221;&#8221; alignment=&#8221;center&#8221; css=&#8221;&#8221;][\/vc_column_inner][vc_column_inner width=&#8221;5\/6&#8243; css=&#8221;.vc_custom_1761911640197{padding-left: 0px !important;}&#8221;][vc_column_text css=&#8221;&#8221;]<\/p>\n<p><strong>Te animamos a probar 2 o 3 modelos diferentes al mismo tiempo.<\/strong> Esta posibilidad te permitir\u00e1 comparar y evaluar de forma fiable la funcionalidad y elegir el sistema que mejor se adapte a tus necesidades.<\/p>\n<p>[\/vc_column_text][\/vc_column_inner][\/vc_row_inner][vc_row_inner content_placement=&#8221;middle&#8221; gap=&#8221;30&#8243; css=&#8221;.vc_custom_1761834264131{padding-bottom: 50px !important;}&#8221;][vc_column_inner width=&#8221;1\/6&#8243;][vc_single_image image=&#8221;68895&#8243; img_size=&#8221;&#8221; alignment=&#8221;center&#8221; css=&#8221;&#8221;][\/vc_column_inner][vc_column_inner width=&#8221;5\/6&#8243; css=&#8221;.vc_custom_1761911635898{padding-left: 0px !important;}&#8221;][vc_column_text css=&#8221;&#8221;]<\/p>\n<p>Solo requerimos un <strong>dep\u00f3sito <\/strong> El importe se devuelve \u00edntegramente en cuanto devuelvas el conjunto completo.<\/p>\n<p>[\/vc_column_text][\/vc_column_inner][\/vc_row_inner][vc_btn title=&#8221;Quiero probar el sistema&#8221; style=&#8221;gradient-custom&#8221; gradient_custom_color_1=&#8221;#8BD5EE&#8221; gradient_custom_color_2=&#8221;#8BD5EE&#8221; gradient_text_color=&#8221;#545454&#8243; shape=&#8221;round&#8221; align=&#8221;center&#8221; i_type=&#8221;linecons&#8221; i_icon_linecons=&#8221;vc_li vc_li-mail&#8221; css=&#8221;&#8221; add_icon=&#8221;true&#8221; link=&#8221;url:https%3A%2F%2Fmexpo.eu%2Fes%2Fformulario-pruebas%2F|title:Formularz%20zam%C3%B3wienia%20sprz%C4%99tu%20do%20test%C3%B3w|&#8221;][\/vc_column][\/vc_row][vc_row full_width=&#8221;stretch_row&#8221; content_placement=&#8221;middle&#8221; css=&#8221;.vc_custom_1762162784618{padding-top: 50px !important;padding-bottom: 50px !important;}&#8221;][vc_column width=&#8221;1\/2&#8243;][vc_custom_heading text=&#8221;Alquila por m\u00e1s tiempo&#8221; font_container=&#8221;tag:h2|font_size:28|text_align:left&#8221; google_fonts=&#8221;font_family:Roboto%3A100%2C100italic%2C300%2C300italic%2Cregular%2Citalic%2C500%2C500italic%2C700%2C700italic%2C900%2C900italic|font_style:700%20bold%20regular%3A700%3Anormal&#8221; css=&#8221;&#8221;][vc_column_text css=&#8221;&#8221;]<\/p>\n<p>Si el per\u00edodo de prueba est\u00e1ndar te resulta demasiado corto o necesitas comprobar el equipo m\u00e1s a fondo en tus propias condiciones, aprovecha nuestra opci\u00f3n de alquiler.<\/p>\n<p>[\/vc_column_text][vc_row_inner content_placement=&#8221;middle&#8221; gap=&#8221;30&#8243; css=&#8221;.vc_custom_1761911595298{padding-left: 0px !important;}&#8221;][vc_column_inner width=&#8221;1\/6&#8243;][vc_single_image image=&#8221;68896&#8243; img_size=&#8221;&#8221; alignment=&#8221;center&#8221; css=&#8221;&#8221;][\/vc_column_inner][vc_column_inner width=&#8221;5\/6&#8243; css=&#8221;.vc_custom_1761911631158{padding-left: 0px !important;}&#8221;][vc_column_text css=&#8221;&#8221;]<\/p>\n<p>Recibir\u00e1s un<strong> conjunto completo<\/strong> formado por el n\u00famero de transmisores y receptores que elijas, junto con todos los accesorios necesarios.<\/p>\n<p>[\/vc_column_text][\/vc_column_inner][\/vc_row_inner][vc_row_inner content_placement=&#8221;middle&#8221; gap=&#8221;30&#8243; css=&#8221;.vc_custom_1761911591589{padding-left: 0px !important;}&#8221;][vc_column_inner width=&#8221;1\/6&#8243;][vc_single_image image=&#8221;68897&#8243; img_size=&#8221;&#8221; alignment=&#8221;center&#8221; css=&#8221;&#8221;][\/vc_column_inner][vc_column_inner width=&#8221;5\/6&#8243; css=&#8221;.vc_custom_1761911625904{padding-left: 0px !important;}&#8221;][vc_column_text css=&#8221;.vc_custom_1761911607825{padding-left: 0px !important;}&#8221;]<\/p>\n<p>La duraci\u00f3n del alquiler depende \u00fanicamente de tus necesidades: <strong>ponemos el equipo a tu disposici\u00f3n por el n\u00famero de d\u00edas o incluso meses que desees.<\/strong><\/p>\n<p>[\/vc_column_text][\/vc_column_inner][\/vc_row_inner][vc_row_inner content_placement=&#8221;middle&#8221; gap=&#8221;30&#8243; css=&#8221;.vc_custom_1761906854933{padding-bottom: 50px !important;}&#8221;][vc_column_inner width=&#8221;1\/6&#8243;][vc_single_image image=&#8221;68898&#8243; img_size=&#8221;&#8221; alignment=&#8221;right&#8221; css=&#8221;.vc_custom_1776344273785{margin-top: 0px !important;margin-right: 0px !important;margin-bottom: 0px !important;margin-left: 0px !important;padding-top: 0px !important;padding-right: 0px !important;padding-bottom: 0px !important;padding-left: 0px !important;}&#8221;][\/vc_column_inner][vc_column_inner width=&#8221;5\/6&#8243; css=&#8221;.vc_custom_1761911566298{padding-left: 0px !important;}&#8221;][vc_column_text css=&#8221;.vc_custom_1762172832320{padding-left: 0px !important;}&#8221;]<\/p>\n<p>El precio del alquiler depende del <strong>n\u00famero de receptores y del tiempo<\/strong> durante el que alquilemos el equipo. Cuanto m\u00e1s largo sea el per\u00edodo de alquiler, menor ser\u00e1 el precio.<\/p>\n<p>[\/vc_column_text][\/vc_column_inner][\/vc_row_inner][vc_btn title=&#8221;Quiero alquiler sistema&#8221; style=&#8221;gradient-custom&#8221; gradient_custom_color_1=&#8221;#8BD5EE&#8221; gradient_custom_color_2=&#8221;#8BD5EE&#8221; gradient_text_color=&#8221;#545454&#8243; shape=&#8221;round&#8221; align=&#8221;center&#8221; i_type=&#8221;entypo&#8221; i_icon_entypo=&#8221;entypo-icon entypo-icon-right-open&#8221; css=&#8221;&#8221; add_icon=&#8221;true&#8221; link=&#8221;url:https%3A%2F%2Ftourguidewynajem.pl%2F%23section-kontakt|&#8221;][\/vc_column][vc_column width=&#8221;1\/2&#8243;][vc_single_image image=&#8221;68899&#8243; img_size=&#8221;&#8221; alignment=&#8221;center&#8221; css=&#8221;&#8221;][\/vc_column][\/vc_row][\/vc_section]<\/p>\n<\/div>","protected":false},"excerpt":{"rendered":"<p>[vc_section full_width=&#8221;stretch_row&#8221; css=&#8221;.vc_custom_1762162986145{margin-top: 0px !important;margin-bottom: 0px !important;border-top-width: 0px !important;border-bottom-width: 0px !important;padding-top: 0px !important;padding-bottom: 0px !important;background-color: #FFFDFA !important;}&#8221;][vc_row full_width=&#8221;stretch_row&#8221; content_placement=&#8221;middle&#8221; css=&#8221;.vc_custom_1762164156755{margin-top: 0px !important;border-top-width: 0px !important;padding-top: 0px !important;padding-bottom: 50px !important;background-color: #F6F1EA !important;}&#8221;][vc_column][vc_single_image<\/p>\n","protected":false},"author":338,"featured_media":0,"parent":0,"menu_order":0,"comment_status":"closed","ping_status":"closed","template":"","meta":{"_acf_changed":false,"footnotes":""},"class_list":["post-68900","page","type-page","status-publish","hentry"],"acf":[],"_links":{"self":[{"href":"https:\/\/mexpo.eu\/es\/wp-json\/wp\/v2\/pages\/68900","targetHints":{"allow":["GET"]}}],"collection":[{"href":"https:\/\/mexpo.eu\/es\/wp-json\/wp\/v2\/pages"}],"about":[{"href":"https:\/\/mexpo.eu\/es\/wp-json\/wp\/v2\/types\/page"}],"author":[{"embeddable":true,"href":"https:\/\/mexpo.eu\/es\/wp-json\/wp\/v2\/users\/338"}],"replies":[{"embeddable":true,"href":"https:\/\/mexpo.eu\/es\/wp-json\/wp\/v2\/comments?post=68900"}],"version-history":[{"count":6,"href":"https:\/\/mexpo.eu\/es\/wp-json\/wp\/v2\/pages\/68900\/revisions"}],"predecessor-version":[{"id":68920,"href":"https:\/\/mexpo.eu\/es\/wp-json\/wp\/v2\/pages\/68900\/revisions\/68920"}],"wp:attachment":[{"href":"https:\/\/mexpo.eu\/es\/wp-json\/wp\/v2\/media?parent=68900"}],"curies":[{"name":"wp","href":"https:\/\/api.w.org\/{rel}","templated":true}]}}